{"id":74,"date":"2023-11-20T17:00:21","date_gmt":"2023-11-20T16:00:21","guid":{"rendered":"https:\/\/azubiwerk.de\/?page_id=74"},"modified":"2025-04-22T13:11:31","modified_gmt":"2025-04-22T11:11:31","slug":"impressum","status":"publish","type":"page","link":"https:\/\/azubiwerk.de\/tr\/impressum\/","title":{"rendered":"K\u00fcnye"},"content":{"rendered":"<div class=\"wp-block-group\"><div class=\"wp-block-group__inner-container is-layout-constrained wp-block-group-is-layout-constrained\">\n<h1 class=\"wp-block-heading\">K\u00fcnye<\/h1>\n\n\n\n<h2 class=\"wp-block-heading\">TMG \u00a7 5 uyar\u0131nca bilgiler:<\/h2>\n\n\n\n<p>Stiftung Auszubildendenwerk<br>(medeni hukuk kapsam\u0131nda vak\u0131f)<br>\u00c7eki\u00e7 Str. 8<br>22041 Hamburg<\/p>\n\n\n\n<h2 class=\"wp-block-heading\">Temsilci:<\/h2>\n\n\n\n<p>Olaf Schwede (Stellvertretender Vorsitzender des Vorstandes)<\/p>\n\n\n\n<h2 class=\"wp-block-heading\">\u0130leti\u015fim:<\/h2>\n\n\n\n<figure class=\"wp-block-table\"><table><tbody><tr><td>Telefon:<\/td><td>+49 40 607 71 44-70<\/td><\/tr><tr><td>E-posta:<\/td><td>info@azubiwerk-hamburg.de<\/td><\/tr><\/tbody><\/table><\/figure>\n\n\n\n<h2 class=\"wp-block-heading\">Denetim makam\u0131:<\/h2>\n\n\n\n<p>H\u00fcr ve Hansa Kenti Hamburg'un Vak\u0131f \u0130\u015fleri Departman\u0131na ba\u011fl\u0131 Ceza ve Hukuk Dairesi<\/p>\n\n\n\n<h2 class=\"wp-block-heading\">Mesleki tazminat sigortas\u0131n\u0131n detaylar\u0131:<\/h2>\n\n\n\n<p>\u015eirketin ad\u0131 ve kay\u0131tl\u0131 ofisi:<\/p>\n\n\n\n<p>Signal Iduna Allgemeine Versicherung AG<br>Joseph-Scherer-Strasse 3<br>44139 Dortmund<\/p>\n\n\n\n<p>Sigortan\u0131n ge\u00e7erlilik alan\u0131: Almanya<\/p>\n\n\n\n<h2 class=\"wp-block-heading\">\u00a7 55 Abs. 2 RStV uyar\u0131nca i\u00e7erikten sorumludur:<\/h2>\n\n\n\n<p>Olaf Schwede (Stellvertretender Vorsitzender des Vorstandes)<\/p>\n\n\n\n<h2 class=\"wp-block-heading\">AB uyu\u015fmazl\u0131k \u00e7\u00f6z\u00fcm\u00fcne at\u0131f<\/h2>\n\n\n\n<p>Avrupa Komisyonu, \u00e7evrimi\u00e7i uyu\u015fmazl\u0131k \u00e7\u00f6z\u00fcm\u00fc (OS) i\u00e7in bir platform sa\u011flamaktad\u0131r:&nbsp;<a href=\"http:\/\/ec.europa.eu\/consumers\/odr\">http:\/\/ec.europa.eu\/consumers\/odr<\/a><br>E-posta adresimizi yukar\u0131daki yasal bildirimde bulabilirsiniz.<\/p>\n<\/div><\/div>","protected":false},"excerpt":{"rendered":"<p>Impressum Angaben gem\u00e4\u00df \u00a7 5 TMG: Stiftung Auszubildendenwerk(Stiftung b\u00fcrgerlichen Rechts)Hammer Str. 822041 Hamburg Vertreten durch: Olaf Schwede (Stellvertretender Vorsitzender des Vorstandes) Kontakt: Telefon: +49 40 607 71 44-70 E-Mail: info@azubiwerk-hamburg.de Aufsichtsbeh\u00f6rde: Amt f\u00fcr Justizvollzug und Recht im Referat Stiftungsangelegenheiten der Freien und Hansestadt Hamburg Angaben zur Berufshaftpflichtversicherung: Name und Sitz der Gesellschaft: Signal Iduna Allgemeine&hellip;&nbsp;<a href=\"https:\/\/azubiwerk.de\/tr\/impressum\/\" rel=\"bookmark\">DAHA FAZLASI<span class=\"screen-reader-text\">K\u00fcnye<\/span><\/a><\/p>","protected":false},"author":1,"featured_media":0,"parent":0,"menu_order":0,"comment_status":"closed","ping_status":"closed","template":"","meta":{"neve_meta_sidebar":"","neve_meta_container":"","neve_meta_enable_content_width":"","neve_meta_content_width":0,"neve_meta_title_alignment":"","neve_meta_author_avatar":"","neve_post_elements_order":"","neve_meta_disable_header":"","neve_meta_disable_footer":"","neve_meta_disable_title":"","neve_meta_reading_time":"","footnotes":""},"class_list":["post-74","page","type-page","status-publish","hentry"],"_links":{"self":[{"href":"https:\/\/azubiwerk.de\/tr\/wp-json\/wp\/v2\/pages\/74","targetHints":{"allow":["GET"]}}],"collection":[{"href":"https:\/\/azubiwerk.de\/tr\/wp-json\/wp\/v2\/pages"}],"about":[{"href":"https:\/\/azubiwerk.de\/tr\/wp-json\/wp\/v2\/types\/page"}],"author":[{"embeddable":true,"href":"https:\/\/azubiwerk.de\/tr\/wp-json\/wp\/v2\/users\/1"}],"replies":[{"embeddable":true,"href":"https:\/\/azubiwerk.de\/tr\/wp-json\/wp\/v2\/comments?post=74"}],"version-history":[{"count":8,"href":"https:\/\/azubiwerk.de\/tr\/wp-json\/wp\/v2\/pages\/74\/revisions"}],"predecessor-version":[{"id":2399,"href":"https:\/\/azubiwerk.de\/tr\/wp-json\/wp\/v2\/pages\/74\/revisions\/2399"}],"wp:attachment":[{"href":"https:\/\/azubiwerk.de\/tr\/wp-json\/wp\/v2\/media?parent=74"}],"curies":[{"name":"wp","href":"https:\/\/api.w.org\/{rel}","templated":true}]}}