{"id":2189,"date":"2024-09-06T11:15:51","date_gmt":"2024-09-06T09:15:51","guid":{"rendered":"https:\/\/azubiwerk.de\/?page_id=2189"},"modified":"2024-09-06T11:37:17","modified_gmt":"2024-09-06T09:37:17","slug":"informationen-fuer-anwohnerinnen","status":"publish","type":"page","link":"https:\/\/azubiwerk.de\/tr\/standorte\/altona\/informationen-fuer-anwohnerinnen\/","title":{"rendered":"Informationen f\u00fcr Anwohner:innen"},"content":{"rendered":"<p><strong>Moin Altona!<\/strong><br><br>Wir vom Azubiwerk sind in den letzten Tagen in euren wundersch\u00f6nen Stadtteil mit bald 140 Azubis eingezogen. Vielleicht ist Euch schon abends unsere beleuchtete Dachterasse aufgefallen. <\/p>\n\n\n\n<p>Wir freuen uns auf eine harmonische Zeit mit neuer Nachbarschaft!<br><br>Solltet ihr Fragen haben oder sollten Probleme auftreten, dann k\u00f6nnt ihr uns gerne anrufen (Tel.: 040 607714470), unser <a href=\"https:\/\/azubiwerk.de\/tr\/kontakt\/\" target=\"_blank\" rel=\"noreferrer noopener\">\u0130leti\u015fim formu<\/a> nutzen oder Euch auf dieser Homepage \u00fcber uns schlau machen. Unser Empfangsbereich im Erdgeschoss des neuen Hauses wird gerade noch fertiggestellt. Nach Fertigstellung sind wir nat\u00fcrlich auch dort f\u00fcr Euch erreichbar.<br><br>Viele Gr\u00fc\u00dfe vom Team Azubiwerk &amp; unseren Azubis<\/p>","protected":false},"excerpt":{"rendered":"<p>Moin Altona! Wir vom Azubiwerk sind in den letzten Tagen in euren wundersch\u00f6nen Stadtteil mit bald 140 Azubis eingezogen. Vielleicht ist Euch schon abends unsere beleuchtete Dachterasse aufgefallen. Wir freuen uns auf eine harmonische Zeit mit neuer Nachbarschaft! Solltet ihr Fragen haben oder sollten Probleme auftreten, dann k\u00f6nnt ihr uns gerne anrufen (Tel.: 040 607714470),&hellip;&nbsp;<a href=\"https:\/\/azubiwerk.de\/tr\/standorte\/altona\/informationen-fuer-anwohnerinnen\/\" rel=\"bookmark\">DAHA FAZLASI<span class=\"screen-reader-text\">Informationen f\u00fcr Anwohner:innen<\/span><\/a><\/p>","protected":false},"author":1,"featured_media":0,"parent":1199,"menu_order":0,"comment_status":"closed","ping_status":"closed","template":"","meta":{"neve_meta_sidebar":"","neve_meta_container":"","neve_meta_enable_content_width":"","neve_meta_content_width":0,"neve_meta_title_alignment":"","neve_meta_author_avatar":"","neve_post_elements_order":"","neve_meta_disable_header":"","neve_meta_disable_footer":"","neve_meta_disable_title":"","neve_meta_reading_time":"","footnotes":""},"class_list":["post-2189","page","type-page","status-publish","hentry"],"_links":{"self":[{"href":"https:\/\/azubiwerk.de\/tr\/wp-json\/wp\/v2\/pages\/2189","targetHints":{"allow":["GET"]}}],"collection":[{"href":"https:\/\/azubiwerk.de\/tr\/wp-json\/wp\/v2\/pages"}],"about":[{"href":"https:\/\/azubiwerk.de\/tr\/wp-json\/wp\/v2\/types\/page"}],"author":[{"embeddable":true,"href":"https:\/\/azubiwerk.de\/tr\/wp-json\/wp\/v2\/users\/1"}],"replies":[{"embeddable":true,"href":"https:\/\/azubiwerk.de\/tr\/wp-json\/wp\/v2\/comments?post=2189"}],"version-history":[{"count":5,"href":"https:\/\/azubiwerk.de\/tr\/wp-json\/wp\/v2\/pages\/2189\/revisions"}],"predecessor-version":[{"id":2296,"href":"https:\/\/azubiwerk.de\/tr\/wp-json\/wp\/v2\/pages\/2189\/revisions\/2296"}],"up":[{"embeddable":true,"href":"https:\/\/azubiwerk.de\/tr\/wp-json\/wp\/v2\/pages\/1199"}],"wp:attachment":[{"href":"https:\/\/azubiwerk.de\/tr\/wp-json\/wp\/v2\/media?parent=2189"}],"curies":[{"name":"wp","href":"https:\/\/api.w.org\/{rel}","templated":true}]}}