{"id":1413,"date":"2024-02-07T18:31:41","date_gmt":"2024-02-07T17:31:41","guid":{"rendered":"https:\/\/azubiwerk.de\/?page_id=1413"},"modified":"2025-04-22T13:07:20","modified_gmt":"2025-04-22T11:07:20","slug":"zimmer","status":"publish","type":"page","link":"https:\/\/azubiwerk.de\/tr\/zimmer\/","title":{"rendered":"Oda"},"content":{"rendered":"<h2 class=\"wp-block-heading\">Odalar\u0131m\u0131z hakk\u0131nda bilgi<\/h2>\n\n\n\n<p>T\u00fcm odalar\u0131m\u0131z tamamen mobilyal\u0131 olarak sunulmakta ve genellikle di\u011fer stajyerlerle payla\u015f\u0131lmaktad\u0131r.<br>Her daire payla\u015f\u0131m\u0131nda tam donan\u0131ml\u0131 bir mutfak ve tam bir banyo bulunmaktad\u0131r.<br>Kira ve yan masraflar, t\u00fcm mobilya, i\u015fletme ve \u0131s\u0131nma masraflar\u0131n\u0131 i\u00e7eren sabit bir \u00fccret \u00fczerinden tahsil edilmektedir.<\/p>\n\n\n\n<div class=\"wp-block-group\"><div class=\"wp-block-group__inner-container is-layout-constrained wp-block-group-is-layout-constrained\">\n<figure class=\"wp-block-table is-style-regular tabelle-zimmer has-medium-font-size\" style=\"text-transform:none\"><table class=\"has-nv-c-2-background-color has-background has-fixed-layout\" style=\"border-style:none;border-width:0px\"><thead><tr><th class=\"has-text-align-center\" data-align=\"center\"><\/th><th class=\"has-text-align-center\" data-align=\"center\"><strong>Wandsbek<\/strong><\/th><th class=\"has-text-align-center\" data-align=\"center\"><strong>Harburg<\/strong><\/th><th class=\"has-text-align-center\" data-align=\"center\"><strong>M\u00fcnzviertel<\/strong><\/th><th class=\"has-text-align-center\" data-align=\"center\"><strong>Altona<\/strong><\/th><\/tr><\/thead><tbody><tr><td class=\"has-text-align-center\" data-align=\"center\"><strong>Ya\u015f s\u0131n\u0131r\u0131<\/strong><\/td><td class=\"has-text-align-center\" data-align=\"center\">16 - 26 ya\u015f aras\u0131<\/td><td class=\"has-text-align-center\" data-align=\"center\">18 - 26 ya\u015f aras\u0131<\/td><td class=\"has-text-align-center\" data-align=\"center\">18 - 26 ya\u015f aras\u0131<\/td><td class=\"has-text-align-center\" data-align=\"center\">18 - 26 ya\u015f aras\u0131<\/td><\/tr><tr><td class=\"has-text-align-center\" data-align=\"center\"><strong>Kiral\u0131k<\/strong> (1)<\/td><td class=\"has-text-align-center\" data-align=\"center\"><\/td><td class=\"has-text-align-center\" data-align=\"center\"><\/td><td class=\"has-text-align-center\" data-align=\"center\"><\/td><td class=\"has-text-align-center\" data-align=\"center\"><\/td><\/tr><tr><td class=\"has-text-align-center\" data-align=\"center\"><strong>Tek daire<\/strong><\/td><td class=\"has-text-align-center\" data-align=\"center\">258 \u20ac<br>art\u0131 210 - 241 \u20ac NK<\/td><td class=\"has-text-align-center\" data-align=\"center\">270,38 \u20ac<br>art\u0131 205,62 \u20ac NK<\/td><td class=\"has-text-align-center\" data-align=\"center\">274 \u20ac<br>art\u0131 241 \u20ac NK<\/td><td class=\"has-text-align-center\" data-align=\"center\">&#8211;<\/td><\/tr><tr><td class=\"has-text-align-center\" data-align=\"center\"><strong>Ortak dairede 2 ki\u015filik oda<\/strong><\/td><td class=\"has-text-align-center\" data-align=\"center\">247 \u20ac<br>art\u0131 195 - 219 \u20ac NK<\/td><td class=\"has-text-align-center\" data-align=\"center\">257,8 \u20ac<br>art\u0131 205,62 \u20ac NK<\/td><td class=\"has-text-align-center\" data-align=\"center\">260 \u20ac<br>art\u0131 195 NK \u20ac<\/td><td class=\"has-text-align-center\" data-align=\"center\">264,50 \u20ac<br>art\u0131 195,50 \u20ac NK<\/td><\/tr><tr><td class=\"has-text-align-center\" data-align=\"center\"><strong>Ortak dairede 3 ki\u015filik oda<\/strong><\/td><td class=\"has-text-align-center\" data-align=\"center\">238 \u20ac<br>art\u0131 195 - 210 \u20ac NK<\/td><td class=\"has-text-align-center\" data-align=\"center\">250,38 \u20ac<br>art\u0131 205,62 \u20ac NK<\/td><td class=\"has-text-align-center\" data-align=\"center\">254 \u20ac<br>art\u0131 195 NK \u20ac<\/td><td class=\"has-text-align-center\" data-align=\"center\">258 \u20ac<br>art\u0131 \u20ac 202 NK<\/td><\/tr><tr><td class=\"has-text-align-center\" data-align=\"center\"><strong>Ortak dairede 4 ki\u015filik oda<\/strong><\/td><td class=\"has-text-align-center\" data-align=\"center\">238 \u20ac<br>art\u0131 195 - 225 \u20ac NK<\/td><td class=\"has-text-align-center\" data-align=\"center\">250,38 \u20ac<br>art\u0131 205,62 \u20ac NK<\/td><td class=\"has-text-align-center\" data-align=\"center\">&#8211;<\/td><td class=\"has-text-align-center\" data-align=\"center\">&#8211;<\/td><\/tr><tr><td class=\"has-text-align-center\" data-align=\"center\"><strong>Bisiklet park alan\u0131<br>(s\u0131n\u0131rl\u0131 kullan\u0131labilirlik)<\/strong><\/td><td class=\"has-text-align-center\" data-align=\"center\">\u00fccretsiz<\/td><td class=\"has-text-align-center\" data-align=\"center\">4,12 \u20ac \/ ay<\/td><td class=\"has-text-align-center\" data-align=\"center\">\u00fccretsiz<\/td><td class=\"has-text-align-center\" data-align=\"center\">\u00fccretsiz<\/td><\/tr><tr><td class=\"has-text-align-center\" data-align=\"center\"><strong>Ara\u00e7 park yeri<br>(s\u0131n\u0131rl\u0131 kullan\u0131labilirlik)<\/strong><\/td><td class=\"has-text-align-center\" data-align=\"center\">Yeralt\u0131 otopark\u0131<br>53,00 \u20ac \/ ay<\/td><td class=\"has-text-align-center\" data-align=\"center\">A\u00e7\u0131k otopark<br>53,00 \u20ac \/ ay<\/td><td class=\"has-text-align-center\" data-align=\"center\">Yeralt\u0131 otopark\u0131<br>160 \u20ac \/ Monat<\/td><td class=\"has-text-align-center\" data-align=\"center\">Bilgilendirme yap\u0131lacakt\u0131r.<\/td><\/tr><tr><td class=\"has-text-align-center\" data-align=\"center\"><strong>Motosiklet park alan\u0131<br>(s\u0131n\u0131rl\u0131 kullan\u0131labilirlik)<\/strong><\/td><td class=\"has-text-align-center\" data-align=\"center\">Yeralt\u0131 otopark\u0131<br>18,00 \u20ac \/ ay<\/td><td class=\"has-text-align-center\" data-align=\"center\">&#8211;<\/td><td class=\"has-text-align-center\" data-align=\"center\">Yeralt\u0131 otopark\u0131<br>100 \u20ac \/ Monat<\/td><td class=\"has-text-align-center\" data-align=\"center\">Bilgilendirme yap\u0131lacakt\u0131r.<\/td><\/tr><tr><td class=\"has-text-align-center\" data-align=\"center\"><strong>Ekipman - Genel<\/strong><\/td><td class=\"has-text-align-center\" data-align=\"center\"><\/td><td class=\"has-text-align-center\" data-align=\"center\"><\/td><td class=\"has-text-align-center\" data-align=\"center\"><\/td><td class=\"has-text-align-center\" data-align=\"center\"><\/td><\/tr><tr><td class=\"has-text-align-center\" data-align=\"center\"><strong>WLAN (dahil)<\/strong><\/td><td class=\"has-text-align-center\" data-align=\"center\">\u2713<\/td><td class=\"has-text-align-center\" data-align=\"center\">\u2713<\/td><td class=\"has-text-align-center\" data-align=\"center\">\u2713<\/td><td class=\"has-text-align-center\" data-align=\"center\">\u2713<\/td><\/tr><tr><td class=\"has-text-align-center\" data-align=\"center\"><strong>Kurutmal\u0131 \u00e7ama\u015f\u0131r odas\u0131<br>(ek maliyetler, uygulama \u00fczerinden kontrol)<\/strong><\/td><td class=\"has-text-align-center\" data-align=\"center\">\u2713<\/td><td class=\"has-text-align-center\" data-align=\"center\">\u2713<\/td><td class=\"has-text-align-center\" data-align=\"center\">\u2713<\/td><td class=\"has-text-align-center\" data-align=\"center\">\u2713<\/td><\/tr><tr><td class=\"has-text-align-center\" data-align=\"center\"><strong>Tesisler - Oda<\/strong><\/td><td class=\"has-text-align-center\" data-align=\"center\"><\/td><td class=\"has-text-align-center\" data-align=\"center\"><\/td><td class=\"has-text-align-center\" data-align=\"center\"><\/td><td class=\"has-text-align-center\" data-align=\"center\"><\/td><\/tr><tr><td class=\"has-text-align-center\" data-align=\"center\"><strong>Yatak<br>(\u00e7\u0131tal\u0131 \u00e7er\u00e7eve ve yatak dahil)<\/strong><\/td><td class=\"has-text-align-center\" data-align=\"center\">90 cm x 200 cm<\/td><td class=\"has-text-align-center\" data-align=\"center\">140 cm x 200 cm<\/td><td class=\"has-text-align-center\" data-align=\"center\">140 cm x 200 cm<\/td><td class=\"has-text-align-center\" data-align=\"center\">140 cm x 200 cm<\/td><\/tr><tr><td class=\"has-text-align-center\" data-align=\"center\"><strong>Gard\u0131rop<\/strong><\/td><td class=\"has-text-align-center\" data-align=\"center\">80cm geni\u015fli\u011finde<\/td><td class=\"has-text-align-center\" data-align=\"center\">200 cm geni\u015fli\u011finde<\/td><td class=\"has-text-align-center\" data-align=\"center\">200 cm geni\u015fli\u011finde<\/td><td class=\"has-text-align-center\" data-align=\"center\">200 cm geni\u015fli\u011finde<\/td><\/tr><tr><td class=\"has-text-align-center\" data-align=\"center\"><strong>\u00c7al\u0131\u015fma Masas\u0131<\/strong><\/td><td class=\"has-text-align-center\" data-align=\"center\">\u2713<\/td><td class=\"has-text-align-center\" data-align=\"center\">\u2713<\/td><td class=\"has-text-align-center\" data-align=\"center\">\u2713<\/td><td class=\"has-text-align-center\" data-align=\"center\">\u2713<\/td><\/tr><tr><td class=\"has-text-align-center\" data-align=\"center\"><strong>Masa sandalye<\/strong><\/td><td class=\"has-text-align-center\" data-align=\"center\">\u2713<\/td><td class=\"has-text-align-center\" data-align=\"center\">\u2713<\/td><td class=\"has-text-align-center\" data-align=\"center\">\u2713<\/td><td class=\"has-text-align-center\" data-align=\"center\">\u2713<\/td><\/tr><tr><td class=\"has-text-align-center\" data-align=\"center\"><strong>Odada LAN ba\u011flant\u0131s\u0131<\/strong><\/td><td class=\"has-text-align-center\" data-align=\"center\">\u2713<\/td><td class=\"has-text-align-center\" data-align=\"center\">\u2713<\/td><td class=\"has-text-align-center\" data-align=\"center\">\u2713<\/td><td class=\"has-text-align-center\" data-align=\"center\">\u2713<\/td><\/tr><tr><td class=\"has-text-align-center\" data-align=\"center\"><strong>Sabit telefon<\/strong><\/td><td class=\"has-text-align-center\" data-align=\"center\">Evet<br>&nbsp;Sabit \u00fccret dahildir<\/td><td class=\"has-text-align-center\" data-align=\"center\">Evet<br>Sabit \u00fccret dahildir<\/td><td class=\"has-text-align-center\" data-align=\"center\">Hay\u0131r<\/td><td class=\"has-text-align-center\" data-align=\"center\">Hay\u0131r<\/td><\/tr><tr><td class=\"has-text-align-center\" data-align=\"center\"><strong>\u00c7ekmeceli dolap<\/strong><\/td><td class=\"has-text-align-center\" data-align=\"center\">\u2713<\/td><td class=\"has-text-align-center\" data-align=\"center\">\u2713<\/td><td class=\"has-text-align-center\" data-align=\"center\">\u2713<\/td><td class=\"has-text-align-center\" data-align=\"center\">\u2713<\/td><\/tr><tr><td class=\"has-text-align-center\" data-align=\"center\"><strong>Odada TV ba\u011flant\u0131s\u0131<\/strong><\/td><td class=\"has-text-align-center\" data-align=\"center\">\u2713<\/td><td class=\"has-text-align-center\" data-align=\"center\">\u2713<\/td><td class=\"has-text-align-center\" data-align=\"center\">\u2713<\/td><td class=\"has-text-align-center\" data-align=\"center\">\u2713<\/td><\/tr><tr><td class=\"has-text-align-center\" data-align=\"center\"><strong>Komodin<\/strong><\/td><td class=\"has-text-align-center\" data-align=\"center\">\u2713<\/td><td class=\"has-text-align-center\" data-align=\"center\">\u2713<\/td><td class=\"has-text-align-center\" data-align=\"center\">\u2713<\/td><td class=\"has-text-align-center\" data-align=\"center\">\u2713<\/td><\/tr><tr><td class=\"has-text-align-center\" data-align=\"center\"><strong>Perdeler<\/strong><\/td><td class=\"has-text-align-center\" data-align=\"center\">\u2713<\/td><td class=\"has-text-align-center\" data-align=\"center\">\u2713<\/td><td class=\"has-text-align-center\" data-align=\"center\">\u2713<\/td><td class=\"has-text-align-center\" data-align=\"center\">\u2713<\/td><\/tr><tr><td class=\"has-text-align-center\" data-align=\"center\"><strong><strong>Ekipman - Mutfak<\/strong><\/strong><\/td><td class=\"has-text-align-center\" data-align=\"center\"><\/td><td class=\"has-text-align-center\" data-align=\"center\"><\/td><td class=\"has-text-align-center\" data-align=\"center\"><\/td><td class=\"has-text-align-center\" data-align=\"center\"><\/td><\/tr><tr><td class=\"has-text-align-center\" data-align=\"center\"><strong>Buzdolab\u0131<\/strong><\/td><td class=\"has-text-align-center\" data-align=\"center\">\u2713<\/td><td class=\"has-text-align-center\" data-align=\"center\">\u2713<\/td><td class=\"has-text-align-center\" data-align=\"center\">\u2713<\/td><td class=\"has-text-align-center\" data-align=\"center\">\u2713<\/td><\/tr><tr><td class=\"has-text-align-center\" data-align=\"center\"><strong>F\u0131r\u0131n<\/strong><\/td><td class=\"has-text-align-center\" data-align=\"center\">\u2713 (2)<\/td><td class=\"has-text-align-center\" data-align=\"center\">\u2713<\/td><td class=\"has-text-align-center\" data-align=\"center\">\u2713<\/td><td class=\"has-text-align-center\" data-align=\"center\">\u2713<\/td><\/tr><tr><td class=\"has-text-align-center\" data-align=\"center\"><strong>Ocak<\/strong><\/td><td class=\"has-text-align-center\" data-align=\"center\">Elektrikli ocak<\/td><td class=\"has-text-align-center\" data-align=\"center\">\u0130nd\u00fcksiyonlu ocak<\/td><td class=\"has-text-align-center\" data-align=\"center\">\u0130nd\u00fcksiyonlu ocak<\/td><td class=\"has-text-align-center\" data-align=\"center\">\u0130nd\u00fcksiyonlu ocak<\/td><\/tr><tr><td class=\"has-text-align-center\" data-align=\"center\"><strong>Bula\u015f\u0131k Makinesi<\/strong><\/td><td class=\"has-text-align-center\" data-align=\"center\">\u2713 (3)<\/td><td class=\"has-text-align-center\" data-align=\"center\">\u2713<\/td><td class=\"has-text-align-center\" data-align=\"center\">\u2713<\/td><td class=\"has-text-align-center\" data-align=\"center\">\u2713<\/td><\/tr><tr><td class=\"has-text-align-center\" data-align=\"center\"><strong>Mikrodalga<\/strong><\/td><td class=\"has-text-align-center\" data-align=\"center\">\u2713<\/td><td class=\"has-text-align-center\" data-align=\"center\">\u2713<\/td><td class=\"has-text-align-center\" data-align=\"center\">\u2713<\/td><td class=\"has-text-align-center\" data-align=\"center\">\u2713<\/td><\/tr><tr><td class=\"has-text-align-center\" data-align=\"center\"><strong>Lavabo \u00fcnitesi<\/strong><\/td><td class=\"has-text-align-center\" data-align=\"center\">\u2713<\/td><td class=\"has-text-align-center\" data-align=\"center\">\u2713<\/td><td class=\"has-text-align-center\" data-align=\"center\">\u2713<\/td><td class=\"has-text-align-center\" data-align=\"center\">\u2713<\/td><\/tr><tr><td class=\"has-text-align-center\" data-align=\"center\"><strong>Ortak odalar<\/strong><\/td><td class=\"has-text-align-center\" data-align=\"center\"><\/td><td class=\"has-text-align-center\" data-align=\"center\"><\/td><td class=\"has-text-align-center\" data-align=\"center\"><\/td><td class=\"has-text-align-center\" data-align=\"center\"><\/td><\/tr><\/tbody><\/table><\/figure>\n\n\n\n<ul style=\"padding-top:var(--wp--preset--spacing--60);padding-right:var(--wp--preset--spacing--60);padding-bottom:var(--wp--preset--spacing--60);padding-left:var(--wp--preset--spacing--60)\" class=\"wp-block-list has-neve-link-color-color has-nv-c-2-background-color has-text-color has-background has-link-color wp-elements-8dc60a11b150eeec888549010f7cba8d\">\n<li>Wandsbek: Geni\u015f ortak salonda bir i\u00e7ecek bar\u0131, m\u00fczik ve ayd\u0131nlatma sistemi, lang\u0131rt ve bilardo masas\u0131 ile masa tenisi masas\u0131 bulunmaktad\u0131r. Ayr\u0131ca kanepeler, masalar ve sandalyeler de vard\u0131r. Salonda projekt\u00f6rl\u00fc b\u00fcy\u00fck bir ekran, \u00e7at\u0131 teras\u0131nda ise bar, barbek\u00fc ve oturma alanlar\u0131 bulunmaktad\u0131r.<\/li>\n\n\n\n<li>Harburg: Harburg'da toplam 3 ortak oda ve bir \u00e7at\u0131 teras\u0131 hizmetinizdedir. Ortak odalarda \u015funlar bulunmaktad\u0131r: 2 ortak mutfak, bir i\u00e7ecek bar\u0131, geni\u015f bir kanepe alan\u0131, ekranl\u0131 bir projekt\u00f6r, \u0131\u015f\u0131k ve ses sistemlerinin yan\u0131 s\u0131ra masalar ve bar tabureleri. \u00c7at\u0131 teras\u0131nda barbek\u00fc, oturma alan\u0131 ve k\u00fc\u00e7\u00fck bir bar bulunmaktad\u0131r.<\/li>\n\n\n\n<li>M\u00fcnzviertel: <em>Konut binas\u0131n\u0131n kendisinde ortak kullan\u0131m alanlar\u0131 bulunmayacakt\u0131r. Bunun yerine, vak\u0131f merkezimizde \u00e7ok \u00e7e\u015fitli ortak kullan\u0131m alanlar\u0131 sunuyoruz. Burada \u00f6rne\u011fin bir bar, kanepeler, lang\u0131rt ve\/veya bilardo masalar\u0131, k\u00fc\u00e7\u00fck bir sinema, ses ve \u0131\u015f\u0131k sistemleri (\u015fu anda yap\u0131m a\u015famas\u0131nda) bulacaks\u0131n\u0131z<\/em>.<\/li>\n\n\n\n<li>Altona: En \u00fcst kat, \u00e7al\u0131\u015fma odas\u0131, ortak mutfak, bar, lang\u0131rt ve geni\u015f \u00e7at\u0131 teras\u0131 ile \u00e7ok y\u00f6nl\u00fc ortak alanlar sunmaktad\u0131r.<\/li>\n<\/ul>\n\n\n\n<ol style=\"padding-top:var(--wp--preset--spacing--60);padding-right:var(--wp--preset--spacing--60);padding-bottom:var(--wp--preset--spacing--60);padding-left:var(--wp--preset--spacing--60)\" class=\"wp-block-list has-nv-text-dark-bg-color has-neve-link-color-background-color has-text-color has-background has-link-color wp-elements-a2151548939da630432a9879ad110b95\">\n<li><em>Kira, mobilya dahil temel kira art\u0131 ek masraflar (NK) olarak belirtilmi\u015ftir.<br>Ek masraflar sabit fiyatl\u0131d\u0131r ve t\u00fcm ek masraflar\u0131 (\u0131s\u0131tma, su, elektrik, internet, TV, telefon) i\u00e7erir.<\/em><\/li>\n\n\n\n<li><em>Ortak dairelerde ve tek dairelerde mevcut de\u011fildir.<\/em><\/li>\n\n\n\n<li><em>Bireysel dairelerde mevcut de\u011fildir.<\/em><\/li>\n<\/ol>\n<\/div><\/div>","protected":false},"excerpt":{"rendered":"<p>Odalar\u0131m\u0131z hakk\u0131nda bilgi T\u00fcm odalar\u0131m\u0131z tamamen mobilyal\u0131 olarak sunulmaktad\u0131r ve genellikle di\u011fer stajyerlerle ortak dairelerde yer almaktad\u0131r. her ortak dairede tam donan\u0131ml\u0131 bir mutfak ve tam banyo bulunmaktad\u0131r. kira ve yan masraflar, mobilya, i\u015fletme ve \u0131s\u0131tma masraflar\u0131 i\u00e7in t\u00fcm masraflar dahil olmak \u00fczere sabit bir oranda tahsil edilir. Wandsbek Harburg M\u00fcnzviertel Altona Ya\u015f s\u0131n\u0131r\u0131 16 - 26 ya\u015f 18...&nbsp;<a href=\"https:\/\/azubiwerk.de\/tr\/zimmer\/\" rel=\"bookmark\">DAHA FAZLASI<span class=\"screen-reader-text\">Oda<\/span><\/a><\/p>","protected":false},"author":1,"featured_media":0,"parent":0,"menu_order":0,"comment_status":"closed","ping_status":"closed","template":"","meta":{"neve_meta_sidebar":"","neve_meta_container":"","neve_meta_enable_content_width":"","neve_meta_content_width":0,"neve_meta_title_alignment":"","neve_meta_author_avatar":"","neve_post_elements_order":"","neve_meta_disable_header":"","neve_meta_disable_footer":"","neve_meta_disable_title":"","neve_meta_reading_time":"","footnotes":""},"class_list":["post-1413","page","type-page","status-publish","hentry"],"_links":{"self":[{"href":"https:\/\/azubiwerk.de\/tr\/wp-json\/wp\/v2\/pages\/1413","targetHints":{"allow":["GET"]}}],"collection":[{"href":"https:\/\/azubiwerk.de\/tr\/wp-json\/wp\/v2\/pages"}],"about":[{"href":"https:\/\/azubiwerk.de\/tr\/wp-json\/wp\/v2\/types\/page"}],"author":[{"embeddable":true,"href":"https:\/\/azubiwerk.de\/tr\/wp-json\/wp\/v2\/users\/1"}],"replies":[{"embeddable":true,"href":"https:\/\/azubiwerk.de\/tr\/wp-json\/wp\/v2\/comments?post=1413"}],"version-history":[{"count":49,"href":"https:\/\/azubiwerk.de\/tr\/wp-json\/wp\/v2\/pages\/1413\/revisions"}],"predecessor-version":[{"id":2397,"href":"https:\/\/azubiwerk.de\/tr\/wp-json\/wp\/v2\/pages\/1413\/revisions\/2397"}],"wp:attachment":[{"href":"https:\/\/azubiwerk.de\/tr\/wp-json\/wp\/v2\/media?parent=1413"}],"curies":[{"name":"wp","href":"https:\/\/api.w.org\/{rel}","templated":true}]}}