{"id":13,"date":"2023-11-20T16:12:50","date_gmt":"2023-11-20T15:12:50","guid":{"rendered":"https:\/\/azubiwerk.de\/?page_id=13"},"modified":"2024-08-29T17:12:45","modified_gmt":"2024-08-29T15:12:45","slug":"wandsbek","status":"publish","type":"page","link":"https:\/\/azubiwerk.de\/tr\/standorte\/wandsbek\/","title":{"rendered":"Wandsbek"},"content":{"rendered":"<div class=\"wp-block-group background-gradient1 has-neve-link-color-background-color has-background\"><div class=\"wp-block-group__inner-container is-layout-constrained wp-block-group-is-layout-constrained\">\n<div class=\"wp-block-media-text has-media-on-the-right is-stacked-on-mobile is-image-fill has-nv-text-dark-bg-color has-text-color has-link-color has-medium-font-size wp-elements-da8e6c5e21e6980eee6108b932fb125c\"><div class=\"wp-block-media-text__content\">\n<p><\/p>\n\n\n\n<h2 class=\"wp-block-heading\">WANDSBEK'TE YA\u015eAMAK<\/h2>\n\n\n\n<p class=\"has-text-align-left has-nv-text-dark-bg-color has-text-color has-link-color wp-elements-96d8c20e39c5ee13a96dc5489d1bf435\">K\u00fc\u00e7\u00fck ortak dairelerde ya\u015famak ve bir\u00e7ok ortak alan ve etkinlik, binam\u0131z\u0131 sadece bir daire koleksiyonundan daha fazlas\u0131 haline getiriyor - metropol\u00fcn eteklerinde de\u011fil, \u015fehrin merkezinde elveri\u015fli bir konumda bulunan g\u00fc\u00e7l\u00fc bir sosyal \u00e7evreye sahip ger\u00e7ek bir ev.<\/p>\n<\/div><figure class=\"wp-block-media-text__media\" style=\"background-image:url(https:\/\/azubiwerk.de\/wp-content\/uploads\/2023\/12\/IMG_20181107_130949-1024x768.jpg);background-position:50% 64%\"><img loading=\"lazy\" decoding=\"async\" width=\"1024\" height=\"768\" src=\"https:\/\/azubiwerk.de\/wp-content\/uploads\/2023\/12\/IMG_20181107_130949-1024x768.jpg\" alt=\"\" class=\"wp-image-1187 size-full\" srcset=\"https:\/\/azubiwerk.de\/wp-content\/uploads\/2023\/12\/IMG_20181107_130949-1024x768.jpg 1024w, https:\/\/azubiwerk.de\/wp-content\/uploads\/2023\/12\/IMG_20181107_130949-300x225.jpg 300w, https:\/\/azubiwerk.de\/wp-content\/uploads\/2023\/12\/IMG_20181107_130949-768x576.jpg 768w, https:\/\/azubiwerk.de\/wp-content\/uploads\/2023\/12\/IMG_20181107_130949-1536x1152.jpg 1536w, https:\/\/azubiwerk.de\/wp-content\/uploads\/2023\/12\/IMG_20181107_130949-2048x1536.jpg 2048w, https:\/\/azubiwerk.de\/wp-content\/uploads\/2023\/12\/IMG_20181107_130949-16x12.jpg 16w\" sizes=\"auto, (max-width: 1024px) 100vw, 1024px\" \/><\/figure><\/div>\n\n\n\n<figure class=\"wp-block-gallery has-nested-images columns-4 is-cropped wp-block-gallery-1 is-layout-flex wp-block-gallery-is-layout-flex\">\n<figure class=\"wp-block-image size-full is-style-default\"><img loading=\"lazy\" decoding=\"async\" width=\"2560\" height=\"1443\" src=\"https:\/\/azubiwerk.de\/wp-content\/uploads\/2023\/11\/Zimmer3.554-1-scaled.jpg\" alt=\"\" class=\"wp-image-48\" srcset=\"https:\/\/azubiwerk.de\/wp-content\/uploads\/2023\/11\/Zimmer3.554-1-scaled.jpg 2560w, https:\/\/azubiwerk.de\/wp-content\/uploads\/2023\/11\/Zimmer3.554-1-300x169.jpg 300w, https:\/\/azubiwerk.de\/wp-content\/uploads\/2023\/11\/Zimmer3.554-1-1024x577.jpg 1024w, https:\/\/azubiwerk.de\/wp-content\/uploads\/2023\/11\/Zimmer3.554-1-768x433.jpg 768w, https:\/\/azubiwerk.de\/wp-content\/uploads\/2023\/11\/Zimmer3.554-1-1536x866.jpg 1536w, https:\/\/azubiwerk.de\/wp-content\/uploads\/2023\/11\/Zimmer3.554-1-2048x1154.jpg 2048w\" sizes=\"auto, (max-width: 2560px) 100vw, 2560px\" \/><\/figure>\n\n\n\n<figure class=\"wp-block-image size-full\"><img loading=\"lazy\" decoding=\"async\" width=\"2560\" height=\"1443\" src=\"https:\/\/azubiwerk.de\/wp-content\/uploads\/2023\/11\/Zimmer1.312-scaled.jpg\" alt=\"\" class=\"wp-image-47\" srcset=\"https:\/\/azubiwerk.de\/wp-content\/uploads\/2023\/11\/Zimmer1.312-scaled.jpg 2560w, https:\/\/azubiwerk.de\/wp-content\/uploads\/2023\/11\/Zimmer1.312-300x169.jpg 300w, https:\/\/azubiwerk.de\/wp-content\/uploads\/2023\/11\/Zimmer1.312-1024x577.jpg 1024w, https:\/\/azubiwerk.de\/wp-content\/uploads\/2023\/11\/Zimmer1.312-768x433.jpg 768w, https:\/\/azubiwerk.de\/wp-content\/uploads\/2023\/11\/Zimmer1.312-1536x866.jpg 1536w, https:\/\/azubiwerk.de\/wp-content\/uploads\/2023\/11\/Zimmer1.312-2048x1154.jpg 2048w\" sizes=\"auto, (max-width: 2560px) 100vw, 2560px\" \/><\/figure>\n\n\n\n<figure class=\"wp-block-image size-full\"><img loading=\"lazy\" decoding=\"async\" width=\"2560\" height=\"1443\" src=\"https:\/\/azubiwerk.de\/wp-content\/uploads\/2023\/11\/Zimmer2.28-scaled.jpg\" alt=\"\" class=\"wp-image-46\" srcset=\"https:\/\/azubiwerk.de\/wp-content\/uploads\/2023\/11\/Zimmer2.28-scaled.jpg 2560w, https:\/\/azubiwerk.de\/wp-content\/uploads\/2023\/11\/Zimmer2.28-300x169.jpg 300w, https:\/\/azubiwerk.de\/wp-content\/uploads\/2023\/11\/Zimmer2.28-1024x577.jpg 1024w, https:\/\/azubiwerk.de\/wp-content\/uploads\/2023\/11\/Zimmer2.28-768x433.jpg 768w, https:\/\/azubiwerk.de\/wp-content\/uploads\/2023\/11\/Zimmer2.28-1536x866.jpg 1536w, https:\/\/azubiwerk.de\/wp-content\/uploads\/2023\/11\/Zimmer2.28-2048x1154.jpg 2048w\" sizes=\"auto, (max-width: 2560px) 100vw, 2560px\" \/><\/figure>\n\n\n\n<figure class=\"wp-block-image size-full\"><img loading=\"lazy\" decoding=\"async\" width=\"1600\" height=\"1160\" src=\"https:\/\/azubiwerk.de\/wp-content\/uploads\/2023\/11\/Kueche20160217rgb.jpg\" alt=\"\" class=\"wp-image-44\" srcset=\"https:\/\/azubiwerk.de\/wp-content\/uploads\/2023\/11\/Kueche20160217rgb.jpg 1600w, https:\/\/azubiwerk.de\/wp-content\/uploads\/2023\/11\/Kueche20160217rgb-300x218.jpg 300w, https:\/\/azubiwerk.de\/wp-content\/uploads\/2023\/11\/Kueche20160217rgb-1024x742.jpg 1024w, https:\/\/azubiwerk.de\/wp-content\/uploads\/2023\/11\/Kueche20160217rgb-768x557.jpg 768w, https:\/\/azubiwerk.de\/wp-content\/uploads\/2023\/11\/Kueche20160217rgb-1536x1114.jpg 1536w\" sizes=\"auto, (max-width: 1600px) 100vw, 1600px\" \/><\/figure>\n<\/figure>\n<\/div><\/div>\n\n\n\n<div class=\"wp-block-group\"><div class=\"wp-block-group__inner-container is-layout-flow wp-block-group-is-layout-flow\">\n<div class=\"wp-block-media-text has-media-on-the-right is-stacked-on-mobile has-background\" style=\"background-color:#cfdfec;grid-template-columns:auto 35%\"><div class=\"wp-block-media-text__content\">\n<h2 class=\"wp-block-heading has-neve-link-color-color has-text-color has-link-color wp-elements-0c1f6e5ab6ad61c4b24f7de019733767\">\u00d6ZEL<\/h2>\n\n\n\n<p class=\"has-neve-link-color-color has-text-color has-link-color has-medium-font-size wp-elements-5cee448f5553cb481190ad7bce78da28\">\"G\u00f6zetim yerine destek\" ilkesi \u00e7er\u00e7evesinde stajyerler, ebeveynlerinin evinin d\u0131\u015f\u0131na ilk ad\u0131mlar\u0131n\u0131 ba\u011f\u0131ms\u0131z ve kendi sorumluluklar\u0131 alt\u0131nda atmalar\u0131 konusunda desteklenmektedir. Azubiwerk'deki pedagojik ekip, tesis b\u00fcnyesinde \u00e7ok \u00e7e\u015fitli faaliyetler ve dan\u0131\u015fmanl\u0131k hizmetleri sunmaktad\u0131r. Kursiyerler, di\u011fer \u015feylerin yan\u0131 s\u0131ra, kendi b\u00fct\u00e7esine sahip olan yurt konseylerini d\u00fczenli olarak se\u00e7erek ya\u015fam ortamlar\u0131n\u0131 \u015fekillendirmede aktif bir rol oynamaktad\u0131r.&nbsp;<\/p>\n\n\n\n<p class=\"has-neve-link-color-color has-text-color has-link-color has-medium-font-size wp-elements-5c2f1878121d9f8f968ba38bd0733ce0\">Hem yeti\u015fkin hem de re\u015fit olmayan kursiyerler Wandsbek'te ya\u015fad\u0131klar\u0131 i\u00e7in, e\u011fitim ekibimiz y\u0131l\u0131n 365 g\u00fcn\u00fc, g\u00fcn\u00fcn her saati sahadad\u0131r. Tavsiye, yard\u0131m ya da sadece anlay\u0131\u015fl\u0131 bir kulak sunuyoruz. Ortak odalar, birlikte yemek pi\u015firmekten \u00e7at\u0131 teras\u0131m\u0131zda bah\u00e7eyle u\u011fra\u015fmaya kadar \u00e7e\u015fitli fikirler i\u00e7in alan sunmaktad\u0131r.<\/p>\n<\/div><figure class=\"wp-block-media-text__media\"><img loading=\"lazy\" decoding=\"async\" width=\"1024\" height=\"768\" src=\"https:\/\/azubiwerk.de\/wp-content\/uploads\/2023\/11\/Pressebild_Dachterrasse-1024x768.jpg\" alt=\"\" class=\"wp-image-102 size-full\" srcset=\"https:\/\/azubiwerk.de\/wp-content\/uploads\/2023\/11\/Pressebild_Dachterrasse-1024x768.jpg 1024w, https:\/\/azubiwerk.de\/wp-content\/uploads\/2023\/11\/Pressebild_Dachterrasse-300x225.jpg 300w, https:\/\/azubiwerk.de\/wp-content\/uploads\/2023\/11\/Pressebild_Dachterrasse-768x576.jpg 768w, https:\/\/azubiwerk.de\/wp-content\/uploads\/2023\/11\/Pressebild_Dachterrasse-1536x1152.jpg 1536w, https:\/\/azubiwerk.de\/wp-content\/uploads\/2023\/11\/Pressebild_Dachterrasse-2048x1536.jpg 2048w\" sizes=\"auto, (max-width: 1024px) 100vw, 1024px\" \/><\/figure><\/div>\n<\/div><\/div>\n\n\n\n<style>\n    body {\n        margin: 0;\n        font-family: 'Montserrat';\n    }\n\n    #overlay {\n        display: flex;\n        position: absolute;\n        top: 0;\n        left: 0;\n        width: 100%;\n        height: 100%;\n        background: rgba(0, 29, 63, 0.6);\n        color: #fff;\n        justify-content: center;\n        align-items: center;\n        text-align: center;\n        z-index: 1000;\n        cursor: pointer;\n        font-family: 'Montserrat';\n    }\n\n    #myFrame {\n        position: absolute;\n        top: 0;\n        left: 0;\n        width: 100%;\n        height: 700px;\n        border: none;\n    }\n\n    #container {\n        position: relative;\n        width: 100%;\n        height: 700px;\n    }\n\n    .rundgang {\n        font-size: 36pt;\n        font-family: 'Montserrat';\n        line-height: normal;\n    }\n<\/style>\n\n<body>\n    <div id=\"container\">\n        <div id=\"overlay\" class=\"rundgang\" onclick=\"loadFrame()\">3D TURA BA\u015eLAYIN?<\/div>\n        <iframe id=\"myFrame\" src=\"https:\/\/azubiwerk.net\/wp-content\/rundgaenge\/wandsbek\/index.htm\"><\/iframe>\n    <\/div>\n\n    <script>\n        function loadFrame() {\n            document.getElementById('overlay').style.display = 'none';\n            document.getElementById('myFrame').style.display = 'block';\n        }\n\n        document.addEventListener('DOMContentLoaded', function () {\n            document.getElementById('overlay').style.display = 'flex';\n        });\n    <\/script>\n<\/body>\n\n\n\n<div class=\"wp-block-group\"><div class=\"wp-block-group__inner-container is-layout-flow wp-block-group-is-layout-flow\">\n<div class=\"wp-block-media-text has-media-on-the-right is-stacked-on-mobile has-background\" style=\"background-color:#cfdfec;grid-template-columns:auto 35%\"><div class=\"wp-block-media-text__content\">\n<h2 class=\"wp-block-heading has-neve-link-color-color has-text-color has-link-color wp-elements-637f7d0a121bf8ff1c982311bbc346da\">WANDSBEK'TEKI\u0307 TEKLI\u0307FLER<\/h2>\n\n\n\n<p class=\"has-neve-link-color-color has-text-color has-link-color has-medium-font-size wp-elements-362c1eb103be8d3e9765d44e064dd62c\">Azubiwerk, stajyerler i\u00e7in uygun fiyatl\u0131 konaklamadan daha fazlas\u0131n\u0131 sunuyor: E\u011fitim ekibimiz, \"denetlemek yerine e\u015flik etmek\" ilkesi \u00e7er\u00e7evesinde, stajyerlere ba\u011f\u0131ms\u0131z bir ya\u015fama giden yolda destek olmaktad\u0131r. Bu da onlara e\u011fitimlerine konsantre olmalar\u0131 i\u00e7in daha fazla zaman kazand\u0131r\u0131yor. Evdeki e\u011fitim programlar\u0131 ayn\u0131 zamanda h\u0131zl\u0131 bir \u015fekilde yeni ba\u011flant\u0131lar ve arkada\u015fl\u0131klar kurma f\u0131rsat\u0131 da sunuyor.<br><br>E\u011fitim ekibimiz Azubiwerk Wandsbek'te haftan\u0131n 7 g\u00fcn\u00fc, g\u00fcn\u00fcn 24 saati hizmet vermektedir.<br>Stajyerlerimize a\u015fa\u011f\u0131daki programlar\u0131 (se\u00e7im) sunuyoruz:<\/p>\n\n\n<div class=\"oxi-addons-container   oxi-addons-flipbox-template-style4\">        <div class=\"oxilab-flip-box-wrapper\">\n                                <div class=\"oxilab-flip-box-col-3 oxilab-flip-box-padding-2\"\n                        sa-data-animation=\"\"\n                        sa-data-animation-offset=\"100%\"\r\n                        sa-data-animation-delay=\"0ms\"\r\n                        sa-data-animation-duration=\" 30000ms\"\n                        >\r\n                        <div class=\"oxilab-flip-box-body-2 oxilab-flip-box-body-2-7\">\n                                                        <div class=\"oxilab-flip-box-body-absulote\">\n                                <div class=\"oxilab-flip-box-flip oxilab-flip-box-flip-left-to-right\">\n                                    <div class=\"oxilab-flip-box-style-data easing_easeInOutCirc\">\n                                        <div class=\"oxilab-flip-box-style\">\n                                            <div class=\"oxilab-flip-box-front\">\n                                                <div class=\"oxilab-flip-box-2\">\n                                                    <div class=\"oxilab-flip-box-2-data\">\n                                                        <div class=\"oxilab-icon\">\n                                                            <div class=\"oxilab-icon-data\">\n                                                                        <i class=\"oxi-icons\"><\/i>\n                                                                    <\/div>\n                                                        <\/div>\n                                                        <div class=\"oxilab-heading\">\n                                                            DANI\u015eMANLIK                                                        <\/div>\n                                                        <div class=\"oxilab-info\">\n                                                                                                                    <\/div>\n\n                                                    <\/div>\n                                                <\/div>\n                                            <\/div>\n                                            <div class=\"oxilab-flip-box-back\">\n                                                <div class=\"oxilab-flip-box-back-2\">\n                                                    <div class=\"oxilab-flip-box-back-2-data\">\n                                                        <div class=\"oxilab-heading\">\n                                                                                                                    <\/div>\n                                                        <div class=\"oxilab-info\">\n                                                            <ul><li>Mesleki e\u011fitim \u00f6dene\u011fi (BAB), konut yard\u0131m\u0131 veya BAf\u00f6G i\u00e7in ba\u015fvuru<\/li> <li>Operasyonda kar\u015f\u0131la\u015f\u0131lan zorluklar<\/li> <li>Ki\u015fisel sorunlar<\/li>                                                        <\/div>\n                                                                                                            <\/div>\n                                                <\/div>\n                                            <\/div>\n                                        <\/div>\n                                    <\/div>\n                                <\/div>\n                            <\/div>\n                            \n                        <\/div>\n\n\n                                                \n                    <\/div>\n                                        <div class=\"oxilab-flip-box-col-3 oxilab-flip-box-padding-2\"\n                        sa-data-animation=\"\"\n                        sa-data-animation-offset=\"100%\"\r\n                        sa-data-animation-delay=\"0ms\"\r\n                        sa-data-animation-duration=\" 30000ms\"\n                        >\r\n                        <div class=\"oxilab-flip-box-body-2 oxilab-flip-box-body-2-8\">\n                                                        <div class=\"oxilab-flip-box-body-absulote\">\n                                <div class=\"oxilab-flip-box-flip oxilab-flip-box-flip-left-to-right\">\n                                    <div class=\"oxilab-flip-box-style-data easing_easeInOutCirc\">\n                                        <div class=\"oxilab-flip-box-style\">\n                                            <div class=\"oxilab-flip-box-front\">\n                                                <div class=\"oxilab-flip-box-2\">\n                                                    <div class=\"oxilab-flip-box-2-data\">\n                                                        <div class=\"oxilab-icon\">\n                                                            <div class=\"oxilab-icon-data\">\n                                                                        <i class=\"oxi-icons\"><\/i>\n                                                                    <\/div>\n                                                        <\/div>\n                                                        <div class=\"oxilab-heading\">\n                                                            E\u011eLENCE                                                        <\/div>\n                                                        <div class=\"oxilab-info\">\n                                                                                                                    <\/div>\n\n                                                    <\/div>\n                                                <\/div>\n                                            <\/div>\n                                            <div class=\"oxilab-flip-box-back\">\n                                                <div class=\"oxilab-flip-box-back-2\">\n                                                    <div class=\"oxilab-flip-box-back-2-data\">\n                                                        <div class=\"oxilab-heading\">\n                                                                                                                    <\/div>\n                                                        <div class=\"oxilab-info\">\n                                                            <ul><li> Pazar brunch'\u0131 ve yemek pi\u015firme ak\u015famlar\u0131 Spor aktiviteleri<\/li> <li>Foto\u011fraf, bah\u00e7e ve el sanatlar\u0131 kul\u00fcb\u00fc<\/li> <li>Film ve oyun ak\u015famlar\u0131<\/li> <li>Kutlamalar<\/li>                                                        <\/div>\n                                                                                                            <\/div>\n                                                <\/div>\n                                            <\/div>\n                                        <\/div>\n                                    <\/div>\n                                <\/div>\n                            <\/div>\n                            \n                        <\/div>\n\n\n                                                \n                    <\/div>\n                                        <div class=\"oxilab-flip-box-col-3 oxilab-flip-box-padding-2\"\n                        sa-data-animation=\"\"\n                        sa-data-animation-offset=\"100%\"\r\n                        sa-data-animation-delay=\"0ms\"\r\n                        sa-data-animation-duration=\" 30000ms\"\n                        >\r\n                        <div class=\"oxilab-flip-box-body-2 oxilab-flip-box-body-2-9\">\n                                                        <div class=\"oxilab-flip-box-body-absulote\">\n                                <div class=\"oxilab-flip-box-flip oxilab-flip-box-flip-left-to-right\">\n                                    <div class=\"oxilab-flip-box-style-data easing_easeInOutCirc\">\n                                        <div class=\"oxilab-flip-box-style\">\n                                            <div class=\"oxilab-flip-box-front\">\n                                                <div class=\"oxilab-flip-box-2\">\n                                                    <div class=\"oxilab-flip-box-2-data\">\n                                                        <div class=\"oxilab-icon\">\n                                                            <div class=\"oxilab-icon-data\">\n                                                                        <i class=\"oxi-icons\"><\/i>\n                                                                    <\/div>\n                                                        <\/div>\n                                                        <div class=\"oxilab-heading\">\n                                                            E\u011e\u0130T\u0130M                                                        <\/div>\n                                                        <div class=\"oxilab-info\">\n                                                                                                                    <\/div>\n\n                                                    <\/div>\n                                                <\/div>\n                                            <\/div>\n                                            <div class=\"oxilab-flip-box-back\">\n                                                <div class=\"oxilab-flip-box-back-2\">\n                                                    <div class=\"oxilab-flip-box-back-2-data\">\n                                                        <div class=\"oxilab-heading\">\n                                                                                                                    <\/div>\n                                                        <div class=\"oxilab-info\">\n                                                            <ul> <li>B\u00fct\u00e7e y\u00f6netimi ve mali disiplin<\/li> <li>\u00d6z-organizasyon ve \u00f6\u011frenme yard\u0131mc\u0131lar\u0131<\/li> <li>Sahada sanat ve k\u00fclt\u00fcr<\/li>                                                        <\/div>\n                                                                                                            <\/div>\n                                                <\/div>\n                                            <\/div>\n                                        <\/div>\n                                    <\/div>\n                                <\/div>\n                            <\/div>\n                            \n                        <\/div>\n\n\n                                                \n                    <\/div>\n                            <\/div>\n        <\/div>\n<\/div><figure class=\"wp-block-media-text__media\"><img loading=\"lazy\" decoding=\"async\" width=\"988\" height=\"988\" src=\"https:\/\/azubiwerk.de\/wp-content\/uploads\/2024\/02\/wandsbek_angebote.jpg\" alt=\"\" class=\"wp-image-1859 size-full\" srcset=\"https:\/\/azubiwerk.de\/wp-content\/uploads\/2024\/02\/wandsbek_angebote.jpg 988w, https:\/\/azubiwerk.de\/wp-content\/uploads\/2024\/02\/wandsbek_angebote-300x300.jpg 300w, https:\/\/azubiwerk.de\/wp-content\/uploads\/2024\/02\/wandsbek_angebote-150x150.jpg 150w, https:\/\/azubiwerk.de\/wp-content\/uploads\/2024\/02\/wandsbek_angebote-768x768.jpg 768w, https:\/\/azubiwerk.de\/wp-content\/uploads\/2024\/02\/wandsbek_angebote-12x12.jpg 12w\" sizes=\"auto, (max-width: 988px) 100vw, 988px\" \/><\/figure><\/div>\n<\/div><\/div>\n\n\n\n<div class=\"wp-block-media-text is-stacked-on-mobile background-gradient1 has-nv-text-dark-bg-color has-neve-link-color-background-color has-text-color has-background has-link-color wp-elements-bb30a6a0d5f703961759ad007ced02b5\" style=\"grid-template-columns:31% auto\"><figure class=\"wp-block-media-text__media\"><img loading=\"lazy\" decoding=\"async\" width=\"600\" height=\"600\" src=\"https:\/\/azubiwerk.de\/wp-content\/uploads\/2024\/02\/wandsbek.jpg\" alt=\"\" class=\"wp-image-1767 size-full\" srcset=\"https:\/\/azubiwerk.de\/wp-content\/uploads\/2024\/02\/wandsbek.jpg 600w, https:\/\/azubiwerk.de\/wp-content\/uploads\/2024\/02\/wandsbek-300x300.jpg 300w, https:\/\/azubiwerk.de\/wp-content\/uploads\/2024\/02\/wandsbek-150x150.jpg 150w, https:\/\/azubiwerk.de\/wp-content\/uploads\/2024\/02\/wandsbek-12x12.jpg 12w\" sizes=\"auto, (max-width: 600px) 100vw, 600px\" \/><\/figure><div class=\"wp-block-media-text__content\">\n<p class=\"has-nv-text-dark-bg-color has-text-color has-link-color has-medium-font-size wp-elements-d755e29631e60e5acf519afebfaece48\"><br>Azubiwerk Wandsbek, Hammer Str. 8 (22041 Hamburg) adresinde elveri\u015fli bir konumda yer almaktad\u0131r.<br><br>U1, S1 ve S11 metro hatlar\u0131na y\u00fcr\u00fcyerek 2 dakikada ula\u015f\u0131labilir.<br><br><strong>Resepsiyon ekibi&nbsp;<\/strong><br><strong>(Genel sorular i\u00e7in)<\/strong><br>Telefon: 040 6077144-70<br>EMail:&nbsp;<a href=\"mailto:empfang@azubiwerk.de\">empfang@azubiwerk.de<\/a><\/p>\n<\/div><\/div>","protected":false},"excerpt":{"rendered":"<p>WANDSBEK'TE YA\u015eAMAK K\u00fc\u00e7\u00fck ortak dairelerde ya\u015famak ve bir\u00e7ok ortak alan ve etkinlik, binam\u0131z\u0131 sadece bir daire koleksiyonundan daha fazlas\u0131 haline getiriyor - g\u00fc\u00e7l\u00fc bir sosyal \u00e7evreye sahip ger\u00e7ek bir ev ve metropol\u00fcn eteklerinde de\u011fil, \u015fehrin merkezinde elveri\u015fli bir konumda. \u00d6ZEL \u00d6ZELL\u0130K \"E\u015flik et...\" \u00f6nermesi alt\u0131nda&nbsp;<a href=\"https:\/\/azubiwerk.de\/tr\/standorte\/wandsbek\/\" rel=\"bookmark\">DAHA FAZLASI<span class=\"screen-reader-text\">Wandsbek<\/span><\/a><\/p>","protected":false},"author":1,"featured_media":0,"parent":11,"menu_order":0,"comment_status":"closed","ping_status":"closed","template":"","meta":{"neve_meta_sidebar":"","neve_meta_container":"","neve_meta_enable_content_width":"on","neve_meta_content_width":100,"neve_meta_title_alignment":"","neve_meta_author_avatar":"","neve_post_elements_order":"","neve_meta_disable_header":"","neve_meta_disable_footer":"","neve_meta_disable_title":"on","neve_meta_reading_time":"","footnotes":""},"class_list":["post-13","page","type-page","status-publish","hentry"],"_links":{"self":[{"href":"https:\/\/azubiwerk.de\/tr\/wp-json\/wp\/v2\/pages\/13","targetHints":{"allow":["GET"]}}],"collection":[{"href":"https:\/\/azubiwerk.de\/tr\/wp-json\/wp\/v2\/pages"}],"about":[{"href":"https:\/\/azubiwerk.de\/tr\/wp-json\/wp\/v2\/types\/page"}],"author":[{"embeddable":true,"href":"https:\/\/azubiwerk.de\/tr\/wp-json\/wp\/v2\/users\/1"}],"replies":[{"embeddable":true,"href":"https:\/\/azubiwerk.de\/tr\/wp-json\/wp\/v2\/comments?post=13"}],"version-history":[{"count":147,"href":"https:\/\/azubiwerk.de\/tr\/wp-json\/wp\/v2\/pages\/13\/revisions"}],"predecessor-version":[{"id":2185,"href":"https:\/\/azubiwerk.de\/tr\/wp-json\/wp\/v2\/pages\/13\/revisions\/2185"}],"up":[{"embeddable":true,"href":"https:\/\/azubiwerk.de\/tr\/wp-json\/wp\/v2\/pages\/11"}],"wp:attachment":[{"href":"https:\/\/azubiwerk.de\/tr\/wp-json\/wp\/v2\/media?parent=13"}],"curies":[{"name":"wp","href":"https:\/\/api.w.org\/{rel}","templated":true}]}}