{"id":1199,"date":"2024-01-10T17:06:50","date_gmt":"2024-01-10T16:06:50","guid":{"rendered":"https:\/\/azubiwerk.de\/?page_id=1199"},"modified":"2024-09-06T11:27:35","modified_gmt":"2024-09-06T09:27:35","slug":"altona","status":"publish","type":"page","link":"https:\/\/azubiwerk.de\/tr\/standorte\/altona\/","title":{"rendered":"Altona"},"content":{"rendered":"<div class=\"wp-block-group background-gradient1 has-neve-link-color-background-color has-background\"><div class=\"wp-block-group__inner-container is-layout-constrained wp-block-group-is-layout-constrained\">\n<div class=\"wp-block-media-text has-media-on-the-right is-stacked-on-mobile is-image-fill has-nv-text-dark-bg-color has-text-color has-link-color has-medium-font-size wp-elements-095e7bc4629d2d2d08a75283fbe430a5\"><div class=\"wp-block-media-text__content\">\n<p><\/p>\n\n\n\n<h2 class=\"wp-block-heading\">ALTONA'DA YA\u015eAMAK<\/h2>\n\n\n\n<p class=\"has-text-align-left has-nv-text-dark-bg-color has-text-color has-link-color wp-elements-d0f2143528e306bba4a249c4dd0dd4be\">Das Wohnen in kleinen WGs und die vielen Gemeinschaftsfl\u00e4chen und -aktivit\u00e4ten machen unser Haus zu mehr als einer Sammlung von Wohnungen \u2013 es wird ein echtes Zuhause mit einem starken sozialen Umfeld werden und das nicht am Rande der Metropole, sondern verkehrsg\u00fcnstig mitten in der Stadt gelegen ist. Unser Wohnheim in Altona wird in diesem Jahr fertiggestellt.<\/p>\n\n\n\n<p class=\"has-nv-text-dark-bg-color has-text-color has-link-color wp-elements-22f55900e49f4f25a70e2ed641f440b1\"><strong><a href=\"https:\/\/azubiwerk.de\/tr\/standorte\/altona\/informationen-fuer-anwohnerinnen\/\" target=\"_blank\" rel=\"noreferrer noopener\">Informationen f\u00fcr Anwohner:innen<\/a><\/strong><\/p>\n<\/div><figure class=\"wp-block-media-text__media\" style=\"background-image:url(https:\/\/azubiwerk.de\/wp-content\/uploads\/2024\/01\/415200122_3715958105350380_7852261028159415222_n-1024x576.jpg);background-position:51% 100%\"><img loading=\"lazy\" decoding=\"async\" width=\"1024\" height=\"576\" src=\"https:\/\/azubiwerk.de\/wp-content\/uploads\/2024\/01\/415200122_3715958105350380_7852261028159415222_n-1024x576.jpg\" alt=\"\" class=\"wp-image-1374 size-full\" srcset=\"https:\/\/azubiwerk.de\/wp-content\/uploads\/2024\/01\/415200122_3715958105350380_7852261028159415222_n-1024x576.jpg 1024w, https:\/\/azubiwerk.de\/wp-content\/uploads\/2024\/01\/415200122_3715958105350380_7852261028159415222_n-300x169.jpg 300w, https:\/\/azubiwerk.de\/wp-content\/uploads\/2024\/01\/415200122_3715958105350380_7852261028159415222_n-768x432.jpg 768w, https:\/\/azubiwerk.de\/wp-content\/uploads\/2024\/01\/415200122_3715958105350380_7852261028159415222_n-1536x864.jpg 1536w, https:\/\/azubiwerk.de\/wp-content\/uploads\/2024\/01\/415200122_3715958105350380_7852261028159415222_n-18x10.jpg 18w, https:\/\/azubiwerk.de\/wp-content\/uploads\/2024\/01\/415200122_3715958105350380_7852261028159415222_n.jpg 1668w\" sizes=\"auto, (max-width: 1024px) 100vw, 1024px\" \/><\/figure><\/div>\n<\/div><\/div>\n\n\n\n<div class=\"wp-block-group has-nv-site-bg-background-color has-background\" style=\"padding-top:var(--wp--preset--spacing--40);padding-right:var(--wp--preset--spacing--60);padding-bottom:var(--wp--preset--spacing--40);padding-left:var(--wp--preset--spacing--60)\"><div class=\"wp-block-group__inner-container is-layout-flow wp-block-group-is-layout-flow\">\n<div class=\"wp-block-group altona_bewerben\"><div class=\"wp-block-group__inner-container is-layout-constrained wp-block-group-is-layout-constrained\">\n<h2 class=\"wp-block-heading has-neve-link-color-color has-text-color has-link-color wp-elements-7acece52c12936432cef4c9979a0ba5c\">f\u00fcr ein Zimmer in ALTONA BEWERBEN<\/h2>\n\n\n\n<p class=\"has-neve-link-color-color has-text-color has-link-color has-medium-font-size wp-elements-7810c418af19a1a5f065f5854912e41a\">Art\u0131k Altona'daki odalar i\u00e7in ba\u015fvurabilirsiniz!<br>Rezidans salonu 2024 y\u0131l\u0131nda e\u011fitimin ba\u015flamas\u0131 i\u00e7in haz\u0131r olacakt\u0131r.<br>Ba\u015fvuru s\u00fcrecinde size daha fazla bilgi verilecektir.<\/p>\n\n\n\n<div class=\"wp-block-buttons is-layout-flex wp-block-buttons-is-layout-flex\">\n<div class=\"wp-block-button is-style-primary\"><a class=\"wp-block-button__link wp-element-button\" href=\"https:\/\/azubiwerk.de\/tr\/standorte\/zimmerbewerbung\/\" target=\"_blank\" rel=\"noreferrer noopener\">ALTONA'DA \u015eI\u0307MDI\u0307 BA\u015eVURUN<\/a><\/div>\n<\/div>\n\n\n\n<hr class=\"wp-block-separator has-alpha-channel-opacity\"\/>\n\n\n\n<h2 class=\"wp-block-heading has-neve-link-color-color has-text-color has-link-color wp-elements-6516f25e89589d35c4beb9221f96c3c4\">einEN FAHRRADSTELLPLATZ in ALTONA ANFRAGEN<\/h2>\n\n\n\n<p class=\"has-neve-link-color-color has-text-color has-link-color has-medium-font-size wp-elements-3591f08d6077a3b61793649142de02df\">Ihr k\u00f6nnt hier einen Fahrradstellplatz im Wohnheim Altona anfragen, sofern ihr dort bereits ein Zimmer mietet.<\/p>\n\n\n\n<div class=\"wp-block-buttons is-layout-flex wp-block-buttons-is-layout-flex\">\n<div class=\"wp-block-button is-style-primary\"><a class=\"wp-block-button__link wp-element-button\" href=\"https:\/\/azubiwerk.de\/tr\/fahrradstellplaetze-altona\/\" target=\"_blank\" rel=\"noreferrer noopener\">ANFRAGE STELLEN<\/a><\/div>\n<\/div>\n<\/div><\/div>\n<\/div><\/div>\n\n\n\n<div class=\"wp-block-group has-neve-link-color-background-color has-background\"><div class=\"wp-block-group__inner-container is-layout-flow wp-block-group-is-layout-flow\">\n<div class=\"wp-block-media-text has-media-on-the-right is-stacked-on-mobile\" style=\"grid-template-columns:auto 29%\"><div class=\"wp-block-media-text__content\">\n<h2 class=\"wp-block-heading has-nv-text-dark-bg-color has-text-color has-link-color wp-elements-a827ee3c7f43d8cbcf2fe72bab87e21e\">\u00d6ZEL<\/h2>\n\n\n\n<p class=\"has-nv-text-dark-bg-color has-text-color has-link-color has-medium-font-size wp-elements-442c9866367fb62ebab49c21520ce001\">\"G\u00f6zetim yerine destek\" ilkesi \u00e7er\u00e7evesinde stajyerler, ebeveynlerinin evinin d\u0131\u015f\u0131na ilk ad\u0131mlar\u0131n\u0131 ba\u011f\u0131ms\u0131z ve kendi sorumluluklar\u0131 alt\u0131nda atmalar\u0131 konusunda desteklenmektedir. Azubiwerk'deki pedagojik ekip, tesis b\u00fcnyesinde \u00e7ok \u00e7e\u015fitli faaliyetler ve dan\u0131\u015fmanl\u0131k hizmetleri sunmaktad\u0131r. Kursiyerler, di\u011fer \u015feylerin yan\u0131 s\u0131ra, kendi b\u00fct\u00e7esine sahip olan yurt konseylerini d\u00fczenli olarak se\u00e7erek ya\u015fam ortamlar\u0131n\u0131 \u015fekillendirmede aktif bir rol oynamaktad\u0131r.&nbsp;<\/p>\n\n\n\n<p class=\"has-nv-text-dark-bg-color has-text-color has-link-color has-medium-font-size wp-elements-771e338d474908cc1a73f2b5d50f833f\">Altona'da ger\u00e7ekle\u015ftirece\u011fimiz bo\u015f zaman etkinlikleri halen planlanmaktad\u0131r ve yak\u0131nda bu web sitesinde yay\u0131nlanacakt\u0131r. <\/p>\n<\/div><figure class=\"wp-block-media-text__media\"><img loading=\"lazy\" decoding=\"async\" width=\"1024\" height=\"576\" src=\"https:\/\/azubiwerk.de\/wp-content\/uploads\/2024\/02\/AnsichtAlsenplatz2-1024x576.jpg\" alt=\"\" class=\"wp-image-1687 size-full\" srcset=\"https:\/\/azubiwerk.de\/wp-content\/uploads\/2024\/02\/AnsichtAlsenplatz2-1024x576.jpg 1024w, https:\/\/azubiwerk.de\/wp-content\/uploads\/2024\/02\/AnsichtAlsenplatz2-300x169.jpg 300w, https:\/\/azubiwerk.de\/wp-content\/uploads\/2024\/02\/AnsichtAlsenplatz2-768x432.jpg 768w, https:\/\/azubiwerk.de\/wp-content\/uploads\/2024\/02\/AnsichtAlsenplatz2-1536x864.jpg 1536w, https:\/\/azubiwerk.de\/wp-content\/uploads\/2024\/02\/AnsichtAlsenplatz2-18x10.jpg 18w, https:\/\/azubiwerk.de\/wp-content\/uploads\/2024\/02\/AnsichtAlsenplatz2.jpg 2048w\" sizes=\"auto, (max-width: 1024px) 100vw, 1024px\" \/><\/figure><\/div>\n<\/div><\/div>\n\n\n\n<div class=\"wp-block-group\"><div class=\"wp-block-group__inner-container is-layout-flow wp-block-group-is-layout-flow\">\n<div class=\"wp-block-media-text has-media-on-the-right is-stacked-on-mobile has-background\" style=\"background-color:#cfdfec;grid-template-columns:auto 29%\"><div class=\"wp-block-media-text__content\">\n<h2 class=\"wp-block-heading has-neve-link-color-color has-text-color has-link-color wp-elements-0ae60b72bedeab27a01672f2779d876c\">ALTONA'DAKI\u0307 TEKLI\u0307FLER<\/h2>\n\n\n\n<p class=\"has-neve-link-color-color has-text-color has-link-color has-medium-font-size wp-elements-0decc1cd3a2377687d10d0fcc73609e0\">Azubiwerk, stajyerler i\u00e7in uygun fiyatl\u0131 konaklamadan daha fazlas\u0131n\u0131 sunuyor: E\u011fitim ekibimiz, \"denetlemek yerine e\u015flik etmek\" ilkesi \u00e7er\u00e7evesinde, stajyerlere ba\u011f\u0131ms\u0131z bir ya\u015fama giden yolda destek olmaktad\u0131r. Bu da onlara e\u011fitimlerine konsantre olmalar\u0131 i\u00e7in daha fazla zaman kazand\u0131r\u0131yor. Evdeki e\u011fitim programlar\u0131 ayn\u0131 zamanda h\u0131zl\u0131 bir \u015fekilde yeni ba\u011flant\u0131lar ve arkada\u015fl\u0131klar kurma f\u0131rsat\u0131 da sunuyor.<br><br>Pedagojik ekibimiz de Azubiwerk Altona'da \u00e7al\u0131\u015facak, kesin zamanlar hala planlan\u0131yor ve bu web sitesinde bildirilecek.<\/p>\n\n\n<div class=\"oxi-addons-container   oxi-addons-flipbox-template-style4\">        <div class=\"oxilab-flip-box-wrapper\">\n                                <div class=\"oxilab-flip-box-col-3 oxilab-flip-box-padding-2\"\n                        sa-data-animation=\"\"\n                        sa-data-animation-offset=\"100%\"\r\n                        sa-data-animation-delay=\"0ms\"\r\n                        sa-data-animation-duration=\" 30000ms\"\n                        >\r\n                        <div class=\"oxilab-flip-box-body-2 oxilab-flip-box-body-2-7\">\n                                                        <div class=\"oxilab-flip-box-body-absulote\">\n                                <div class=\"oxilab-flip-box-flip oxilab-flip-box-flip-left-to-right\">\n                                    <div class=\"oxilab-flip-box-style-data easing_easeInOutCirc\">\n                                        <div class=\"oxilab-flip-box-style\">\n                                            <div class=\"oxilab-flip-box-front\">\n                                                <div class=\"oxilab-flip-box-2\">\n                                                    <div class=\"oxilab-flip-box-2-data\">\n                                                        <div class=\"oxilab-icon\">\n                                                            <div class=\"oxilab-icon-data\">\n                                                                        <i class=\"oxi-icons\"><\/i>\n                                                                    <\/div>\n                                                        <\/div>\n                                                        <div class=\"oxilab-heading\">\n                                                            DANI\u015eMANLIK                                                        <\/div>\n                                                        <div class=\"oxilab-info\">\n                                                                                                                    <\/div>\n\n                                                    <\/div>\n                                                <\/div>\n                                            <\/div>\n                                            <div class=\"oxilab-flip-box-back\">\n                                                <div class=\"oxilab-flip-box-back-2\">\n                                                    <div class=\"oxilab-flip-box-back-2-data\">\n                                                        <div class=\"oxilab-heading\">\n                                                                                                                    <\/div>\n                                                        <div class=\"oxilab-info\">\n                                                            <ul><li>Mesleki e\u011fitim \u00f6dene\u011fi (BAB), konut yard\u0131m\u0131 veya BAf\u00f6G i\u00e7in ba\u015fvuru<\/li> <li>Operasyonda kar\u015f\u0131la\u015f\u0131lan zorluklar<\/li> <li>Ki\u015fisel sorunlar<\/li>                                                        <\/div>\n                                                                                                            <\/div>\n                                                <\/div>\n                                            <\/div>\n                                        <\/div>\n                                    <\/div>\n                                <\/div>\n                            <\/div>\n                            \n                        <\/div>\n\n\n                                                \n                    <\/div>\n                                        <div class=\"oxilab-flip-box-col-3 oxilab-flip-box-padding-2\"\n                        sa-data-animation=\"\"\n                        sa-data-animation-offset=\"100%\"\r\n                        sa-data-animation-delay=\"0ms\"\r\n                        sa-data-animation-duration=\" 30000ms\"\n                        >\r\n                        <div class=\"oxilab-flip-box-body-2 oxilab-flip-box-body-2-8\">\n                                                        <div class=\"oxilab-flip-box-body-absulote\">\n                                <div class=\"oxilab-flip-box-flip oxilab-flip-box-flip-left-to-right\">\n                                    <div class=\"oxilab-flip-box-style-data easing_easeInOutCirc\">\n                                        <div class=\"oxilab-flip-box-style\">\n                                            <div class=\"oxilab-flip-box-front\">\n                                                <div class=\"oxilab-flip-box-2\">\n                                                    <div class=\"oxilab-flip-box-2-data\">\n                                                        <div class=\"oxilab-icon\">\n                                                            <div class=\"oxilab-icon-data\">\n                                                                        <i class=\"oxi-icons\"><\/i>\n                                                                    <\/div>\n                                                        <\/div>\n                                                        <div class=\"oxilab-heading\">\n                                                            E\u011eLENCE                                                        <\/div>\n                                                        <div class=\"oxilab-info\">\n                                                                                                                    <\/div>\n\n                                                    <\/div>\n                                                <\/div>\n                                            <\/div>\n                                            <div class=\"oxilab-flip-box-back\">\n                                                <div class=\"oxilab-flip-box-back-2\">\n                                                    <div class=\"oxilab-flip-box-back-2-data\">\n                                                        <div class=\"oxilab-heading\">\n                                                                                                                    <\/div>\n                                                        <div class=\"oxilab-info\">\n                                                            <ul><li> Pazar brunch'\u0131 ve yemek pi\u015firme ak\u015famlar\u0131 Spor aktiviteleri<\/li> <li>Foto\u011fraf, bah\u00e7e ve el sanatlar\u0131 kul\u00fcb\u00fc<\/li> <li>Film ve oyun ak\u015famlar\u0131<\/li> <li>Kutlamalar<\/li>                                                        <\/div>\n                                                                                                            <\/div>\n                                                <\/div>\n                                            <\/div>\n                                        <\/div>\n                                    <\/div>\n                                <\/div>\n                            <\/div>\n                            \n                        <\/div>\n\n\n                                                \n                    <\/div>\n                                        <div class=\"oxilab-flip-box-col-3 oxilab-flip-box-padding-2\"\n                        sa-data-animation=\"\"\n                        sa-data-animation-offset=\"100%\"\r\n                        sa-data-animation-delay=\"0ms\"\r\n                        sa-data-animation-duration=\" 30000ms\"\n                        >\r\n                        <div class=\"oxilab-flip-box-body-2 oxilab-flip-box-body-2-9\">\n                                                        <div class=\"oxilab-flip-box-body-absulote\">\n                                <div class=\"oxilab-flip-box-flip oxilab-flip-box-flip-left-to-right\">\n                                    <div class=\"oxilab-flip-box-style-data easing_easeInOutCirc\">\n                                        <div class=\"oxilab-flip-box-style\">\n                                            <div class=\"oxilab-flip-box-front\">\n                                                <div class=\"oxilab-flip-box-2\">\n                                                    <div class=\"oxilab-flip-box-2-data\">\n                                                        <div class=\"oxilab-icon\">\n                                                            <div class=\"oxilab-icon-data\">\n                                                                        <i class=\"oxi-icons\"><\/i>\n                                                                    <\/div>\n                                                        <\/div>\n                                                        <div class=\"oxilab-heading\">\n                                                            E\u011e\u0130T\u0130M                                                        <\/div>\n                                                        <div class=\"oxilab-info\">\n                                                                                                                    <\/div>\n\n                                                    <\/div>\n                                                <\/div>\n                                            <\/div>\n                                            <div class=\"oxilab-flip-box-back\">\n                                                <div class=\"oxilab-flip-box-back-2\">\n                                                    <div class=\"oxilab-flip-box-back-2-data\">\n                                                        <div class=\"oxilab-heading\">\n                                                                                                                    <\/div>\n                                                        <div class=\"oxilab-info\">\n                                                            <ul> <li>B\u00fct\u00e7e y\u00f6netimi ve mali disiplin<\/li> <li>\u00d6z-organizasyon ve \u00f6\u011frenme yard\u0131mc\u0131lar\u0131<\/li> <li>Sahada sanat ve k\u00fclt\u00fcr<\/li>                                                        <\/div>\n                                                                                                            <\/div>\n                                                <\/div>\n                                            <\/div>\n                                        <\/div>\n                                    <\/div>\n                                <\/div>\n                            <\/div>\n                            \n                        <\/div>\n\n\n                                                \n                    <\/div>\n                            <\/div>\n        <\/div>\n<\/div><figure class=\"wp-block-media-text__media\"><img loading=\"lazy\" decoding=\"async\" width=\"731\" height=\"735\" src=\"https:\/\/azubiwerk.de\/wp-content\/uploads\/2024\/02\/Bild8.png\" alt=\"\" class=\"wp-image-1785 size-full\" srcset=\"https:\/\/azubiwerk.de\/wp-content\/uploads\/2024\/02\/Bild8.png 731w, https:\/\/azubiwerk.de\/wp-content\/uploads\/2024\/02\/Bild8-298x300.png 298w, https:\/\/azubiwerk.de\/wp-content\/uploads\/2024\/02\/Bild8-150x150.png 150w, https:\/\/azubiwerk.de\/wp-content\/uploads\/2024\/02\/Bild8-12x12.png 12w\" sizes=\"auto, (max-width: 731px) 100vw, 731px\" \/><\/figure><\/div>\n<\/div><\/div>\n\n\n\n<div class=\"wp-block-media-text is-stacked-on-mobile background-gradient1 has-nv-text-dark-bg-color has-neve-link-color-background-color has-text-color has-background has-link-color wp-elements-816d45dd84cd00b4f10aee67500b1e51\" style=\"grid-template-columns:31% auto\"><figure class=\"wp-block-media-text__media\"><img loading=\"lazy\" decoding=\"async\" width=\"600\" height=\"600\" src=\"https:\/\/azubiwerk.de\/wp-content\/uploads\/2024\/03\/altona_karte.jpg\" alt=\"\" class=\"wp-image-2059 size-full\" srcset=\"https:\/\/azubiwerk.de\/wp-content\/uploads\/2024\/03\/altona_karte.jpg 600w, https:\/\/azubiwerk.de\/wp-content\/uploads\/2024\/03\/altona_karte-300x300.jpg 300w, https:\/\/azubiwerk.de\/wp-content\/uploads\/2024\/03\/altona_karte-150x150.jpg 150w, https:\/\/azubiwerk.de\/wp-content\/uploads\/2024\/03\/altona_karte-12x12.jpg 12w\" sizes=\"auto, (max-width: 600px) 100vw, 600px\" \/><\/figure><div class=\"wp-block-media-text__content\">\n<p class=\"has-nv-text-dark-bg-color has-text-color has-link-color has-medium-font-size wp-elements-d940c21fea1229cea36d237e8f7458ba\"><br>Azubiwerk Altona, Hamburg-Altona'daki Alsenplatz'da elveri\u015fli bir konumda yer almaktad\u0131r.<br><br>U2, U3, S2 ve S5 metro hatlar\u0131 y\u00fcr\u00fcme mesafesindedir.<br><br><strong>Resepsiyon ekibi&nbsp;<\/strong><br><strong>(Genel sorular i\u00e7in)<\/strong><br>Telefon: 040 6077144-70<br>EMail:&nbsp;<a href=\"mailto:empfang@azubiwerk.de\">empfang-altona@azubiwerk.de<\/a><\/p>\n<\/div><\/div>","protected":false},"excerpt":{"rendered":"<p>ALTONA'DA YA\u015eAMAK K\u00fc\u00e7\u00fck ortak dairelerde ya\u015famak ve bir\u00e7ok ortak alan ve etkinlik, evimizi bir daire koleksiyonundan daha fazlas\u0131 haline getiriyor - metropol\u00fcn eteklerinde de\u011fil, \u015fehrin merkezinde elveri\u015fli bir konumda, g\u00fc\u00e7l\u00fc bir sosyal \u00e7evreye sahip ger\u00e7ek bir ev olacak. Altona'daki rezidans salonumuz...&nbsp;<a href=\"https:\/\/azubiwerk.de\/tr\/standorte\/altona\/\" rel=\"bookmark\">DAHA FAZLASI<span class=\"screen-reader-text\">Altona<\/span><\/a><\/p>","protected":false},"author":1,"featured_media":0,"parent":11,"menu_order":0,"comment_status":"closed","ping_status":"closed","template":"","meta":{"neve_meta_sidebar":"","neve_meta_container":"","neve_meta_enable_content_width":"on","neve_meta_content_width":100,"neve_meta_title_alignment":"","neve_meta_author_avatar":"","neve_post_elements_order":"","neve_meta_disable_header":"","neve_meta_disable_footer":"","neve_meta_disable_title":"on","neve_meta_reading_time":"","footnotes":""},"class_list":["post-1199","page","type-page","status-publish","hentry"],"_links":{"self":[{"href":"https:\/\/azubiwerk.de\/tr\/wp-json\/wp\/v2\/pages\/1199","targetHints":{"allow":["GET"]}}],"collection":[{"href":"https:\/\/azubiwerk.de\/tr\/wp-json\/wp\/v2\/pages"}],"about":[{"href":"https:\/\/azubiwerk.de\/tr\/wp-json\/wp\/v2\/types\/page"}],"author":[{"embeddable":true,"href":"https:\/\/azubiwerk.de\/tr\/wp-json\/wp\/v2\/users\/1"}],"replies":[{"embeddable":true,"href":"https:\/\/azubiwerk.de\/tr\/wp-json\/wp\/v2\/comments?post=1199"}],"version-history":[{"count":31,"href":"https:\/\/azubiwerk.de\/tr\/wp-json\/wp\/v2\/pages\/1199\/revisions"}],"predecessor-version":[{"id":2219,"href":"https:\/\/azubiwerk.de\/tr\/wp-json\/wp\/v2\/pages\/1199\/revisions\/2219"}],"up":[{"embeddable":true,"href":"https:\/\/azubiwerk.de\/tr\/wp-json\/wp\/v2\/pages\/11"}],"wp:attachment":[{"href":"https:\/\/azubiwerk.de\/tr\/wp-json\/wp\/v2\/media?parent=1199"}],"curies":[{"name":"wp","href":"https:\/\/api.w.org\/{rel}","templated":true}]}}