{"id":1195,"date":"2024-01-10T17:06:03","date_gmt":"2024-01-10T16:06:03","guid":{"rendered":"https:\/\/azubiwerk.de\/?page_id=1195"},"modified":"2025-04-22T14:01:49","modified_gmt":"2025-04-22T12:01:49","slug":"muenzviertel","status":"publish","type":"page","link":"https:\/\/azubiwerk.de\/tr\/standorte\/muenzviertel\/","title":{"rendered":"M\u00fcnzviertel"},"content":{"rendered":"<div class=\"wp-block-group background-gradient1 has-neve-link-color-background-color has-background\"><div class=\"wp-block-group__inner-container is-layout-constrained wp-block-group-is-layout-constrained\">\n<div class=\"wp-block-media-text has-media-on-the-right is-stacked-on-mobile is-image-fill-element has-nv-text-dark-bg-color has-text-color has-link-color has-medium-font-size wp-elements-62f075884ca3bd2e808cc3fdca288ff9\"><div class=\"wp-block-media-text__content\">\n<p><\/p>\n\n\n\n<h2 class=\"wp-block-heading\">M\u00dcNZVIERTEL'DE YA\u015eAMAK<\/h2>\n\n\n\n<p class=\"has-nv-text-dark-bg-color has-text-color has-link-color wp-elements-3a3eef384e412503b6d86a4ddc4f88cb\">\u00dc\u00e7\u00fcnc\u00fc yurt binam\u0131z M\u00fcnzviertel'nin kalbinde, Hamburg'un ana tren istasyonuna yak\u0131n merkezi bir konumda yer almaktad\u0131r. \u015eehir manzaral\u0131 bu \u00e7ekici yeni bina, yakla\u015f\u0131k 209 stajyer i\u00e7in yer sunan bir yerle\u015fim b\u00f6lgesinde yer almaktad\u0131r. Ancak burada ev bulacak olanlar sadece stajyerler de\u011fildir; kom\u015fu sa\u011flay\u0131c\u0131lar taraf\u0131ndan sunulan konaklama birimleri de ailelere, bekarlara ve \u00f6\u011frencilere y\u00f6neliktir.<\/p>\n<\/div><figure class=\"wp-block-media-text__media\"><img loading=\"lazy\" decoding=\"async\" width=\"1024\" height=\"768\" src=\"https:\/\/azubiwerk.de\/wp-content\/uploads\/2024\/02\/AnsichtMuenzi2-1024x768.jpg\" alt=\"\" class=\"wp-image-1699 size-full\" style=\"object-position:50% 50%\" srcset=\"https:\/\/azubiwerk.de\/wp-content\/uploads\/2024\/02\/AnsichtMuenzi2-1024x768.jpg 1024w, https:\/\/azubiwerk.de\/wp-content\/uploads\/2024\/02\/AnsichtMuenzi2-300x225.jpg 300w, https:\/\/azubiwerk.de\/wp-content\/uploads\/2024\/02\/AnsichtMuenzi2-768x576.jpg 768w, https:\/\/azubiwerk.de\/wp-content\/uploads\/2024\/02\/AnsichtMuenzi2-1536x1152.jpg 1536w, https:\/\/azubiwerk.de\/wp-content\/uploads\/2024\/02\/AnsichtMuenzi2-16x12.jpg 16w, https:\/\/azubiwerk.de\/wp-content\/uploads\/2024\/02\/AnsichtMuenzi2.jpg 2048w\" sizes=\"auto, (max-width: 1024px) 100vw, 1024px\" \/><\/figure><\/div>\n\n\n\n<figure class=\"wp-block-gallery has-nested-images columns-4 is-cropped wp-block-gallery-1 is-layout-flex wp-block-gallery-is-layout-flex\">\n<figure class=\"wp-block-image size-full\"><img loading=\"lazy\" decoding=\"async\" width=\"870\" height=\"631\" src=\"https:\/\/azubiwerk.de\/wp-content\/uploads\/2024\/02\/muenzviertel_visualisierung.jpg\" alt=\"\" class=\"wp-image-1857\" srcset=\"https:\/\/azubiwerk.de\/wp-content\/uploads\/2024\/02\/muenzviertel_visualisierung.jpg 870w, https:\/\/azubiwerk.de\/wp-content\/uploads\/2024\/02\/muenzviertel_visualisierung-300x218.jpg 300w, https:\/\/azubiwerk.de\/wp-content\/uploads\/2024\/02\/muenzviertel_visualisierung-768x557.jpg 768w, https:\/\/azubiwerk.de\/wp-content\/uploads\/2024\/02\/muenzviertel_visualisierung-18x12.jpg 18w\" sizes=\"auto, (max-width: 870px) 100vw, 870px\" \/><\/figure>\n\n\n\n<figure class=\"wp-block-image size-full is-style-default\"><img loading=\"lazy\" decoding=\"async\" width=\"2560\" height=\"1124\" src=\"https:\/\/azubiwerk.de\/wp-content\/uploads\/2024\/02\/AnsichtMuenzi1-scaled.jpeg\" alt=\"\" class=\"wp-image-1696\" srcset=\"https:\/\/azubiwerk.de\/wp-content\/uploads\/2024\/02\/AnsichtMuenzi1-scaled.jpeg 2560w, https:\/\/azubiwerk.de\/wp-content\/uploads\/2024\/02\/AnsichtMuenzi1-300x132.jpeg 300w, https:\/\/azubiwerk.de\/wp-content\/uploads\/2024\/02\/AnsichtMuenzi1-1024x450.jpeg 1024w, https:\/\/azubiwerk.de\/wp-content\/uploads\/2024\/02\/AnsichtMuenzi1-768x337.jpeg 768w, https:\/\/azubiwerk.de\/wp-content\/uploads\/2024\/02\/AnsichtMuenzi1-1536x674.jpeg 1536w, https:\/\/azubiwerk.de\/wp-content\/uploads\/2024\/02\/AnsichtMuenzi1-2048x899.jpeg 2048w, https:\/\/azubiwerk.de\/wp-content\/uploads\/2024\/02\/AnsichtMuenzi1-18x8.jpeg 18w\" sizes=\"auto, (max-width: 2560px) 100vw, 2560px\" \/><\/figure>\n\n\n\n<figure class=\"wp-block-image size-full\"><img loading=\"lazy\" decoding=\"async\" width=\"2048\" height=\"1536\" src=\"https:\/\/azubiwerk.de\/wp-content\/uploads\/2024\/02\/AnsichtMuenzi3.jpg\" alt=\"\" class=\"wp-image-1698\" srcset=\"https:\/\/azubiwerk.de\/wp-content\/uploads\/2024\/02\/AnsichtMuenzi3.jpg 2048w, https:\/\/azubiwerk.de\/wp-content\/uploads\/2024\/02\/AnsichtMuenzi3-300x225.jpg 300w, https:\/\/azubiwerk.de\/wp-content\/uploads\/2024\/02\/AnsichtMuenzi3-1024x768.jpg 1024w, https:\/\/azubiwerk.de\/wp-content\/uploads\/2024\/02\/AnsichtMuenzi3-768x576.jpg 768w, https:\/\/azubiwerk.de\/wp-content\/uploads\/2024\/02\/AnsichtMuenzi3-1536x1152.jpg 1536w, https:\/\/azubiwerk.de\/wp-content\/uploads\/2024\/02\/AnsichtMuenzi3-16x12.jpg 16w\" sizes=\"auto, (max-width: 2048px) 100vw, 2048px\" \/><\/figure>\n\n\n\n<figure class=\"wp-block-image size-full has-custom-border is-style-default\"><img loading=\"lazy\" decoding=\"async\" width=\"2048\" height=\"1536\" src=\"https:\/\/azubiwerk.de\/wp-content\/uploads\/2024\/02\/AnsichtMuenzi5.jpg\" alt=\"\" class=\"wp-image-1702\" style=\"border-style:none;border-width:0px;border-radius:0px\" srcset=\"https:\/\/azubiwerk.de\/wp-content\/uploads\/2024\/02\/AnsichtMuenzi5.jpg 2048w, https:\/\/azubiwerk.de\/wp-content\/uploads\/2024\/02\/AnsichtMuenzi5-300x225.jpg 300w, https:\/\/azubiwerk.de\/wp-content\/uploads\/2024\/02\/AnsichtMuenzi5-1024x768.jpg 1024w, https:\/\/azubiwerk.de\/wp-content\/uploads\/2024\/02\/AnsichtMuenzi5-768x576.jpg 768w, https:\/\/azubiwerk.de\/wp-content\/uploads\/2024\/02\/AnsichtMuenzi5-1536x1152.jpg 1536w, https:\/\/azubiwerk.de\/wp-content\/uploads\/2024\/02\/AnsichtMuenzi5-16x12.jpg 16w\" sizes=\"auto, (max-width: 2048px) 100vw, 2048px\" \/><\/figure>\n<\/figure>\n<\/div><\/div>\n\n\n\n<div class=\"wp-block-group\"><div class=\"wp-block-group__inner-container is-layout-flow wp-block-group-is-layout-flow\">\n<div class=\"wp-block-media-text has-media-on-the-right is-stacked-on-mobile has-background\" style=\"background-color:#cfdfec;grid-template-columns:auto 35%\"><div class=\"wp-block-media-text__content\">\n<h2 class=\"wp-block-heading has-neve-link-color-color has-text-color has-link-color wp-elements-0c1f6e5ab6ad61c4b24f7de019733767\">\u00d6ZEL<\/h2>\n\n\n\n<p class=\"has-neve-link-color-color has-text-color has-link-color has-medium-font-size wp-elements-78304a08659cb205771e0cf11c96705d\">Das Wohnheim \u00fcberzeugt neben der modernen Ausstattung auch mit seiner besonders zentralen Lage. Der Innenhof l\u00e4sst keine W\u00fcnsche offen \u2013 in der begr\u00fcnten Au\u00dfenanlage findet man Tischtennisplatten, Liegewiesen, einen Grillplatz und viele M\u00f6glichkeiten f\u00fcr ein gem\u00fctliches Zusammenkommen an warmen Sommertagen. Sollte aber doch mal Schietwetter sein, befinden sich im Stiftungssitz ansprechende Gemeinschaftsr\u00e4ume (ca. 250 m\u00b2) mit z.B. einem Kicker , einem kleinen Kino, bequeme Sofas und einem richtigen Sound- und Lichtsystem. Die Gemeinschaftsr\u00e4ume werden derzeit noch ausgebaut und werden voraussichtlich innerhalb des Jahres 2025 verf\u00fcgbar sein.<\/p>\n<\/div><figure class=\"wp-block-media-text__media\"><img loading=\"lazy\" decoding=\"async\" width=\"1024\" height=\"683\" src=\"https:\/\/azubiwerk.de\/wp-content\/uploads\/2024\/01\/Event_IsyNadja_20-1024x683.jpg\" alt=\"\" class=\"wp-image-1222 size-full\" srcset=\"https:\/\/azubiwerk.de\/wp-content\/uploads\/2024\/01\/Event_IsyNadja_20-1024x683.jpg 1024w, https:\/\/azubiwerk.de\/wp-content\/uploads\/2024\/01\/Event_IsyNadja_20-300x200.jpg 300w, https:\/\/azubiwerk.de\/wp-content\/uploads\/2024\/01\/Event_IsyNadja_20-768x512.jpg 768w, https:\/\/azubiwerk.de\/wp-content\/uploads\/2024\/01\/Event_IsyNadja_20-1536x1024.jpg 1536w, https:\/\/azubiwerk.de\/wp-content\/uploads\/2024\/01\/Event_IsyNadja_20-2048x1365.jpg 2048w, https:\/\/azubiwerk.de\/wp-content\/uploads\/2024\/01\/Event_IsyNadja_20-18x12.jpg 18w, https:\/\/azubiwerk.de\/wp-content\/uploads\/2024\/01\/Event_IsyNadja_20-930x620.jpg 930w\" sizes=\"auto, (max-width: 1024px) 100vw, 1024px\" \/><\/figure><\/div>\n<\/div><\/div>\n\n\n\n<style>\n    body {\n        margin: 0;\n        font-family: 'Montserrat';\n    }\n\n    #overlay {\n        display: flex;\n        position: absolute;\n        top: 0;\n        left: 0;\n        width: 100%;\n        height: 100%;\n        background: rgba(0, 29, 63, 0.6);\n        color: #fff;\n        justify-content: center;\n        align-items: center;\n        text-align: center;\n        z-index: 1000;\n        cursor: pointer;\n        font-family: 'Montserrat';\n    }\n\n    #myFrame {\n        position: absolute;\n        top: 0;\n        left: 0;\n        width: 100%;\n        height: 700px;\n        border: none;\n    }\n\n    #container {\n        position: relative;\n        width: 100%;\n        height: 700px;\n    }\n\n    .rundgang {\n        font-size: 36pt;\n        font-family: 'Montserrat';\n        line-height: normal;\n    }\n<\/style>\n\n<body>\n    <div id=\"container\">\n        <div id=\"overlay\" class=\"rundgang\" onclick=\"loadFrame()\">3D TURA BA\u015eLAYIN?<\/div>\n        <iframe id=\"myFrame\" src=\"https:\/\/azubiwerk.net\/wp-content\/rundgaenge\/muenzviertel\/index.htm\"><\/iframe>\n    <\/div>\n\n    <script>\n        function loadFrame() {\n            document.getElementById('overlay').style.display = 'none';\n            document.getElementById('myFrame').style.display = 'block';\n        }\n\n        document.addEventListener('DOMContentLoaded', function () {\n            document.getElementById('overlay').style.display = 'flex';\n        });\n    <\/script>\n<\/body>\n\n\n\n<div class=\"wp-block-group\"><div class=\"wp-block-group__inner-container is-layout-flow wp-block-group-is-layout-flow\">\n<div class=\"wp-block-media-text has-media-on-the-right is-stacked-on-mobile has-background\" style=\"background-color:#cfdfec;grid-template-columns:auto 35%\"><div class=\"wp-block-media-text__content\">\n<h2 class=\"wp-block-heading has-neve-link-color-color has-text-color has-link-color wp-elements-6f9a705541754db6907b4f52954188e6\">M\u00dcNZVIERTEL'DEKI TEKLIFLER<\/h2>\n\n\n\n<p class=\"has-neve-link-color-color has-text-color has-link-color has-medium-font-size wp-elements-5c98f2cd064eb5426c543b3a7d22ea6e\">\"G\u00f6zetim yerine destek\" ilkesi \u00e7er\u00e7evesinde, stajyerler burada ebeveynlerinin evinin d\u0131\u015f\u0131na ba\u011f\u0131ms\u0131z ve kendi sorumluluklar\u0131 alt\u0131nda ilk ad\u0131mlar\u0131n\u0131 atarken de desteklenmektedir. Pedagojik ekibimiz tesis b\u00fcnyesinde \u00e7ok \u00e7e\u015fitli faaliyetler ve dan\u0131\u015fmanl\u0131k hizmetleri sunmaktad\u0131r. Kursiyerler, di\u011fer \u015feylerin yan\u0131 s\u0131ra, kendi b\u00fct\u00e7esine sahip olan yurt konseylerini d\u00fczenli olarak se\u00e7erek ya\u015fam ortamlar\u0131n\u0131 \u015fekillendirmede aktif bir rol oynamaktad\u0131r.<br><br>Unser p\u00e4dagogisches Team ist im Azubiwerk M\u00fcnzviertel 3-4 Tage und jeweils Nachmittags und Abends vor Ort.<br>Stajyerlerimize a\u015fa\u011f\u0131daki programlar\u0131 (se\u00e7im) sunuyoruz:<\/p>\n\n\n<div class=\"oxi-addons-container   oxi-addons-flipbox-template-style4\">        <div class=\"oxilab-flip-box-wrapper\">\n                                <div class=\"oxilab-flip-box-col-3 oxilab-flip-box-padding-2\"\n                        sa-data-animation=\"\"\n                        sa-data-animation-offset=\"100%\"\r\n                        sa-data-animation-delay=\"0ms\"\r\n                        sa-data-animation-duration=\" 30000ms\"\n                        >\r\n                        <div class=\"oxilab-flip-box-body-2 oxilab-flip-box-body-2-7\">\n                                                        <div class=\"oxilab-flip-box-body-absulote\">\n                                <div class=\"oxilab-flip-box-flip oxilab-flip-box-flip-left-to-right\">\n                                    <div class=\"oxilab-flip-box-style-data easing_easeInOutCirc\">\n                                        <div class=\"oxilab-flip-box-style\">\n                                            <div class=\"oxilab-flip-box-front\">\n                                                <div class=\"oxilab-flip-box-2\">\n                                                    <div class=\"oxilab-flip-box-2-data\">\n                                                        <div class=\"oxilab-icon\">\n                                                            <div class=\"oxilab-icon-data\">\n                                                                        <i class=\"oxi-icons\"><\/i>\n                                                                    <\/div>\n                                                        <\/div>\n                                                        <div class=\"oxilab-heading\">\n                                                            DANI\u015eMANLIK                                                        <\/div>\n                                                        <div class=\"oxilab-info\">\n                                                                                                                    <\/div>\n\n                                                    <\/div>\n                                                <\/div>\n                                            <\/div>\n                                            <div class=\"oxilab-flip-box-back\">\n                                                <div class=\"oxilab-flip-box-back-2\">\n                                                    <div class=\"oxilab-flip-box-back-2-data\">\n                                                        <div class=\"oxilab-heading\">\n                                                                                                                    <\/div>\n                                                        <div class=\"oxilab-info\">\n                                                            <ul><li>Mesleki e\u011fitim \u00f6dene\u011fi (BAB), konut yard\u0131m\u0131 veya BAf\u00f6G i\u00e7in ba\u015fvuru<\/li> <li>Operasyonda kar\u015f\u0131la\u015f\u0131lan zorluklar<\/li> <li>Ki\u015fisel sorunlar<\/li>                                                        <\/div>\n                                                                                                            <\/div>\n                                                <\/div>\n                                            <\/div>\n                                        <\/div>\n                                    <\/div>\n                                <\/div>\n                            <\/div>\n                            \n                        <\/div>\n\n\n                                                \n                    <\/div>\n                                        <div class=\"oxilab-flip-box-col-3 oxilab-flip-box-padding-2\"\n                        sa-data-animation=\"\"\n                        sa-data-animation-offset=\"100%\"\r\n                        sa-data-animation-delay=\"0ms\"\r\n                        sa-data-animation-duration=\" 30000ms\"\n                        >\r\n                        <div class=\"oxilab-flip-box-body-2 oxilab-flip-box-body-2-8\">\n                                                        <div class=\"oxilab-flip-box-body-absulote\">\n                                <div class=\"oxilab-flip-box-flip oxilab-flip-box-flip-left-to-right\">\n                                    <div class=\"oxilab-flip-box-style-data easing_easeInOutCirc\">\n                                        <div class=\"oxilab-flip-box-style\">\n                                            <div class=\"oxilab-flip-box-front\">\n                                                <div class=\"oxilab-flip-box-2\">\n                                                    <div class=\"oxilab-flip-box-2-data\">\n                                                        <div class=\"oxilab-icon\">\n                                                            <div class=\"oxilab-icon-data\">\n                                                                        <i class=\"oxi-icons\"><\/i>\n                                                                    <\/div>\n                                                        <\/div>\n                                                        <div class=\"oxilab-heading\">\n                                                            E\u011eLENCE                                                        <\/div>\n                                                        <div class=\"oxilab-info\">\n                                                                                                                    <\/div>\n\n                                                    <\/div>\n                                                <\/div>\n                                            <\/div>\n                                            <div class=\"oxilab-flip-box-back\">\n                                                <div class=\"oxilab-flip-box-back-2\">\n                                                    <div class=\"oxilab-flip-box-back-2-data\">\n                                                        <div class=\"oxilab-heading\">\n                                                                                                                    <\/div>\n                                                        <div class=\"oxilab-info\">\n                                                            <ul><li> Pazar brunch'\u0131 ve yemek pi\u015firme ak\u015famlar\u0131 Spor aktiviteleri<\/li> <li>Foto\u011fraf, bah\u00e7e ve el sanatlar\u0131 kul\u00fcb\u00fc<\/li> <li>Film ve oyun ak\u015famlar\u0131<\/li> <li>Kutlamalar<\/li>                                                        <\/div>\n                                                                                                            <\/div>\n                                                <\/div>\n                                            <\/div>\n                                        <\/div>\n                                    <\/div>\n                                <\/div>\n                            <\/div>\n                            \n                        <\/div>\n\n\n                                                \n                    <\/div>\n                                        <div class=\"oxilab-flip-box-col-3 oxilab-flip-box-padding-2\"\n                        sa-data-animation=\"\"\n                        sa-data-animation-offset=\"100%\"\r\n                        sa-data-animation-delay=\"0ms\"\r\n                        sa-data-animation-duration=\" 30000ms\"\n                        >\r\n                        <div class=\"oxilab-flip-box-body-2 oxilab-flip-box-body-2-9\">\n                                                        <div class=\"oxilab-flip-box-body-absulote\">\n                                <div class=\"oxilab-flip-box-flip oxilab-flip-box-flip-left-to-right\">\n                                    <div class=\"oxilab-flip-box-style-data easing_easeInOutCirc\">\n                                        <div class=\"oxilab-flip-box-style\">\n                                            <div class=\"oxilab-flip-box-front\">\n                                                <div class=\"oxilab-flip-box-2\">\n                                                    <div class=\"oxilab-flip-box-2-data\">\n                                                        <div class=\"oxilab-icon\">\n                                                            <div class=\"oxilab-icon-data\">\n                                                                        <i class=\"oxi-icons\"><\/i>\n                                                                    <\/div>\n                                                        <\/div>\n                                                        <div class=\"oxilab-heading\">\n                                                            E\u011e\u0130T\u0130M                                                        <\/div>\n                                                        <div class=\"oxilab-info\">\n                                                                                                                    <\/div>\n\n                                                    <\/div>\n                                                <\/div>\n                                            <\/div>\n                                            <div class=\"oxilab-flip-box-back\">\n                                                <div class=\"oxilab-flip-box-back-2\">\n                                                    <div class=\"oxilab-flip-box-back-2-data\">\n                                                        <div class=\"oxilab-heading\">\n                                                                                                                    <\/div>\n                                                        <div class=\"oxilab-info\">\n                                                            <ul> <li>B\u00fct\u00e7e y\u00f6netimi ve mali disiplin<\/li> <li>\u00d6z-organizasyon ve \u00f6\u011frenme yard\u0131mc\u0131lar\u0131<\/li> <li>Sahada sanat ve k\u00fclt\u00fcr<\/li>                                                        <\/div>\n                                                                                                            <\/div>\n                                                <\/div>\n                                            <\/div>\n                                        <\/div>\n                                    <\/div>\n                                <\/div>\n                            <\/div>\n                            \n                        <\/div>\n\n\n                                                \n                    <\/div>\n                            <\/div>\n        <\/div>\n<\/div><figure class=\"wp-block-media-text__media\"><img loading=\"lazy\" decoding=\"async\" width=\"1024\" height=\"768\" src=\"https:\/\/azubiwerk.de\/wp-content\/uploads\/2024\/02\/AnischtMuenzi4-1024x768.jpg\" alt=\"\" class=\"wp-image-1700 size-full\" srcset=\"https:\/\/azubiwerk.de\/wp-content\/uploads\/2024\/02\/AnischtMuenzi4-1024x768.jpg 1024w, https:\/\/azubiwerk.de\/wp-content\/uploads\/2024\/02\/AnischtMuenzi4-300x225.jpg 300w, https:\/\/azubiwerk.de\/wp-content\/uploads\/2024\/02\/AnischtMuenzi4-768x576.jpg 768w, https:\/\/azubiwerk.de\/wp-content\/uploads\/2024\/02\/AnischtMuenzi4-1536x1152.jpg 1536w, https:\/\/azubiwerk.de\/wp-content\/uploads\/2024\/02\/AnischtMuenzi4-16x12.jpg 16w, https:\/\/azubiwerk.de\/wp-content\/uploads\/2024\/02\/AnischtMuenzi4.jpg 2048w\" sizes=\"auto, (max-width: 1024px) 100vw, 1024px\" \/><\/figure><\/div>\n<\/div><\/div>\n\n\n\n<div class=\"wp-block-media-text is-stacked-on-mobile background-gradient1 has-nv-text-dark-bg-color has-neve-link-color-background-color has-text-color has-background has-link-color wp-elements-8d9ea13ded913a27f7479c13f2813944\" style=\"grid-template-columns:31% auto\"><figure class=\"wp-block-media-text__media\"><img loading=\"lazy\" decoding=\"async\" width=\"600\" height=\"600\" src=\"https:\/\/azubiwerk.de\/wp-content\/uploads\/2024\/02\/Lageplan.jpg\" alt=\"\" class=\"wp-image-1764 size-full\" srcset=\"https:\/\/azubiwerk.de\/wp-content\/uploads\/2024\/02\/Lageplan.jpg 600w, https:\/\/azubiwerk.de\/wp-content\/uploads\/2024\/02\/Lageplan-300x300.jpg 300w, https:\/\/azubiwerk.de\/wp-content\/uploads\/2024\/02\/Lageplan-150x150.jpg 150w, https:\/\/azubiwerk.de\/wp-content\/uploads\/2024\/02\/Lageplan-12x12.jpg 12w\" sizes=\"auto, (max-width: 600px) 100vw, 600px\" \/><\/figure><div class=\"wp-block-media-text__content\">\n<p class=\"has-nv-text-dark-bg-color has-text-color has-link-color has-medium-font-size wp-elements-5e41afe5da145c9adefb77a77e0c12f7\"><br>Azubiwerk M\u00fcnzviertel, Hamburg'un ana tren istasyonunun merkezine yak\u0131n Norderstra\u00dfe 67 adresinde yer almaktad\u0131r. <br><br>Buraya y\u00fcr\u00fcyerek 5 - 7 dakikada ula\u015f\u0131labilir.<br><br><strong>Resepsiyon ekibi&nbsp;<\/strong><br><strong>(Genel sorular i\u00e7in)<\/strong><br>Telefon: 040 6077144-70<br>EMail:&nbsp;<a href=\"mailto:empfang@azubiwerk.de\">empfang-muenzviertel@azubiwerk.de<\/a><\/p>\n<\/div><\/div>","protected":false},"excerpt":{"rendered":"<p>M\u00dcNZVIERTEL'DE YA\u015eAMAK \u00dc\u00e7\u00fcnc\u00fc yurt binam\u0131z M\u00fcnzviertel'nin kalbinde, Hamburg'un ana tren istasyonunun yak\u0131n\u0131nda merkezi bir konumda yer almaktad\u0131r. \u015eehir manzaral\u0131 bu \u00e7ekici yeni bina, yakla\u015f\u0131k 209 stajyer i\u00e7in alan sunan bir yerle\u015fim b\u00f6lgesinde yer almaktad\u0131r. Ancak burada ev bulanlar sadece stajyerler de\u011fil; kom\u015fu tedarik\u00e7iler taraf\u0131ndan sunulan konaklama imkanlar\u0131 da...&nbsp;<a href=\"https:\/\/azubiwerk.de\/tr\/standorte\/muenzviertel\/\" rel=\"bookmark\">DAHA FAZLASI<span class=\"screen-reader-text\">M\u00fcnzviertel<\/span><\/a><\/p>","protected":false},"author":1,"featured_media":0,"parent":11,"menu_order":0,"comment_status":"closed","ping_status":"closed","template":"","meta":{"neve_meta_sidebar":"","neve_meta_container":"","neve_meta_enable_content_width":"on","neve_meta_content_width":100,"neve_meta_title_alignment":"","neve_meta_author_avatar":"","neve_post_elements_order":"","neve_meta_disable_header":"","neve_meta_disable_footer":"","neve_meta_disable_title":"on","neve_meta_reading_time":"","footnotes":""},"class_list":["post-1195","page","type-page","status-publish","hentry"],"_links":{"self":[{"href":"https:\/\/azubiwerk.de\/tr\/wp-json\/wp\/v2\/pages\/1195","targetHints":{"allow":["GET"]}}],"collection":[{"href":"https:\/\/azubiwerk.de\/tr\/wp-json\/wp\/v2\/pages"}],"about":[{"href":"https:\/\/azubiwerk.de\/tr\/wp-json\/wp\/v2\/types\/page"}],"author":[{"embeddable":true,"href":"https:\/\/azubiwerk.de\/tr\/wp-json\/wp\/v2\/users\/1"}],"replies":[{"embeddable":true,"href":"https:\/\/azubiwerk.de\/tr\/wp-json\/wp\/v2\/comments?post=1195"}],"version-history":[{"count":21,"href":"https:\/\/azubiwerk.de\/tr\/wp-json\/wp\/v2\/pages\/1195\/revisions"}],"predecessor-version":[{"id":2407,"href":"https:\/\/azubiwerk.de\/tr\/wp-json\/wp\/v2\/pages\/1195\/revisions\/2407"}],"up":[{"embeddable":true,"href":"https:\/\/azubiwerk.de\/tr\/wp-json\/wp\/v2\/pages\/11"}],"wp:attachment":[{"href":"https:\/\/azubiwerk.de\/tr\/wp-json\/wp\/v2\/media?parent=1195"}],"curies":[{"name":"wp","href":"https:\/\/api.w.org\/{rel}","templated":true}]}}