{"id":1051,"date":"2023-12-20T17:02:40","date_gmt":"2023-12-20T16:02:40","guid":{"rendered":"https:\/\/azubiwerk.de\/?page_id=1051"},"modified":"2025-05-02T12:03:05","modified_gmt":"2025-05-02T10:03:05","slug":"karriere","status":"publish","type":"page","link":"https:\/\/azubiwerk.de\/tr\/karriere\/","title":{"rendered":"Kariyer"},"content":{"rendered":"\n<p>Unser Team ist hochmotiviert und steht voll hinter dem Stiftungsziel, g\u00fcnstigen Wohnraum f\u00fcr Azubis in Hamburg zu schaffen und Auszubildenden einen erfolgreichen Start in das Berufsleben zu erm\u00f6glichen. Wenn Sie auf der Suche nach einer neuen Herausforderung sind, freuen wir uns, wenn Sie unser Team kompetent verst\u00e4rken.<\/p>\n\n\n\n<div class=\"wp-block-group\"><div class=\"wp-block-group__inner-container is-layout-constrained wp-block-group-is-layout-constrained\">\n<h2 class=\"wp-block-heading\" id=\"stellenausschreibungen\">STELLENAUSSCHREIBUNGEN<\/h2>\n\n\n\n<ul class=\"wp-block-list\">\n<li>Community Agent auf Minijobbasis oder in Teilzeit: <a href=\"https:\/\/azubiwerk.de\/wp-content\/uploads\/2024\/06\/Stellenausschreibung-Community-Agent.pdf\">Stellenanzeige \u00f6ffnen<\/a><\/li>\n\n\n\n<li>P\u00e4dagogische Fachkraft (m\/w\/d) mit 19,5 bis 30 Std.\/Woche: <a href=\"https:\/\/azubiwerk.de\/wp-content\/uploads\/2024\/06\/Stellenausschreibung-Paedagogische-Fachkraft.pdf\" target=\"_blank\" rel=\"noreferrer noopener\">Stellenanzeige \u00f6ffnen<\/a> <\/li>\n\n\n\n<li>Empfangsmitarbeiter: innen (m\/w\/d) mit 20 bis 30 Stunden\/Woche: <a href=\"https:\/\/azubiwerk.de\/wp-content\/uploads\/2025\/01\/Stellenausschreibung-Empfang-HW-final-030125hw.pdf\" target=\"_blank\" rel=\"noreferrer noopener\">Stellenanzeige \u00f6ffnen<\/a> <script>\n      {\n        \"@context\": \"https:\/\/schema.org\/\",\n        \"@type\": \"JobPosting\",\n        \"title\": \"Empfangsmitarbeiter:innen\",\n        \"description\": \"Die Stiftung Auszubildendenwerk entwickelt und betreibt Wohnheime f\u00fcr Auszubildende. Wir sind eine wachsende Stiftung und suchen nun eine:n Empfangsmitarbeiter:in f\u00fcr unsere Wohnheime in Hamburg. Neben einer abwechslungsreichen T\u00e4tigkeit bieten wir ein lebendiges und positives Arbeitsumfeld.\",\n        \"datePosted\": \"2024-02-19\",\n        \"validThrough\": \"2024-03-19\",\n        \"employmentType\": [\"Part-time\", \"Full-time\"],\n        \"hiringOrganization\": {\n          \"@type\": \"Organization\",\n          \"name\": \"Stiftung Azubiwerk\",\n          \"sameAs\": \"https:\/\/www.azubiwerk.de\/\",\n          \"logo\": \"https:\/\/www.azubiwerk.de\/logo.png\"\n        },\n        \"jobLocation\": {\n          \"@type\": \"Place\",\n          \"address\": {\n            \"@type\": \"PostalAddress\",\n            \"streetAddress\": \"Hammer Stra\u00dfe 8\",\n            \"addressLocality\": \"Hamburg\",\n            \"postalCode\": \"22041\",\n            \"addressCountry\": \"Deutschland\",\n            \"addressRegion\": \"Hamburg\"\n          }\n        },\n        \"responsibilities\": [\n          \"Pr\u00e4senz am Empfangstresen im Wechselschichtdienst (vorwiegende Arbeitszeiten wochentags von 6 \u2013 14:15 Uhr bzw. t\u00e4glich von 22 \u2013 06:15 Uhr)\",\n          \"Wahrung der hausinternen Regeln des Wohnheims\",\n          \"Unterst\u00fctzung der Auszubildenden bei der Pers\u00f6nlichkeitsentwicklung und Verselbst\u00e4ndigung im eigenen Wohnraum\",\n          \"Ansprechperson f\u00fcr die Auszubildenden, Krisenintervention, Verweisberatung\",\n          \"Unterst\u00fctzung bei der Durchf\u00fchrung p\u00e4dagogischer Angebote\",\n          \"Bewohneradministration\",\n          \"Ein- und Auszugsmanagement\",\n          \"Teilnahme an Teambesprechungen und regelm\u00e4\u00dfiger Austausch im Team\"\n        ],\n        \"qualifications\": [\n          \"Eine abgeschlossene Berufsausbildung (gerne im Bereich Erziehung, Hotellerie oder Pflege) oder ein laufendes Studium im sozialen Bereich ist w\u00fcnschenswert\",\n          \"Erfahrungen im Umgang mit Jugendlichen bzw. jungen Erwachsenen (z.B. als Jugendleiter:in oder Ausbilder:in) sind von Vorteil\",\n          \"Bereitschaft zur \u00dcbernahme auch von Sp\u00e4t- und Wochenendschichten sowie Diensten in unseren H\u00e4usern in Harburg und im M\u00fcnzviertel (wochentags von 15 \u2013 21 Uhr, samstags von 12 \u2013 18 Uhr)\",\n          \"Erfahrungen mit Schichtarbeit (z.B. in Wohnheimen, in der Hotellerie oder in der Pflege) sind von Vorteil\",\n          \"Servicebereitschaft und Freude im Austausch mit unseren vielf\u00e4ltigen Auszubildenden\",\n          \"P\u00e4dagogisches und handwerkliches Geschick\",\n          \"Gute Organisations- und Durchsetzungsf\u00e4higkeit\",\n          \"Interkulturelle Kompetenz und Handlungsgeschick in Konfliktsituationen\",\n          \"Sicherer Umgang mit dem Computer und gute MS-Office-Kenntnisse\",\n          \"Eigeninitiative, Motivation, Leistungsbereitschaft, Kommunikationsst\u00e4rke sowie sicheres und freundliches Auftreten\",\n          \"Teamf\u00e4higkeit sowie eine strukturierte, selbst\u00e4ndige und zuverl\u00e4ssige Arbeitsweise\"\n        ],\n        \"jobBenefits\": [\n          \"Eine T\u00e4tigkeit in Vollzeit (39 h\/Woche) oder Teilzeit\",\n          \"Einen unbefristeten Arbeitsvertrag\",\n          \"Faire Verg\u00fctung mit Nacht-, Wochenend- und Feiertagszulagen\",\n          \"30 Urlaubstage im Jahr\",\n          \"Gute Verkehrsanbindung zu allen Einrichtungen\",\n          \"Ein kollegiales und unverkrampftes Miteinander\",\n          \"Ein buntes und generations\u00fcbergreifendes Team\",\n          \"Ein spannendes und abwechslungsreiches Arbeitsumfeld\",\n          \"Eine bestm\u00f6gliche Ber\u00fccksichtigung einer flexiblen Arbeitszeitgestaltung\",\n          \"Die M\u00f6glichkeit, pers\u00f6nliche St\u00e4rken und Interessen in Form von Gruppenangeboten einzubringen\",\n          \"Fort- und Weiterbildungsm\u00f6glichkeiten\",\n          \"M\u00f6glichkeit zur Inanspruchnahme einer Mitarbeiterwohnung (auch geeignet f\u00fcr eine Familie)\",\n          \"Kollegiale (Fall-)beratung und Supervision nach Bedarf\",\n          \"Bei Bedarf einen Dienstwagen auch zur privaten Nutzung (1 % Regelung)\",\n          \"Netto-Sachleistung: Wahlweise als 49\u20ac-Ticket, Tankgutschein oder Fahrradleasing\"\n        ],\n        \"url\": \"https:\/\/stiftung.azubiwerk.de\/bewerbung\/\"\n      }\n    <\/script><\/li>\n\n\n\n<li>Immobilienkaufmann \/ Immobilienkauffrau oder Wohnungsverwalter: in (m\/w\/d) in Teilzeit oder Vollzeit (20 h-39 h\/Woche) : <a href=\"https:\/\/azubiwerk.de\/wp-content\/uploads\/2024\/11\/Stellenausschreibung-Immobilinekauff-m-20242510-version-imka-hw-2-1.pdf\">Stellenanzeige \u00f6ffnen<\/a><\/li>\n\n\n\n<li>Bundesfreiwilligendienst (m\/w\/d) in Vollzeit: <a href=\"https:\/\/azubiwerk.de\/wp-content\/uploads\/2024\/02\/20231011-Stellenausschreibung-Bufdi_ud.pdf\" target=\"_blank\" rel=\"noreferrer noopener\">Stellenanzeige \u00f6ffnen<\/a>     <script>\n      {\n        \"@context\": \"https:\/\/schema.org\/\",\n        \"@type\": \"JobPosting\",\n        \"title\": \"Bundesfreiwilligendienst\",\n        \"description\": \"Die Stiftung Auszubildendenwerk entwickelt und betreibt Wohnheime f\u00fcr Auszubildende. Wir sind eine wachsende Stiftung und suchen nun im Rahmen eines Bundesfreiwilligendienstes Verst\u00e4rkung f\u00fcr unsere Wohnheime in Hamburg. Neben einer abwechslungsreichen T\u00e4tigkeit bieten wir ein lebendiges und positives Arbeitsumfeld.\",\n        \"datePosted\": \"2024-02-19\",\n        \"validThrough\": \"2025-02-19\",\n        \"employmentType\": [\"Full-time\"],\n        \"hiringOrganization\": {\n          \"@type\": \"Organization\",\n          \"name\": \"Stiftung Azubiwerk\",\n          \"sameAs\": \"https:\/\/www.azubiwerk.de\/\",\n          \"logo\": \"https:\/\/www.azubiwerk.de\/logo.png\"\n        },\n        \"jobLocation\": {\n          \"@type\": \"Place\",\n          \"address\": {\n            \"@type\": \"PostalAddress\",\n            \"streetAddress\": \"Hammer Stra\u00dfe 8\",\n            \"addressLocality\": \"Hamburg\",\n            \"postalCode\": \"22041\",\n            \"addressCountry\": \"Deutschland\",\n            \"addressRegion\": \"Hamburg\"\n          }\n        },\n        \"responsibilities\": [\n          \"Arbeitszeit von 12.30 bis 21.00 an 5 Tagen, wobei auch Bereitschaft zur Arbeit am Wochenende sowie bei Bedarf in der Zeit von 8.00 bis 16.30 gew\u00fcnscht ist.\",\n          \"Unterst\u00fctzung am Empfangsbereich der Wohnheime; Interaktion und Korrespondenz mit den Bewohnern und Anrufern.\",\n          \"Durchf\u00fchrung von p\u00e4dagogischen Freizeitangeboten am Nachmittag\/Abend\/Wochenende\",\n          \"Unterst\u00fctzung des Hausmeisters bei Reparaturen und Instandhaltungsarbeiten\",\n          \"Unterst\u00fctzung des Hausverwaltungsteams\"\n        ],\n        \"qualifications\": [\n          \"Erfahrungen im Umgang mit Jugendlichen bzw. jungen Erwachsenen\",\n          \"Bereitschaft zur \u00dcbernahme von Fr\u00fch-\/Sp\u00e4t- und Wochenendschichten\",\n          \"Servicebereitschaft und Freude am Austausch mit den Auszubildenden\",\n          \"Handwerkliches Geschick\",\n          \"Gute Organisationsf\u00e4higkeit\",\n          \"Interkulturelle Kompetenz und Handlungsgeschick in Konfliktsituationen\",\n          \"Sicherer Umgang mit dem Computer und gute MS-Office-Kenntnisse\",\n          \"Eigeninitiative, Motivation, Leistungsbereitschaft, Kommunikationsst\u00e4rke sowie sicheres und freundliches Auftreten\",\n          \"Teamf\u00e4higkeit sowie eine strukturierte, selbst\u00e4ndige und zuverl\u00e4ssige Arbeitsweise\",\n          \"Englischkenntnisse w\u00fcnschenswert; Deutsch mindestens B1\"\n        ],\n        \"jobBenefits\": [\n          \"Eine 12-monatige T\u00e4tigkeit in Vollzeit\",\n          \"Taschengeld in H\u00f6he von 438 Euro; falls du nicht in Hamburg wohnst, stellen wir Dir ein WG-Zimmer oder gew\u00e4hren einen Wohnkostenkostenzuschuss in H\u00f6he von 231 Euro.\",\n          \"30 Urlaubstage auf 12 Monate Dienstzeit\",\n          \"Gute Verkehrsanbindung zu allen Einrichtungen\",\n          \"Ein kollegiales und unverkrampftes Miteinander\",\n          \"Ein buntes und generations\u00fcbergreifendes Team\",\n          \"Ein spannendes und abwechslungsreiches Arbeitsumfeld\",\n          \"Die M\u00f6glichkeit, pers\u00f6nliche St\u00e4rken und Interessen in Form von Gruppenangeboten einzubringen\",\n          \"Spannende Seminare im Rahmen des Bundesfreiwilligendienstes\",\n          \"M\u00f6glichkeit zur Inanspruchnahme einer Mitarbeiterwohnung\",\n          \"Netto-Sachleistung: Wahlweise als 49\u20ac-Ticket oder Tankgutschein\"\n        ],\n        \"url\": \"https:\/\/stiftung.azubiwerk.de\/bewerbung\/\"\n      }\n    <\/script> <\/li>\n\n\n\n<li>Verwaltungs- und Kaufm\u00e4nnische Leitung (m\/w\/d) in Vollzeit 39 Stunden\/Woche: <a href=\"https:\/\/azubiwerk.de\/wp-content\/uploads\/2025\/01\/2025-01-03-Ausschreibung-Azubiwerk-Verwaltungs-und-Kaufmaennische-Leitung-final-030125JC.-.pdf\" target=\"_blank\" rel=\"noreferrer noopener\">Stellenanzeige \u00f6ffnen<\/a> <\/li>\n<\/ul>\n<\/div><\/div>\n\n\n\n<div class=\"wp-block-buttons is-layout-flex wp-block-buttons-is-layout-flex\">\n<div class=\"wp-block-button is-style-primary\"><a class=\"wp-block-button__link wp-element-button\" href=\"https:\/\/azubiwerk.de\/stellenbewerbung\/\" target=\"_blank\" rel=\"noreferrer noopener\">BEWERBUNG EINREICHEN<\/a><\/div>\n<\/div>\n\n\n\n<p><\/p>\n","protected":false},"excerpt":{"rendered":"<p>Ekibimiz y\u00fcksek motivasyona sahiptir ve vakf\u0131n Hamburg'daki stajyerler i\u00e7in uygun fiyatl\u0131 konut yaratma ve stajyerlerin kariyerlerine ba\u015far\u0131l\u0131 bir ba\u015flang\u0131\u00e7 yapmalar\u0131n\u0131 sa\u011flama hedefini tamamen desteklemektedir. Yeni bir meydan okuma ar\u0131yorsan\u0131z, ekibimize kat\u0131lman\u0131zdan memnuniyet duyar\u0131z. \u0130\u015e \u0130LANLARI<\/p>","protected":false},"author":1,"featured_media":0,"parent":0,"menu_order":0,"comment_status":"closed","ping_status":"closed","template":"","meta":{"neve_meta_sidebar":"","neve_meta_container":"","neve_meta_enable_content_width":"","neve_meta_content_width":0,"neve_meta_title_alignment":"","neve_meta_author_avatar":"","neve_post_elements_order":"","neve_meta_disable_header":"","neve_meta_disable_footer":"","neve_meta_disable_title":"","neve_meta_reading_time":"","footnotes":""},"class_list":["post-1051","page","type-page","status-publish","hentry"],"_links":{"self":[{"href":"https:\/\/azubiwerk.de\/tr\/wp-json\/wp\/v2\/pages\/1051","targetHints":{"allow":["GET"]}}],"collection":[{"href":"https:\/\/azubiwerk.de\/tr\/wp-json\/wp\/v2\/pages"}],"about":[{"href":"https:\/\/azubiwerk.de\/tr\/wp-json\/wp\/v2\/types\/page"}],"author":[{"embeddable":true,"href":"https:\/\/azubiwerk.de\/tr\/wp-json\/wp\/v2\/users\/1"}],"replies":[{"embeddable":true,"href":"https:\/\/azubiwerk.de\/tr\/wp-json\/wp\/v2\/comments?post=1051"}],"version-history":[{"count":50,"href":"https:\/\/azubiwerk.de\/tr\/wp-json\/wp\/v2\/pages\/1051\/revisions"}],"predecessor-version":[{"id":2415,"href":"https:\/\/azubiwerk.de\/tr\/wp-json\/wp\/v2\/pages\/1051\/revisions\/2415"}],"wp:attachment":[{"href":"https:\/\/azubiwerk.de\/tr\/wp-json\/wp\/v2\/media?parent=1051"}],"curies":[{"name":"wp","href":"https:\/\/api.w.org\/{rel}","templated":true}]}}