{"id":74,"date":"2023-11-20T17:00:21","date_gmt":"2023-11-20T16:00:21","guid":{"rendered":"https:\/\/azubiwerk.de\/?page_id=74"},"modified":"2025-04-22T13:11:31","modified_gmt":"2025-04-22T11:11:31","slug":"impressum","status":"publish","type":"page","link":"https:\/\/azubiwerk.de\/es\/impressum\/","title":{"rendered":"Pie de imprenta"},"content":{"rendered":"<div class=\"wp-block-group\"><div class=\"wp-block-group__inner-container is-layout-constrained wp-block-group-is-layout-constrained\">\n<h1 class=\"wp-block-heading\">Pie de imprenta<\/h1>\n\n\n\n<h2 class=\"wp-block-heading\">Informaci\u00f3n conforme al art\u00edculo 5 de la TMG:<\/h2>\n\n\n\n<p>Fundaci\u00f3n Auszubildendenwerk<br>(fundaci\u00f3n de derecho civil)<br>Martillo Str. 8<br>22041 Hamburgo<\/p>\n\n\n\n<h2 class=\"wp-block-heading\">Representado por:<\/h2>\n\n\n\n<p>Olaf Schwede (Stellvertretender Vorsitzender des Vorstandes)<\/p>\n\n\n\n<h2 class=\"wp-block-heading\">Contacto:<\/h2>\n\n\n\n<figure class=\"wp-block-table\"><table><tbody><tr><td>Tel\u00e9fono:<\/td><td>+49 40 607 71 44-70<\/td><\/tr><tr><td>correo electr\u00f3nico:<\/td><td>info@azubiwerk-hamburg.de<\/td><\/tr><\/tbody><\/table><\/figure>\n\n\n\n<h2 class=\"wp-block-heading\">Autoridad de control:<\/h2>\n\n\n\n<p>Oficina de Asuntos Correccionales y Jur\u00eddicos del Departamento de Asuntos Fundacionales de la Ciudad Libre y Hanse\u00e1tica de Hamburgo<\/p>\n\n\n\n<h2 class=\"wp-block-heading\">Detalles del seguro de responsabilidad profesional:<\/h2>\n\n\n\n<p>Nombre y domicilio social de la empresa:<\/p>\n\n\n\n<p>Se\u00f1al Iduna Allgemeine Versicherung AG<br>Joseph-Scherer-Strasse 3<br>44139 Dortmund<\/p>\n\n\n\n<p>Zona de validez del seguro: Alemania<\/p>\n\n\n\n<h2 class=\"wp-block-heading\">Responsable del contenido seg\u00fan \u00a7 55 Abs. 2 RStV:<\/h2>\n\n\n\n<p>Olaf Schwede (Stellvertretender Vorsitzender des Vorstandes)<\/p>\n\n\n\n<h2 class=\"wp-block-heading\">Referencia a la resoluci\u00f3n de litigios de la UE<\/h2>\n\n\n\n<p>La Comisi\u00f3n Europea ofrece una plataforma para la resoluci\u00f3n de litigios en l\u00ednea (OS):&nbsp;<a href=\"http:\/\/ec.europa.eu\/consumers\/odr\">http:\/\/ec.europa.eu\/consumers\/odr<\/a><br>Encontrar\u00e1 nuestra direcci\u00f3n de correo electr\u00f3nico en el aviso legal anterior.<\/p>\n<\/div><\/div>","protected":false},"excerpt":{"rendered":"<p>Impressum Angaben gem\u00e4\u00df \u00a7 5 TMG: Stiftung Auszubildendenwerk(Stiftung b\u00fcrgerlichen Rechts)Hammer Str. 822041 Hamburg Vertreten durch: Olaf Schwede (Stellvertretender Vorsitzender des Vorstandes) Kontakt: Telefon: +49 40 607 71 44-70 E-Mail: info@azubiwerk-hamburg.de Aufsichtsbeh\u00f6rde: Amt f\u00fcr Justizvollzug und Recht im Referat Stiftungsangelegenheiten der Freien und Hansestadt Hamburg Angaben zur Berufshaftpflichtversicherung: Name und Sitz der Gesellschaft: Signal Iduna Allgemeine&hellip;&nbsp;<a href=\"https:\/\/azubiwerk.de\/es\/impressum\/\" rel=\"bookmark\">M\u00c1S<span class=\"screen-reader-text\">Pie de imprenta<\/span><\/a><\/p>","protected":false},"author":1,"featured_media":0,"parent":0,"menu_order":0,"comment_status":"closed","ping_status":"closed","template":"","meta":{"neve_meta_sidebar":"","neve_meta_container":"","neve_meta_enable_content_width":"","neve_meta_content_width":0,"neve_meta_title_alignment":"","neve_meta_author_avatar":"","neve_post_elements_order":"","neve_meta_disable_header":"","neve_meta_disable_footer":"","neve_meta_disable_title":"","neve_meta_reading_time":"","footnotes":""},"class_list":["post-74","page","type-page","status-publish","hentry"],"_links":{"self":[{"href":"https:\/\/azubiwerk.de\/es\/wp-json\/wp\/v2\/pages\/74","targetHints":{"allow":["GET"]}}],"collection":[{"href":"https:\/\/azubiwerk.de\/es\/wp-json\/wp\/v2\/pages"}],"about":[{"href":"https:\/\/azubiwerk.de\/es\/wp-json\/wp\/v2\/types\/page"}],"author":[{"embeddable":true,"href":"https:\/\/azubiwerk.de\/es\/wp-json\/wp\/v2\/users\/1"}],"replies":[{"embeddable":true,"href":"https:\/\/azubiwerk.de\/es\/wp-json\/wp\/v2\/comments?post=74"}],"version-history":[{"count":8,"href":"https:\/\/azubiwerk.de\/es\/wp-json\/wp\/v2\/pages\/74\/revisions"}],"predecessor-version":[{"id":2399,"href":"https:\/\/azubiwerk.de\/es\/wp-json\/wp\/v2\/pages\/74\/revisions\/2399"}],"wp:attachment":[{"href":"https:\/\/azubiwerk.de\/es\/wp-json\/wp\/v2\/media?parent=74"}],"curies":[{"name":"wp","href":"https:\/\/api.w.org\/{rel}","templated":true}]}}