{"id":2289,"date":"2024-10-25T13:18:19","date_gmt":"2024-10-25T11:18:19","guid":{"rendered":"https:\/\/azubiwerk.de\/?page_id=2289"},"modified":"2024-10-25T13:19:08","modified_gmt":"2024-10-25T11:19:08","slug":"mein-azubiwerk-2","status":"publish","type":"page","link":"https:\/\/azubiwerk.de\/es\/mein-azubiwerk-2\/","title":{"rendered":"Mein Azubiwerk"},"content":{"rendered":"<div class=\"wp-block-cover\"><span aria-hidden=\"true\" class=\"wp-block-cover__background has-background-dim\"><\/span><img loading=\"lazy\" decoding=\"async\" width=\"2244\" height=\"964\" class=\"wp-block-cover__image-background wp-image-1189\" alt=\"\" src=\"https:\/\/azubiwerk.de\/wp-content\/uploads\/2023\/12\/Dachterrasse.jpg\" data-object-fit=\"cover\" srcset=\"https:\/\/azubiwerk.de\/wp-content\/uploads\/2023\/12\/Dachterrasse.jpg 2244w, https:\/\/azubiwerk.de\/wp-content\/uploads\/2023\/12\/Dachterrasse-300x129.jpg 300w, https:\/\/azubiwerk.de\/wp-content\/uploads\/2023\/12\/Dachterrasse-1024x440.jpg 1024w, https:\/\/azubiwerk.de\/wp-content\/uploads\/2023\/12\/Dachterrasse-768x330.jpg 768w, https:\/\/azubiwerk.de\/wp-content\/uploads\/2023\/12\/Dachterrasse-1536x660.jpg 1536w, https:\/\/azubiwerk.de\/wp-content\/uploads\/2023\/12\/Dachterrasse-2048x880.jpg 2048w, https:\/\/azubiwerk.de\/wp-content\/uploads\/2023\/12\/Dachterrasse-18x8.jpg 18w\" sizes=\"auto, (max-width: 2244px) 100vw, 2244px\" \/><div class=\"wp-block-cover__inner-container is-layout-constrained wp-block-cover-is-layout-constrained\">\n<p class=\"has-text-align-center has-large-font-size\"><\/p>\n<\/div><\/div>\n\n\n\n<div style=\"height:20px\" aria-hidden=\"true\" class=\"wp-block-spacer\"><\/div>\n\n\n\n<div style=\"height:20px\" aria-hidden=\"true\" class=\"wp-block-spacer\"><\/div>\n\n\n<ul class=\"wp-block-latest-posts__list has-dates aligncenter mein-azubiwerk-infofeed wp-elements-c697063fc25b551b8cc33f36f2604148 wp-block-latest-posts\"><li><a class=\"wp-block-latest-posts__post-title\" href=\"https:\/\/azubiwerk.de\/es\/wichtige-info\/\">Informaci\u00f3n actual<\/a><time datetime=\"2024-01-01T17:33:56+01:00\" class=\"wp-block-latest-posts__post-date\">1. enero 2024<\/time><div class=\"wp-block-latest-posts__post-excerpt\">La informaci\u00f3n importante se comparte aqu\u00ed seg\u00fan sea necesario.<\/div><\/li>\n<\/ul>\n\n\n<div style=\"height:20px\" aria-hidden=\"true\" class=\"wp-block-spacer\"><\/div>\n\n\n\n<div class=\"wp-block-columns alignfull are-vertically-aligned-center is-layout-flex wp-container-core-columns-is-layout-1 wp-block-columns-is-layout-flex\" style=\"padding-top:0;padding-right:0;padding-bottom:0;padding-left:0;font-size:0em\">\n<div class=\"wp-block-column is-vertically-aligned-center is-layout-flow wp-block-column-is-layout-flow\" style=\"padding-right:0;padding-left:0;flex-basis:50%\">\n<div class=\"wp-block-media-text is-stacked-on-mobile has-nv-text-dark-bg-color has-neve-link-color-background-color has-text-color has-background has-link-color wp-elements-16ec79fa6e2b17cf42e9bc600f5798e5\" style=\"padding-top:var(--wp--preset--spacing--50);padding-right:var(--wp--preset--spacing--50);padding-bottom:var(--wp--preset--spacing--50);padding-left:var(--wp--preset--spacing--50);grid-template-columns:35% auto\"><figure class=\"wp-block-media-text__media\"><img loading=\"lazy\" decoding=\"async\" width=\"680\" height=\"350\" src=\"https:\/\/azubiwerk.de\/wp-content\/uploads\/2024\/08\/fahrrad-1.png\" alt=\"\" class=\"wp-image-2171 size-full\" srcset=\"https:\/\/azubiwerk.de\/wp-content\/uploads\/2024\/08\/fahrrad-1.png 680w, https:\/\/azubiwerk.de\/wp-content\/uploads\/2024\/08\/fahrrad-1-300x154.png 300w, https:\/\/azubiwerk.de\/wp-content\/uploads\/2024\/08\/fahrrad-1-18x9.png 18w\" sizes=\"auto, (max-width: 680px) 100vw, 680px\" \/><\/figure><div class=\"wp-block-media-text__content\">\n<p class=\"has-text-align-center has-nv-text-dark-bg-color has-nv-dark-bg-background-color has-text-color has-background has-link-color has-large-font-size wp-elements-71c95dd94db929b81aeb92b31295fc4d\">Fahrradstellpl\u00e4tze<\/p>\n\n\n\n<div class=\"wp-block-buttons is-content-justification-center is-layout-flex wp-container-core-buttons-is-layout-1 wp-block-buttons-is-layout-flex\">\n<div class=\"wp-block-button\"><a class=\"wp-block-button__link has-neve-link-color-color has-nv-text-dark-bg-background-color has-text-color has-background has-link-color wp-element-button\" href=\"https:\/\/azubiwerk.de\/es\/fahrradstellplaetze-altona\/\" target=\"_blank\" rel=\"noreferrer noopener\">Altona<\/a><\/div>\n\n\n\n<div class=\"wp-block-button\"><a class=\"wp-block-button__link has-neve-link-color-color has-nv-text-dark-bg-background-color has-text-color has-background has-link-color wp-element-button\" href=\"https:\/\/azubiwerk.de\/es\/fahrrad-harburg\/\" target=\"_blank\" rel=\"noreferrer noopener\">Harburg<\/a><\/div>\n\n\n\n<div class=\"wp-block-button\"><a class=\"wp-block-button__link has-neve-link-color-color has-nv-text-dark-bg-background-color has-text-color has-background has-link-color wp-element-button\" href=\"https:\/\/azubiwerk.de\/es\/fahrrad-muenzviertel\/\" target=\"_blank\" rel=\"noreferrer noopener\">M\u00fcnzviertel<\/a><\/div>\n\n\n\n<div class=\"wp-block-button\"><a class=\"wp-block-button__link has-neve-link-color-color has-nv-text-dark-bg-background-color has-text-color has-background has-link-color wp-element-button\" href=\"https:\/\/azubiwerk.de\/es\/fahrrad-wandsbek\/\" target=\"_blank\" rel=\"noreferrer noopener\">Wandsbek<\/a><\/div>\n<\/div>\n<\/div><\/div>\n<\/div>\n\n\n\n<div class=\"wp-block-column is-vertically-aligned-center is-layout-flow wp-block-column-is-layout-flow\" style=\"flex-basis:50%\">\n<div class=\"wp-block-media-text is-stacked-on-mobile has-nv-text-dark-bg-color has-nv-c-2-background-color has-text-color has-background has-link-color wp-elements-9ca4214354fb6c972bac5e86a6487c8b\" style=\"padding-top:var(--wp--preset--spacing--50);padding-right:var(--wp--preset--spacing--50);padding-bottom:var(--wp--preset--spacing--50);padding-left:var(--wp--preset--spacing--50);grid-template-columns:35% auto\"><figure class=\"wp-block-media-text__media\"><img loading=\"lazy\" decoding=\"async\" width=\"680\" height=\"350\" src=\"https:\/\/azubiwerk.de\/wp-content\/uploads\/2024\/08\/auto-1.png\" alt=\"\" class=\"wp-image-2172 size-full\" srcset=\"https:\/\/azubiwerk.de\/wp-content\/uploads\/2024\/08\/auto-1.png 680w, https:\/\/azubiwerk.de\/wp-content\/uploads\/2024\/08\/auto-1-300x154.png 300w, https:\/\/azubiwerk.de\/wp-content\/uploads\/2024\/08\/auto-1-18x9.png 18w\" sizes=\"auto, (max-width: 680px) 100vw, 680px\" \/><\/figure><div class=\"wp-block-media-text__content\">\n<p class=\"has-text-align-center has-neve-link-color-color has-nv-c-2-background-color has-text-color has-background has-link-color has-large-font-size wp-elements-2f56b518af4258418a93da0a36396a5d\">Aparcamiento subterr\u00e1neo<\/p>\n\n\n\n<div class=\"wp-block-buttons is-content-justification-center is-layout-flex wp-container-core-buttons-is-layout-2 wp-block-buttons-is-layout-flex\">\n<div class=\"wp-block-button\"><a class=\"wp-block-button__link has-nv-text-dark-bg-color has-neve-link-color-background-color has-text-color has-background has-link-color wp-element-button\" href=\"https:\/\/azubiwerk.de\/es\/autostellplaetze-muenzviertel\/\" target=\"_blank\" rel=\"noreferrer noopener\">M\u00fcnzviertel<\/a><\/div>\n<\/div>\n<\/div><\/div>\n<\/div>\n<\/div>\n\n\n\n<p><\/p>\n\n\n\n<div class=\"wp-block-media-text is-stacked-on-mobile has-nv-text-dark-bg-color has-neve-link-color-background-color has-text-color has-background has-link-color wp-elements-4eb2b73b557d28710a44bf8eb158e315\" style=\"padding-top:var(--wp--preset--spacing--50);padding-right:var(--wp--preset--spacing--50);padding-bottom:var(--wp--preset--spacing--50);padding-left:var(--wp--preset--spacing--50);grid-template-columns:19% auto\"><figure class=\"wp-block-media-text__media\"><img loading=\"lazy\" decoding=\"async\" width=\"512\" height=\"512\" src=\"https:\/\/azubiwerk.de\/wp-content\/uploads\/2024\/09\/458546009_2285801591752361_2453282903723549747_n.png\" alt=\"\" class=\"wp-image-2227 size-full\" srcset=\"https:\/\/azubiwerk.de\/wp-content\/uploads\/2024\/09\/458546009_2285801591752361_2453282903723549747_n.png 512w, https:\/\/azubiwerk.de\/wp-content\/uploads\/2024\/09\/458546009_2285801591752361_2453282903723549747_n-300x300.png 300w, https:\/\/azubiwerk.de\/wp-content\/uploads\/2024\/09\/458546009_2285801591752361_2453282903723549747_n-150x150.png 150w, https:\/\/azubiwerk.de\/wp-content\/uploads\/2024\/09\/458546009_2285801591752361_2453282903723549747_n-12x12.png 12w\" sizes=\"auto, (max-width: 512px) 100vw, 512px\" \/><\/figure><div class=\"wp-block-media-text__content\"><div class=\"wp-block-image\">\n<figure class=\"alignright size-large is-resized\"><img loading=\"lazy\" decoding=\"async\" width=\"790\" height=\"1024\" src=\"https:\/\/azubiwerk.de\/wp-content\/uploads\/2024\/09\/458544483_1528977151058156_115643618124092534_n-2-790x1024.png\" alt=\"\" class=\"wp-image-2249\" style=\"width:221px;height:auto\" srcset=\"https:\/\/azubiwerk.de\/wp-content\/uploads\/2024\/09\/458544483_1528977151058156_115643618124092534_n-2-790x1024.png 790w, https:\/\/azubiwerk.de\/wp-content\/uploads\/2024\/09\/458544483_1528977151058156_115643618124092534_n-2-231x300.png 231w, https:\/\/azubiwerk.de\/wp-content\/uploads\/2024\/09\/458544483_1528977151058156_115643618124092534_n-2-768x995.png 768w, https:\/\/azubiwerk.de\/wp-content\/uploads\/2024\/09\/458544483_1528977151058156_115643618124092534_n-2-1185x1536.png 1185w, https:\/\/azubiwerk.de\/wp-content\/uploads\/2024\/09\/458544483_1528977151058156_115643618124092534_n-2-9x12.png 9w, https:\/\/azubiwerk.de\/wp-content\/uploads\/2024\/09\/458544483_1528977151058156_115643618124092534_n-2.png 1580w\" sizes=\"auto, (max-width: 790px) 100vw, 790px\" \/><\/figure><\/div>\n\n\n<p class=\"has-text-align-center has-nv-text-dark-bg-color has-nv-dark-bg-background-color has-text-color has-background has-link-color wp-elements-c81b6d12260432b6c85b6d4b7bf2353f\" style=\"font-size:36px\">Wohnheimratswahl Altona&nbsp; 2024<\/p>\n\n\n\n<div class=\"wp-block-buttons is-content-justification-center is-layout-flex wp-container-core-buttons-is-layout-3 wp-block-buttons-is-layout-flex\">\n<div class=\"wp-block-button\"><a class=\"wp-block-button__link has-neve-link-color-color has-nv-text-dark-bg-background-color has-text-color has-background has-link-color wp-element-button\" href=\"https:\/\/form.jotform.com\/242613249738058\">Ratswahl formular<\/a><\/div>\n<\/div>\n\n\n\n<div class=\"wp-block-columns is-layout-flex wp-container-core-columns-is-layout-2 wp-block-columns-is-layout-flex\">\n<div class=\"wp-block-column is-layout-flow wp-block-column-is-layout-flow\" style=\"flex-basis:33.33%\">\n<p><\/p>\n<\/div>\n\n\n\n<div class=\"wp-block-column is-layout-flow wp-block-column-is-layout-flow\" style=\"flex-basis:66.66%\"><\/div>\n<\/div>\n<\/div><\/div>\n\n\n\n<div class=\"wp-block-group has-neve-link-color-background-color has-background\"><div class=\"wp-block-group__inner-container is-layout-constrained wp-block-group-is-layout-constrained\">\n<h2 class=\"wp-block-heading has-text-align-center has-neve-link-color-color has-nv-site-bg-background-color has-text-color has-background has-link-color has-large-font-size wp-elements-ec325c10bbb92929ef601ee074c3777f\">LOS PR\u00d3XIMOS ACONTECIMIENTOS<\/h2>\n<\/div><\/div>\n\n\n\n<div class=\"wp-block-group alignfull\"><div class=\"wp-block-group__inner-container is-layout-constrained wp-block-group-is-layout-constrained\"><ul class=\"wp-block-latest-posts__list is-grid columns-3 events_list wp-block-latest-posts\"><li><div class=\"wp-block-latest-posts__featured-image alignleft\"><a href=\"https:\/\/azubiwerk.de\/es\/richtfest-altona\/\" aria-label=\"Ceremonia de remate Altona\"><img loading=\"lazy\" decoding=\"async\" width=\"150\" height=\"150\" src=\"https:\/\/azubiwerk.de\/wp-content\/uploads\/2024\/02\/Bild5-150x150.png\" class=\"attachment-thumbnail size-thumbnail wp-post-image\" alt=\"\" style=\"max-width:150px;max-height:150px;\" \/><\/a><\/div><a class=\"wp-block-latest-posts__post-title\" href=\"https:\/\/azubiwerk.de\/es\/richtfest-altona\/\">Ceremonia de remate Altona<\/a><div class=\"wp-block-latest-posts__post-excerpt\">El 16 de febrero de 2024, le invitamos cordialmente a celebrar con nosotros la ceremonia de remate de nuestra nueva residencia en Hamburgo-Altona. <\/div><\/li>\n<li><div class=\"wp-block-latest-posts__featured-image alignleft\"><a href=\"https:\/\/azubiwerk.de\/es\/lichterfest-2023\/\" aria-label=\"Fiesta de las luces\"><img loading=\"lazy\" decoding=\"async\" width=\"150\" height=\"150\" src=\"https:\/\/azubiwerk.de\/wp-content\/uploads\/2023\/11\/Dachterrasse-150x150.jpg\" class=\"attachment-thumbnail size-thumbnail wp-post-image\" alt=\"\" style=\"max-width:150px;max-height:150px;\" \/><\/a><\/div><a class=\"wp-block-latest-posts__post-title\" href=\"https:\/\/azubiwerk.de\/es\/lichterfest-2023\/\">Fiesta de las luces<\/a><div class=\"wp-block-latest-posts__post-excerpt\">El 09.12.2023, invitamos a nuestros inquilinos, vecinos y dem\u00e1s a una celebraci\u00f3n conjunta.<\/div><\/li>\n<\/ul><\/div><\/div>","protected":false},"excerpt":{"rendered":"<p>Fahrradstellpl\u00e4tze Tiefgarage DIE N\u00c4CHSTEN EVENTS<\/p>","protected":false},"author":2,"featured_media":0,"parent":0,"menu_order":0,"comment_status":"closed","ping_status":"closed","template":"","meta":{"neve_meta_sidebar":"","neve_meta_container":"","neve_meta_enable_content_width":"","neve_meta_content_width":0,"neve_meta_title_alignment":"","neve_meta_author_avatar":"","neve_post_elements_order":"","neve_meta_disable_header":"","neve_meta_disable_footer":"","neve_meta_disable_title":"","neve_meta_reading_time":"","footnotes":""},"class_list":["post-2289","page","type-page","status-publish","hentry"],"_links":{"self":[{"href":"https:\/\/azubiwerk.de\/es\/wp-json\/wp\/v2\/pages\/2289","targetHints":{"allow":["GET"]}}],"collection":[{"href":"https:\/\/azubiwerk.de\/es\/wp-json\/wp\/v2\/pages"}],"about":[{"href":"https:\/\/azubiwerk.de\/es\/wp-json\/wp\/v2\/types\/page"}],"author":[{"embeddable":true,"href":"https:\/\/azubiwerk.de\/es\/wp-json\/wp\/v2\/users\/2"}],"replies":[{"embeddable":true,"href":"https:\/\/azubiwerk.de\/es\/wp-json\/wp\/v2\/comments?post=2289"}],"version-history":[{"count":2,"href":"https:\/\/azubiwerk.de\/es\/wp-json\/wp\/v2\/pages\/2289\/revisions"}],"predecessor-version":[{"id":2295,"href":"https:\/\/azubiwerk.de\/es\/wp-json\/wp\/v2\/pages\/2289\/revisions\/2295"}],"wp:attachment":[{"href":"https:\/\/azubiwerk.de\/es\/wp-json\/wp\/v2\/media?parent=2289"}],"curies":[{"name":"wp","href":"https:\/\/api.w.org\/{rel}","templated":true}]}}