{"id":1413,"date":"2024-02-07T18:31:41","date_gmt":"2024-02-07T17:31:41","guid":{"rendered":"https:\/\/azubiwerk.de\/?page_id=1413"},"modified":"2025-04-22T13:07:20","modified_gmt":"2025-04-22T11:07:20","slug":"zimmer","status":"publish","type":"page","link":"https:\/\/azubiwerk.de\/es\/zimmer\/","title":{"rendered":"Habitaci\u00f3nes"},"content":{"rendered":"<h2 class=\"wp-block-heading\">Informaci\u00f3n sobre nuestras salas<\/h2>\n\n\n\n<p>Todas nuestras habitaciones se ofrecen completamente amuebladas y suelen compartirse con otros becarios.<br>Cada piso compartido tiene una cocina totalmente equipada y un cuarto de ba\u00f1o completo.<br>El alquiler y los gastos accesorios se cobran a tanto alzado, lo que incluye todos los gastos de mobiliario, funcionamiento y calefacci\u00f3n.<\/p>\n\n\n\n<div class=\"wp-block-group\"><div class=\"wp-block-group__inner-container is-layout-constrained wp-block-group-is-layout-constrained\">\n<figure class=\"wp-block-table is-style-regular tabelle-zimmer has-medium-font-size\" style=\"text-transform:none\"><table class=\"has-nv-c-2-background-color has-background has-fixed-layout\" style=\"border-style:none;border-width:0px\"><thead><tr><th class=\"has-text-align-center\" data-align=\"center\"><\/th><th class=\"has-text-align-center\" data-align=\"center\"><strong>Wandsbek<\/strong><\/th><th class=\"has-text-align-center\" data-align=\"center\"><strong>Harburg<\/strong><\/th><th class=\"has-text-align-center\" data-align=\"center\"><strong>M\u00fcnzviertel<\/strong><\/th><th class=\"has-text-align-center\" data-align=\"center\"><strong>Altona<\/strong><\/th><\/tr><\/thead><tbody><tr><td class=\"has-text-align-center\" data-align=\"center\"><strong>L\u00edmite de edad<\/strong><\/td><td class=\"has-text-align-center\" data-align=\"center\">16 - 26 a\u00f1os<\/td><td class=\"has-text-align-center\" data-align=\"center\">18 - 26 a\u00f1os<\/td><td class=\"has-text-align-center\" data-align=\"center\">18 - 26 a\u00f1os<\/td><td class=\"has-text-align-center\" data-align=\"center\">18 - 26 a\u00f1os<\/td><\/tr><tr><td class=\"has-text-align-center\" data-align=\"center\"><strong>Alquiler<\/strong> (1)<\/td><td class=\"has-text-align-center\" data-align=\"center\"><\/td><td class=\"has-text-align-center\" data-align=\"center\"><\/td><td class=\"has-text-align-center\" data-align=\"center\"><\/td><td class=\"has-text-align-center\" data-align=\"center\"><\/td><\/tr><tr><td class=\"has-text-align-center\" data-align=\"center\"><strong>Piso individual<\/strong><\/td><td class=\"has-text-align-center\" data-align=\"center\">258 \u20ac<br>m\u00e1s 210 - 241 \u20ac NK<\/td><td class=\"has-text-align-center\" data-align=\"center\">270,38 \u20ac<br>m\u00e1s 205,62 \u20ac NK<\/td><td class=\"has-text-align-center\" data-align=\"center\">274 \u20ac<br>m\u00e1s 241 \u20ac NK<\/td><td class=\"has-text-align-center\" data-align=\"center\">&#8211;<\/td><\/tr><tr><td class=\"has-text-align-center\" data-align=\"center\"><strong>Habitaci\u00f3n en piso compartido para 2 personas<\/strong><\/td><td class=\"has-text-align-center\" data-align=\"center\">247 \u20ac<br>m\u00e1s 195 - 219 \u20ac NK<\/td><td class=\"has-text-align-center\" data-align=\"center\">257,8 \u20ac<br>m\u00e1s 205,62 \u20ac NK<\/td><td class=\"has-text-align-center\" data-align=\"center\">260 \u20ac<br>m\u00e1s 195 euros NK<\/td><td class=\"has-text-align-center\" data-align=\"center\">264,50 \u20ac<br>m\u00e1s 195,50 euros NK<\/td><\/tr><tr><td class=\"has-text-align-center\" data-align=\"center\"><strong>Habitaci\u00f3n en piso compartido con 3 personas<\/strong><\/td><td class=\"has-text-align-center\" data-align=\"center\">238 \u20ac<br>m\u00e1s 195 - 210 \u20ac NK<\/td><td class=\"has-text-align-center\" data-align=\"center\">250,38 \u20ac<br>m\u00e1s 205,62 \u20ac NK<\/td><td class=\"has-text-align-center\" data-align=\"center\">254 \u20ac<br>m\u00e1s 195 euros NK<\/td><td class=\"has-text-align-center\" data-align=\"center\">258 \u20ac<br>m\u00e1s 202 NK<\/td><\/tr><tr><td class=\"has-text-align-center\" data-align=\"center\"><strong>Habitaci\u00f3n en piso compartido con 4 personas<\/strong><\/td><td class=\"has-text-align-center\" data-align=\"center\">238 \u20ac<br>m\u00e1s 195 - 225 \u20ac NK<\/td><td class=\"has-text-align-center\" data-align=\"center\">250,38 \u20ac<br>m\u00e1s 205,62 \u20ac NK<\/td><td class=\"has-text-align-center\" data-align=\"center\">&#8211;<\/td><td class=\"has-text-align-center\" data-align=\"center\">&#8211;<\/td><\/tr><tr><td class=\"has-text-align-center\" data-align=\"center\"><strong>Aparcamiento para bicicletas<br>(disponibilidad limitada)<\/strong><\/td><td class=\"has-text-align-center\" data-align=\"center\">gratis<\/td><td class=\"has-text-align-center\" data-align=\"center\">4,12 \u20ac \/ mes<\/td><td class=\"has-text-align-center\" data-align=\"center\">gratis<\/td><td class=\"has-text-align-center\" data-align=\"center\">gratis<\/td><\/tr><tr><td class=\"has-text-align-center\" data-align=\"center\"><strong>Plaza de aparcamiento<br>(disponibilidad limitada)<\/strong><\/td><td class=\"has-text-align-center\" data-align=\"center\">Aparcamiento subterr\u00e1neo<br>53,00 \u20ac \/ mes<\/td><td class=\"has-text-align-center\" data-align=\"center\">Aparcamiento exterior<br>53,00 \u20ac \/ mes<\/td><td class=\"has-text-align-center\" data-align=\"center\">Aparcamiento subterr\u00e1neo<br>160 \u20ac \/ Monat<\/td><td class=\"has-text-align-center\" data-align=\"center\">La informaci\u00f3n seguir\u00e1.<\/td><\/tr><tr><td class=\"has-text-align-center\" data-align=\"center\"><strong>Aparcamiento para motos<br>(disponibilidad limitada)<\/strong><\/td><td class=\"has-text-align-center\" data-align=\"center\">Aparcamiento subterr\u00e1neo<br>18,00 \u20ac \/ mes<\/td><td class=\"has-text-align-center\" data-align=\"center\">&#8211;<\/td><td class=\"has-text-align-center\" data-align=\"center\">Aparcamiento subterr\u00e1neo<br>100 \u20ac \/ Monat<\/td><td class=\"has-text-align-center\" data-align=\"center\">La informaci\u00f3n seguir\u00e1.<\/td><\/tr><tr><td class=\"has-text-align-center\" data-align=\"center\"><strong>Equipamiento - General<\/strong><\/td><td class=\"has-text-align-center\" data-align=\"center\"><\/td><td class=\"has-text-align-center\" data-align=\"center\"><\/td><td class=\"has-text-align-center\" data-align=\"center\"><\/td><td class=\"has-text-align-center\" data-align=\"center\"><\/td><\/tr><tr><td class=\"has-text-align-center\" data-align=\"center\"><strong>WLAN (incl.)<\/strong><\/td><td class=\"has-text-align-center\" data-align=\"center\">\u2713<\/td><td class=\"has-text-align-center\" data-align=\"center\">\u2713<\/td><td class=\"has-text-align-center\" data-align=\"center\">\u2713<\/td><td class=\"has-text-align-center\" data-align=\"center\">\u2713<\/td><\/tr><tr><td class=\"has-text-align-center\" data-align=\"center\"><strong>Lavander\u00eda con secadoras<br>(costes adicionales, control mediante aplicaci\u00f3n)<\/strong><\/td><td class=\"has-text-align-center\" data-align=\"center\">\u2713<\/td><td class=\"has-text-align-center\" data-align=\"center\">\u2713<\/td><td class=\"has-text-align-center\" data-align=\"center\">\u2713<\/td><td class=\"has-text-align-center\" data-align=\"center\">\u2713<\/td><\/tr><tr><td class=\"has-text-align-center\" data-align=\"center\"><strong>Instalaciones - Habitaci\u00f3n<\/strong><\/td><td class=\"has-text-align-center\" data-align=\"center\"><\/td><td class=\"has-text-align-center\" data-align=\"center\"><\/td><td class=\"has-text-align-center\" data-align=\"center\"><\/td><td class=\"has-text-align-center\" data-align=\"center\"><\/td><\/tr><tr><td class=\"has-text-align-center\" data-align=\"center\"><strong>Cama<br>(incl. somier y colch\u00f3n)<\/strong><\/td><td class=\"has-text-align-center\" data-align=\"center\">90 cm x 200 cm<\/td><td class=\"has-text-align-center\" data-align=\"center\">140 cm x 200 cm<\/td><td class=\"has-text-align-center\" data-align=\"center\">140 cm x 200 cm<\/td><td class=\"has-text-align-center\" data-align=\"center\">140 cm x 200 cm<\/td><\/tr><tr><td class=\"has-text-align-center\" data-align=\"center\"><strong>Armario<\/strong><\/td><td class=\"has-text-align-center\" data-align=\"center\">80 cm de ancho<\/td><td class=\"has-text-align-center\" data-align=\"center\">200 cm de ancho<\/td><td class=\"has-text-align-center\" data-align=\"center\">200 cm de ancho<\/td><td class=\"has-text-align-center\" data-align=\"center\">200 cm de ancho<\/td><\/tr><tr><td class=\"has-text-align-center\" data-align=\"center\"><strong>Escritorio<\/strong><\/td><td class=\"has-text-align-center\" data-align=\"center\">\u2713<\/td><td class=\"has-text-align-center\" data-align=\"center\">\u2713<\/td><td class=\"has-text-align-center\" data-align=\"center\">\u2713<\/td><td class=\"has-text-align-center\" data-align=\"center\">\u2713<\/td><\/tr><tr><td class=\"has-text-align-center\" data-align=\"center\"><strong>Silla de escritorio<\/strong><\/td><td class=\"has-text-align-center\" data-align=\"center\">\u2713<\/td><td class=\"has-text-align-center\" data-align=\"center\">\u2713<\/td><td class=\"has-text-align-center\" data-align=\"center\">\u2713<\/td><td class=\"has-text-align-center\" data-align=\"center\">\u2713<\/td><\/tr><tr><td class=\"has-text-align-center\" data-align=\"center\"><strong>Conexi\u00f3n LAN en la habitaci\u00f3n<\/strong><\/td><td class=\"has-text-align-center\" data-align=\"center\">\u2713<\/td><td class=\"has-text-align-center\" data-align=\"center\">\u2713<\/td><td class=\"has-text-align-center\" data-align=\"center\">\u2713<\/td><td class=\"has-text-align-center\" data-align=\"center\">\u2713<\/td><\/tr><tr><td class=\"has-text-align-center\" data-align=\"center\"><strong>Tel\u00e9fono fijo<\/strong><\/td><td class=\"has-text-align-center\" data-align=\"center\">S\u00ed<br>&nbsp;Tarifa plana incluida<\/td><td class=\"has-text-align-center\" data-align=\"center\">S\u00ed<br>Tarifa plana incluida<\/td><td class=\"has-text-align-center\" data-align=\"center\">no<\/td><td class=\"has-text-align-center\" data-align=\"center\">no<\/td><\/tr><tr><td class=\"has-text-align-center\" data-align=\"center\"><strong>C\u00f3moda<\/strong><\/td><td class=\"has-text-align-center\" data-align=\"center\">\u2713<\/td><td class=\"has-text-align-center\" data-align=\"center\">\u2713<\/td><td class=\"has-text-align-center\" data-align=\"center\">\u2713<\/td><td class=\"has-text-align-center\" data-align=\"center\">\u2713<\/td><\/tr><tr><td class=\"has-text-align-center\" data-align=\"center\"><strong>Conexi\u00f3n de TV en la habitaci\u00f3n<\/strong><\/td><td class=\"has-text-align-center\" data-align=\"center\">\u2713<\/td><td class=\"has-text-align-center\" data-align=\"center\">\u2713<\/td><td class=\"has-text-align-center\" data-align=\"center\">\u2713<\/td><td class=\"has-text-align-center\" data-align=\"center\">\u2713<\/td><\/tr><tr><td class=\"has-text-align-center\" data-align=\"center\"><strong>Mesilla de noche<\/strong><\/td><td class=\"has-text-align-center\" data-align=\"center\">\u2713<\/td><td class=\"has-text-align-center\" data-align=\"center\">\u2713<\/td><td class=\"has-text-align-center\" data-align=\"center\">\u2713<\/td><td class=\"has-text-align-center\" data-align=\"center\">\u2713<\/td><\/tr><tr><td class=\"has-text-align-center\" data-align=\"center\"><strong>Cortinas<\/strong><\/td><td class=\"has-text-align-center\" data-align=\"center\">\u2713<\/td><td class=\"has-text-align-center\" data-align=\"center\">\u2713<\/td><td class=\"has-text-align-center\" data-align=\"center\">\u2713<\/td><td class=\"has-text-align-center\" data-align=\"center\">\u2713<\/td><\/tr><tr><td class=\"has-text-align-center\" data-align=\"center\"><strong><strong>Equipamiento - Cocina<\/strong><\/strong><\/td><td class=\"has-text-align-center\" data-align=\"center\"><\/td><td class=\"has-text-align-center\" data-align=\"center\"><\/td><td class=\"has-text-align-center\" data-align=\"center\"><\/td><td class=\"has-text-align-center\" data-align=\"center\"><\/td><\/tr><tr><td class=\"has-text-align-center\" data-align=\"center\"><strong>Frigor\u00edfico<\/strong><\/td><td class=\"has-text-align-center\" data-align=\"center\">\u2713<\/td><td class=\"has-text-align-center\" data-align=\"center\">\u2713<\/td><td class=\"has-text-align-center\" data-align=\"center\">\u2713<\/td><td class=\"has-text-align-center\" data-align=\"center\">\u2713<\/td><\/tr><tr><td class=\"has-text-align-center\" data-align=\"center\"><strong>Horno<\/strong><\/td><td class=\"has-text-align-center\" data-align=\"center\">\u2713 (2)<\/td><td class=\"has-text-align-center\" data-align=\"center\">\u2713<\/td><td class=\"has-text-align-center\" data-align=\"center\">\u2713<\/td><td class=\"has-text-align-center\" data-align=\"center\">\u2713<\/td><\/tr><tr><td class=\"has-text-align-center\" data-align=\"center\"><strong>Cocina<\/strong><\/td><td class=\"has-text-align-center\" data-align=\"center\">Cocina el\u00e9ctrica<\/td><td class=\"has-text-align-center\" data-align=\"center\">Cocina de inducci\u00f3n<\/td><td class=\"has-text-align-center\" data-align=\"center\">Cocina de inducci\u00f3n<\/td><td class=\"has-text-align-center\" data-align=\"center\">Cocina de inducci\u00f3n<\/td><\/tr><tr><td class=\"has-text-align-center\" data-align=\"center\"><strong>Lavavajillas<\/strong><\/td><td class=\"has-text-align-center\" data-align=\"center\">\u2713 (3)<\/td><td class=\"has-text-align-center\" data-align=\"center\">\u2713<\/td><td class=\"has-text-align-center\" data-align=\"center\">\u2713<\/td><td class=\"has-text-align-center\" data-align=\"center\">\u2713<\/td><\/tr><tr><td class=\"has-text-align-center\" data-align=\"center\"><strong>Microondas<\/strong><\/td><td class=\"has-text-align-center\" data-align=\"center\">\u2713<\/td><td class=\"has-text-align-center\" data-align=\"center\">\u2713<\/td><td class=\"has-text-align-center\" data-align=\"center\">\u2713<\/td><td class=\"has-text-align-center\" data-align=\"center\">\u2713<\/td><\/tr><tr><td class=\"has-text-align-center\" data-align=\"center\"><strong>Fregadero<\/strong><\/td><td class=\"has-text-align-center\" data-align=\"center\">\u2713<\/td><td class=\"has-text-align-center\" data-align=\"center\">\u2713<\/td><td class=\"has-text-align-center\" data-align=\"center\">\u2713<\/td><td class=\"has-text-align-center\" data-align=\"center\">\u2713<\/td><\/tr><tr><td class=\"has-text-align-center\" data-align=\"center\"><strong>Salas comunes<\/strong><\/td><td class=\"has-text-align-center\" data-align=\"center\"><\/td><td class=\"has-text-align-center\" data-align=\"center\"><\/td><td class=\"has-text-align-center\" data-align=\"center\"><\/td><td class=\"has-text-align-center\" data-align=\"center\"><\/td><\/tr><\/tbody><\/table><\/figure>\n\n\n\n<ul style=\"padding-top:var(--wp--preset--spacing--60);padding-right:var(--wp--preset--spacing--60);padding-bottom:var(--wp--preset--spacing--60);padding-left:var(--wp--preset--spacing--60)\" class=\"wp-block-list has-neve-link-color-color has-nv-c-2-background-color has-text-color has-background has-link-color wp-elements-8dc60a11b150eeec888549010f7cba8d\">\n<li>Wandsbek: La gran sala com\u00fan cuenta con un bar de bebidas, un sistema de m\u00fasica e iluminaci\u00f3n, un futbol\u00edn y un billar y una mesa de ping-pong. Tambi\u00e9n hay sof\u00e1s, mesas y sillas. Hay una gran pantalla con proyector en el sal\u00f3n y un bar, barbacoa y zonas para sentarse en la terraza de la azotea.<\/li>\n\n\n\n<li>Harburg: En Harburg, tiene a su disposici\u00f3n un total de 3 salas comunes m\u00e1s una terraza en la azotea. Las salas comunes incluyen lo siguiente: 2 cocinas comunes, un bar de bebidas, una amplia zona de sof\u00e1s, un proyector con pantalla, sistemas de luz y sonido, as\u00ed como mesas y taburetes de bar. La azotea dispone de barbacoa, asientos y un peque\u00f1o bar.<\/li>\n\n\n\n<li>M\u00fcnzviertel: <em>No habr\u00e1 zonas comunes en el propio edificio residencial. En cambio, ofrecemos una amplia gama de zonas comunes en la sede de nuestra fundaci\u00f3n. Aqu\u00ed encontrar\u00e1, por ejemplo, un bar, sof\u00e1s, futbolines y\/o mesas de billar, un peque\u00f1o cine, sistemas de sonido e iluminaci\u00f3n (actualmente a\u00fan en construcci\u00f3n)<\/em>.<\/li>\n\n\n\n<li>Altona: La \u00faltima planta ofrece zonas comunes vers\u00e1tiles con sala de estudio, cocina com\u00fan, bar, futbol\u00edn y amplia terraza en la azotea.<\/li>\n<\/ul>\n\n\n\n<ol style=\"padding-top:var(--wp--preset--spacing--60);padding-right:var(--wp--preset--spacing--60);padding-bottom:var(--wp--preset--spacing--60);padding-left:var(--wp--preset--spacing--60)\" class=\"wp-block-list has-nv-text-dark-bg-color has-neve-link-color-background-color has-text-color has-background has-link-color wp-elements-a2151548939da630432a9879ad110b95\">\n<li><em>El alquiler se indica como alquiler b\u00e1sico incl. mobiliario m\u00e1s gastos adicionales (NK).<br>Los costes adicionales son a tanto alzado e incluyen todos los gastos adicionales (calefacci\u00f3n, agua, electricidad, internet, TV, tel\u00e9fono)<\/em><\/li>\n\n\n\n<li><em>No disponible en pisos compartidos y apartamentos individuales.<\/em><\/li>\n\n\n\n<li><em>No disponible en apartamentos individuales.<\/em><\/li>\n<\/ol>\n<\/div><\/div>","protected":false},"excerpt":{"rendered":"<p>Informaci\u00f3n sobre nuestras habitaciones Todas nuestras habitaciones se ofrecen completamente amuebladas y suelen estar situadas en pisos compartidos con otros estudiantes en pr\u00e1cticas.Cada piso compartido dispone de cocina totalmente equipada y ba\u00f1o completo.El alquiler y los gastos accesorios se cobran a tanto alzado, incluidos todos los gastos de mobiliario, funcionamiento y calefacci\u00f3n. Wandsbek Harburg M\u00fcnzviertel Altona L\u00edmite de edad 16 - 26 a\u00f1os 18...&nbsp;<a href=\"https:\/\/azubiwerk.de\/es\/zimmer\/\" rel=\"bookmark\">M\u00c1S<span class=\"screen-reader-text\">Habitaci\u00f3nes<\/span><\/a><\/p>","protected":false},"author":1,"featured_media":0,"parent":0,"menu_order":0,"comment_status":"closed","ping_status":"closed","template":"","meta":{"neve_meta_sidebar":"","neve_meta_container":"","neve_meta_enable_content_width":"","neve_meta_content_width":0,"neve_meta_title_alignment":"","neve_meta_author_avatar":"","neve_post_elements_order":"","neve_meta_disable_header":"","neve_meta_disable_footer":"","neve_meta_disable_title":"","neve_meta_reading_time":"","footnotes":""},"class_list":["post-1413","page","type-page","status-publish","hentry"],"_links":{"self":[{"href":"https:\/\/azubiwerk.de\/es\/wp-json\/wp\/v2\/pages\/1413","targetHints":{"allow":["GET"]}}],"collection":[{"href":"https:\/\/azubiwerk.de\/es\/wp-json\/wp\/v2\/pages"}],"about":[{"href":"https:\/\/azubiwerk.de\/es\/wp-json\/wp\/v2\/types\/page"}],"author":[{"embeddable":true,"href":"https:\/\/azubiwerk.de\/es\/wp-json\/wp\/v2\/users\/1"}],"replies":[{"embeddable":true,"href":"https:\/\/azubiwerk.de\/es\/wp-json\/wp\/v2\/comments?post=1413"}],"version-history":[{"count":49,"href":"https:\/\/azubiwerk.de\/es\/wp-json\/wp\/v2\/pages\/1413\/revisions"}],"predecessor-version":[{"id":2397,"href":"https:\/\/azubiwerk.de\/es\/wp-json\/wp\/v2\/pages\/1413\/revisions\/2397"}],"wp:attachment":[{"href":"https:\/\/azubiwerk.de\/es\/wp-json\/wp\/v2\/media?parent=1413"}],"curies":[{"name":"wp","href":"https:\/\/api.w.org\/{rel}","templated":true}]}}