{"id":1199,"date":"2024-01-10T17:06:50","date_gmt":"2024-01-10T16:06:50","guid":{"rendered":"https:\/\/azubiwerk.de\/?page_id=1199"},"modified":"2024-09-06T11:27:35","modified_gmt":"2024-09-06T09:27:35","slug":"altona","status":"publish","type":"page","link":"https:\/\/azubiwerk.de\/es\/standorte\/altona\/","title":{"rendered":"Altona"},"content":{"rendered":"<div class=\"wp-block-group background-gradient1 has-neve-link-color-background-color has-background\"><div class=\"wp-block-group__inner-container is-layout-constrained wp-block-group-is-layout-constrained\">\n<div class=\"wp-block-media-text has-media-on-the-right is-stacked-on-mobile is-image-fill has-nv-text-dark-bg-color has-text-color has-link-color has-medium-font-size wp-elements-095e7bc4629d2d2d08a75283fbe430a5\"><div class=\"wp-block-media-text__content\">\n<p><\/p>\n\n\n\n<h2 class=\"wp-block-heading\">VIVIR EN ALTONA<\/h2>\n\n\n\n<p class=\"has-text-align-left has-nv-text-dark-bg-color has-text-color has-link-color wp-elements-d0f2143528e306bba4a249c4dd0dd4be\">Das Wohnen in kleinen WGs und die vielen Gemeinschaftsfl\u00e4chen und -aktivit\u00e4ten machen unser Haus zu mehr als einer Sammlung von Wohnungen \u2013 es wird ein echtes Zuhause mit einem starken sozialen Umfeld werden und das nicht am Rande der Metropole, sondern verkehrsg\u00fcnstig mitten in der Stadt gelegen ist. Unser Wohnheim in Altona wird in diesem Jahr fertiggestellt.<\/p>\n\n\n\n<p class=\"has-nv-text-dark-bg-color has-text-color has-link-color wp-elements-22f55900e49f4f25a70e2ed641f440b1\"><strong><a href=\"https:\/\/azubiwerk.de\/es\/standorte\/altona\/informationen-fuer-anwohnerinnen\/\" target=\"_blank\" rel=\"noreferrer noopener\">Informationen f\u00fcr Anwohner:innen<\/a><\/strong><\/p>\n<\/div><figure class=\"wp-block-media-text__media\" style=\"background-image:url(https:\/\/azubiwerk.de\/wp-content\/uploads\/2024\/01\/415200122_3715958105350380_7852261028159415222_n-1024x576.jpg);background-position:51% 100%\"><img loading=\"lazy\" decoding=\"async\" width=\"1024\" height=\"576\" src=\"https:\/\/azubiwerk.de\/wp-content\/uploads\/2024\/01\/415200122_3715958105350380_7852261028159415222_n-1024x576.jpg\" alt=\"\" class=\"wp-image-1374 size-full\" srcset=\"https:\/\/azubiwerk.de\/wp-content\/uploads\/2024\/01\/415200122_3715958105350380_7852261028159415222_n-1024x576.jpg 1024w, https:\/\/azubiwerk.de\/wp-content\/uploads\/2024\/01\/415200122_3715958105350380_7852261028159415222_n-300x169.jpg 300w, https:\/\/azubiwerk.de\/wp-content\/uploads\/2024\/01\/415200122_3715958105350380_7852261028159415222_n-768x432.jpg 768w, https:\/\/azubiwerk.de\/wp-content\/uploads\/2024\/01\/415200122_3715958105350380_7852261028159415222_n-1536x864.jpg 1536w, https:\/\/azubiwerk.de\/wp-content\/uploads\/2024\/01\/415200122_3715958105350380_7852261028159415222_n-18x10.jpg 18w, https:\/\/azubiwerk.de\/wp-content\/uploads\/2024\/01\/415200122_3715958105350380_7852261028159415222_n.jpg 1668w\" sizes=\"auto, (max-width: 1024px) 100vw, 1024px\" \/><\/figure><\/div>\n<\/div><\/div>\n\n\n\n<div class=\"wp-block-group has-nv-site-bg-background-color has-background\" style=\"padding-top:var(--wp--preset--spacing--40);padding-right:var(--wp--preset--spacing--60);padding-bottom:var(--wp--preset--spacing--40);padding-left:var(--wp--preset--spacing--60)\"><div class=\"wp-block-group__inner-container is-layout-flow wp-block-group-is-layout-flow\">\n<div class=\"wp-block-group altona_bewerben\"><div class=\"wp-block-group__inner-container is-layout-constrained wp-block-group-is-layout-constrained\">\n<h2 class=\"wp-block-heading has-neve-link-color-color has-text-color has-link-color wp-elements-7acece52c12936432cef4c9979a0ba5c\">f\u00fcr ein Zimmer in ALTONA BEWERBEN<\/h2>\n\n\n\n<p class=\"has-neve-link-color-color has-text-color has-link-color has-medium-font-size wp-elements-7810c418af19a1a5f065f5854912e41a\">\u00a1Ya puedes solicitar habitaciones en Altona!<br>La residencia estar\u00e1 lista para el inicio de la formaci\u00f3n en 2024.<br>Recibir\u00e1 m\u00e1s informaci\u00f3n durante el proceso de solicitud.<\/p>\n\n\n\n<div class=\"wp-block-buttons is-layout-flex wp-block-buttons-is-layout-flex\">\n<div class=\"wp-block-button is-style-primary\"><a class=\"wp-block-button__link wp-element-button\" href=\"https:\/\/azubiwerk.de\/es\/standorte\/zimmerbewerbung\/\" target=\"_blank\" rel=\"noreferrer noopener\">SOLICITAR AHORA EN ALTONA<\/a><\/div>\n<\/div>\n\n\n\n<hr class=\"wp-block-separator has-alpha-channel-opacity\"\/>\n\n\n\n<h2 class=\"wp-block-heading has-neve-link-color-color has-text-color has-link-color wp-elements-6516f25e89589d35c4beb9221f96c3c4\">einEN FAHRRADSTELLPLATZ in ALTONA ANFRAGEN<\/h2>\n\n\n\n<p class=\"has-neve-link-color-color has-text-color has-link-color has-medium-font-size wp-elements-3591f08d6077a3b61793649142de02df\">Ihr k\u00f6nnt hier einen Fahrradstellplatz im Wohnheim Altona anfragen, sofern ihr dort bereits ein Zimmer mietet.<\/p>\n\n\n\n<div class=\"wp-block-buttons is-layout-flex wp-block-buttons-is-layout-flex\">\n<div class=\"wp-block-button is-style-primary\"><a class=\"wp-block-button__link wp-element-button\" href=\"https:\/\/azubiwerk.de\/es\/fahrradstellplaetze-altona\/\" target=\"_blank\" rel=\"noreferrer noopener\">ANFRAGE STELLEN<\/a><\/div>\n<\/div>\n<\/div><\/div>\n<\/div><\/div>\n\n\n\n<div class=\"wp-block-group has-neve-link-color-background-color has-background\"><div class=\"wp-block-group__inner-container is-layout-flow wp-block-group-is-layout-flow\">\n<div class=\"wp-block-media-text has-media-on-the-right is-stacked-on-mobile\" style=\"grid-template-columns:auto 29%\"><div class=\"wp-block-media-text__content\">\n<h2 class=\"wp-block-heading has-nv-text-dark-bg-color has-text-color has-link-color wp-elements-a827ee3c7f43d8cbcf2fe72bab87e21e\">EL ESPECIAL<\/h2>\n\n\n\n<p class=\"has-nv-text-dark-bg-color has-text-color has-link-color has-medium-font-size wp-elements-442c9866367fb62ebab49c21520ce001\">Bajo la premisa de \"apoyo en lugar de supervisi\u00f3n\", se ayuda a los aprendices a dar sus primeros pasos fuera del hogar paterno de forma independiente y bajo su propia responsabilidad. El equipo pedag\u00f3gico de Azubiwerk ofrece una amplia gama de actividades y servicios de asesoramiento in situ. Los aprendices desempe\u00f1an un papel activo en la configuraci\u00f3n de su entorno de vida, entre otras cosas, eligiendo peri\u00f3dicamente a su consejo de dormitorio, que tiene su propio presupuesto.&nbsp;<\/p>\n\n\n\n<p class=\"has-nv-text-dark-bg-color has-text-color has-link-color has-medium-font-size wp-elements-771e338d474908cc1a73f2b5d50f833f\">Las actividades de ocio que realizaremos en Altona a\u00fan se est\u00e1n planificando y se publicar\u00e1n pr\u00f3ximamente en este sitio web. <\/p>\n<\/div><figure class=\"wp-block-media-text__media\"><img loading=\"lazy\" decoding=\"async\" width=\"1024\" height=\"576\" src=\"https:\/\/azubiwerk.de\/wp-content\/uploads\/2024\/02\/AnsichtAlsenplatz2-1024x576.jpg\" alt=\"\" class=\"wp-image-1687 size-full\" srcset=\"https:\/\/azubiwerk.de\/wp-content\/uploads\/2024\/02\/AnsichtAlsenplatz2-1024x576.jpg 1024w, https:\/\/azubiwerk.de\/wp-content\/uploads\/2024\/02\/AnsichtAlsenplatz2-300x169.jpg 300w, https:\/\/azubiwerk.de\/wp-content\/uploads\/2024\/02\/AnsichtAlsenplatz2-768x432.jpg 768w, https:\/\/azubiwerk.de\/wp-content\/uploads\/2024\/02\/AnsichtAlsenplatz2-1536x864.jpg 1536w, https:\/\/azubiwerk.de\/wp-content\/uploads\/2024\/02\/AnsichtAlsenplatz2-18x10.jpg 18w, https:\/\/azubiwerk.de\/wp-content\/uploads\/2024\/02\/AnsichtAlsenplatz2.jpg 2048w\" sizes=\"auto, (max-width: 1024px) 100vw, 1024px\" \/><\/figure><\/div>\n<\/div><\/div>\n\n\n\n<div class=\"wp-block-group\"><div class=\"wp-block-group__inner-container is-layout-flow wp-block-group-is-layout-flow\">\n<div class=\"wp-block-media-text has-media-on-the-right is-stacked-on-mobile has-background\" style=\"background-color:#cfdfec;grid-template-columns:auto 29%\"><div class=\"wp-block-media-text__content\">\n<h2 class=\"wp-block-heading has-neve-link-color-color has-text-color has-link-color wp-elements-0ae60b72bedeab27a01672f2779d876c\">OFERTAS EN ALTONA<\/h2>\n\n\n\n<p class=\"has-neve-link-color-color has-text-color has-link-color has-medium-font-size wp-elements-0decc1cd3a2377687d10d0fcc73609e0\">Azubiwerk ofrece algo m\u00e1s que alojamiento asequible a los becarios: Bajo la premisa de \"acompa\u00f1ar en lugar de supervisar\", nuestro equipo educativo apoya a los aprendices en su camino hacia una vida independiente. As\u00ed tienen m\u00e1s tiempo para concentrarse en su formaci\u00f3n. Los programas educativos de la casa tambi\u00e9n ofrecen la oportunidad de hacer r\u00e1pidamente nuevos contactos y amistades.<br><br>Nuestro equipo pedag\u00f3gico tambi\u00e9n trabajar\u00e1 en Azubiwerk Altona, los horarios exactos a\u00fan se est\u00e1n planificando y se comunicar\u00e1n en este sitio web.<\/p>\n\n\n<div class=\"oxi-addons-container   oxi-addons-flipbox-template-style4\">        <div class=\"oxilab-flip-box-wrapper\">\n                                <div class=\"oxilab-flip-box-col-3 oxilab-flip-box-padding-2\"\n                        sa-data-animation=\"\"\n                        sa-data-animation-offset=\"100%\"\r\n                        sa-data-animation-delay=\"0ms\"\r\n                        sa-data-animation-duration=\" 30000ms\"\n                        >\r\n                        <div class=\"oxilab-flip-box-body-2 oxilab-flip-box-body-2-7\">\n                                                        <div class=\"oxilab-flip-box-body-absulote\">\n                                <div class=\"oxilab-flip-box-flip oxilab-flip-box-flip-left-to-right\">\n                                    <div class=\"oxilab-flip-box-style-data easing_easeInOutCirc\">\n                                        <div class=\"oxilab-flip-box-style\">\n                                            <div class=\"oxilab-flip-box-front\">\n                                                <div class=\"oxilab-flip-box-2\">\n                                                    <div class=\"oxilab-flip-box-2-data\">\n                                                        <div class=\"oxilab-icon\">\n                                                            <div class=\"oxilab-icon-data\">\n                                                                        <i class=\"oxi-icons\"><\/i>\n                                                                    <\/div>\n                                                        <\/div>\n                                                        <div class=\"oxilab-heading\">\n                                                            CONSULTOR\u00cdA                                                        <\/div>\n                                                        <div class=\"oxilab-info\">\n                                                                                                                    <\/div>\n\n                                                    <\/div>\n                                                <\/div>\n                                            <\/div>\n                                            <div class=\"oxilab-flip-box-back\">\n                                                <div class=\"oxilab-flip-box-back-2\">\n                                                    <div class=\"oxilab-flip-box-back-2-data\">\n                                                        <div class=\"oxilab-heading\">\n                                                                                                                    <\/div>\n                                                        <div class=\"oxilab-info\">\n                                                            <ul><li>Solicitud de subsidio de formaci\u00f3n profesional (BAB), subsidio de vivienda o BAf\u00f6G<\/li> <li>Retos operativos<\/li> <li>Problemas personales<\/li>                                                        <\/div>\n                                                                                                            <\/div>\n                                                <\/div>\n                                            <\/div>\n                                        <\/div>\n                                    <\/div>\n                                <\/div>\n                            <\/div>\n                            \n                        <\/div>\n\n\n                                                \n                    <\/div>\n                                        <div class=\"oxilab-flip-box-col-3 oxilab-flip-box-padding-2\"\n                        sa-data-animation=\"\"\n                        sa-data-animation-offset=\"100%\"\r\n                        sa-data-animation-delay=\"0ms\"\r\n                        sa-data-animation-duration=\" 30000ms\"\n                        >\r\n                        <div class=\"oxilab-flip-box-body-2 oxilab-flip-box-body-2-8\">\n                                                        <div class=\"oxilab-flip-box-body-absulote\">\n                                <div class=\"oxilab-flip-box-flip oxilab-flip-box-flip-left-to-right\">\n                                    <div class=\"oxilab-flip-box-style-data easing_easeInOutCirc\">\n                                        <div class=\"oxilab-flip-box-style\">\n                                            <div class=\"oxilab-flip-box-front\">\n                                                <div class=\"oxilab-flip-box-2\">\n                                                    <div class=\"oxilab-flip-box-2-data\">\n                                                        <div class=\"oxilab-icon\">\n                                                            <div class=\"oxilab-icon-data\">\n                                                                        <i class=\"oxi-icons\"><\/i>\n                                                                    <\/div>\n                                                        <\/div>\n                                                        <div class=\"oxilab-heading\">\n                                                            OCIO                                                        <\/div>\n                                                        <div class=\"oxilab-info\">\n                                                                                                                    <\/div>\n\n                                                    <\/div>\n                                                <\/div>\n                                            <\/div>\n                                            <div class=\"oxilab-flip-box-back\">\n                                                <div class=\"oxilab-flip-box-back-2\">\n                                                    <div class=\"oxilab-flip-box-back-2-data\">\n                                                        <div class=\"oxilab-heading\">\n                                                                                                                    <\/div>\n                                                        <div class=\"oxilab-info\">\n                                                            <ul><li> Almuerzo dominical y tardes de cocina Actividades deportivas<\/li> <li>Club de fotograf\u00eda, jardiner\u00eda y artesan\u00eda<\/li> <li>Tardes de cine y juegos<\/li> <li>Celebraciones<\/li>                                                        <\/div>\n                                                                                                            <\/div>\n                                                <\/div>\n                                            <\/div>\n                                        <\/div>\n                                    <\/div>\n                                <\/div>\n                            <\/div>\n                            \n                        <\/div>\n\n\n                                                \n                    <\/div>\n                                        <div class=\"oxilab-flip-box-col-3 oxilab-flip-box-padding-2\"\n                        sa-data-animation=\"\"\n                        sa-data-animation-offset=\"100%\"\r\n                        sa-data-animation-delay=\"0ms\"\r\n                        sa-data-animation-duration=\" 30000ms\"\n                        >\r\n                        <div class=\"oxilab-flip-box-body-2 oxilab-flip-box-body-2-9\">\n                                                        <div class=\"oxilab-flip-box-body-absulote\">\n                                <div class=\"oxilab-flip-box-flip oxilab-flip-box-flip-left-to-right\">\n                                    <div class=\"oxilab-flip-box-style-data easing_easeInOutCirc\">\n                                        <div class=\"oxilab-flip-box-style\">\n                                            <div class=\"oxilab-flip-box-front\">\n                                                <div class=\"oxilab-flip-box-2\">\n                                                    <div class=\"oxilab-flip-box-2-data\">\n                                                        <div class=\"oxilab-icon\">\n                                                            <div class=\"oxilab-icon-data\">\n                                                                        <i class=\"oxi-icons\"><\/i>\n                                                                    <\/div>\n                                                        <\/div>\n                                                        <div class=\"oxilab-heading\">\n                                                            EDUCACI\u00d3N                                                        <\/div>\n                                                        <div class=\"oxilab-info\">\n                                                                                                                    <\/div>\n\n                                                    <\/div>\n                                                <\/div>\n                                            <\/div>\n                                            <div class=\"oxilab-flip-box-back\">\n                                                <div class=\"oxilab-flip-box-back-2\">\n                                                    <div class=\"oxilab-flip-box-back-2-data\">\n                                                        <div class=\"oxilab-heading\">\n                                                                                                                    <\/div>\n                                                        <div class=\"oxilab-info\">\n                                                            <ul> <li>Gesti\u00f3n presupuestaria y disciplina financiera<\/li> <li>Autoorganizaci\u00f3n y ayudas al aprendizaje<\/li> <li>Arte y cultura in situ<\/li>                                                        <\/div>\n                                                                                                            <\/div>\n                                                <\/div>\n                                            <\/div>\n                                        <\/div>\n                                    <\/div>\n                                <\/div>\n                            <\/div>\n                            \n                        <\/div>\n\n\n                                                \n                    <\/div>\n                            <\/div>\n        <\/div>\n<\/div><figure class=\"wp-block-media-text__media\"><img loading=\"lazy\" decoding=\"async\" width=\"731\" height=\"735\" src=\"https:\/\/azubiwerk.de\/wp-content\/uploads\/2024\/02\/Bild8.png\" alt=\"\" class=\"wp-image-1785 size-full\" srcset=\"https:\/\/azubiwerk.de\/wp-content\/uploads\/2024\/02\/Bild8.png 731w, https:\/\/azubiwerk.de\/wp-content\/uploads\/2024\/02\/Bild8-298x300.png 298w, https:\/\/azubiwerk.de\/wp-content\/uploads\/2024\/02\/Bild8-150x150.png 150w, https:\/\/azubiwerk.de\/wp-content\/uploads\/2024\/02\/Bild8-12x12.png 12w\" sizes=\"auto, (max-width: 731px) 100vw, 731px\" \/><\/figure><\/div>\n<\/div><\/div>\n\n\n\n<div class=\"wp-block-media-text is-stacked-on-mobile background-gradient1 has-nv-text-dark-bg-color has-neve-link-color-background-color has-text-color has-background has-link-color wp-elements-816d45dd84cd00b4f10aee67500b1e51\" style=\"grid-template-columns:31% auto\"><figure class=\"wp-block-media-text__media\"><img loading=\"lazy\" decoding=\"async\" width=\"600\" height=\"600\" src=\"https:\/\/azubiwerk.de\/wp-content\/uploads\/2024\/03\/altona_karte.jpg\" alt=\"\" class=\"wp-image-2059 size-full\" srcset=\"https:\/\/azubiwerk.de\/wp-content\/uploads\/2024\/03\/altona_karte.jpg 600w, https:\/\/azubiwerk.de\/wp-content\/uploads\/2024\/03\/altona_karte-300x300.jpg 300w, https:\/\/azubiwerk.de\/wp-content\/uploads\/2024\/03\/altona_karte-150x150.jpg 150w, https:\/\/azubiwerk.de\/wp-content\/uploads\/2024\/03\/altona_karte-12x12.jpg 12w\" sizes=\"auto, (max-width: 600px) 100vw, 600px\" \/><\/figure><div class=\"wp-block-media-text__content\">\n<p class=\"has-nv-text-dark-bg-color has-text-color has-link-color has-medium-font-size wp-elements-d940c21fea1229cea36d237e8f7458ba\"><br>El Azubiwerk Altona est\u00e1 convenientemente situado en Alsenplatz, en Hamburgo-Altona.<br><br>Las l\u00edneas de metro U2, U3, S2 y S5 est\u00e1n a poca distancia a pie.<br><br><strong>Equipo de recepci\u00f3n&nbsp;<\/strong><br><strong>(Para consultas generales)<\/strong><br>Tel\u00e9fono: 040 6077144-70<br>Correo electr\u00f3nico:&nbsp;<a href=\"mailto:empfang@azubiwerk.de\">empfang-altona@azubiwerk.de<\/a><\/p>\n<\/div><\/div>","protected":false},"excerpt":{"rendered":"<p>VIVIR EN ALTONA Vivir en peque\u00f1os pisos compartidos y las numerosas zonas y actividades comunes hacen de nuestra casa algo m\u00e1s que un conjunto de pisos: ser\u00e1 un verdadero hogar con un fuerte ambiente social, no en las afueras de la metr\u00f3poli, sino convenientemente situado en el centro de la ciudad. Nuestra residencia en Altona...&nbsp;<a href=\"https:\/\/azubiwerk.de\/es\/standorte\/altona\/\" rel=\"bookmark\">M\u00c1S<span class=\"screen-reader-text\">Altona<\/span><\/a><\/p>","protected":false},"author":1,"featured_media":0,"parent":11,"menu_order":0,"comment_status":"closed","ping_status":"closed","template":"","meta":{"neve_meta_sidebar":"","neve_meta_container":"","neve_meta_enable_content_width":"on","neve_meta_content_width":100,"neve_meta_title_alignment":"","neve_meta_author_avatar":"","neve_post_elements_order":"","neve_meta_disable_header":"","neve_meta_disable_footer":"","neve_meta_disable_title":"on","neve_meta_reading_time":"","footnotes":""},"class_list":["post-1199","page","type-page","status-publish","hentry"],"_links":{"self":[{"href":"https:\/\/azubiwerk.de\/es\/wp-json\/wp\/v2\/pages\/1199","targetHints":{"allow":["GET"]}}],"collection":[{"href":"https:\/\/azubiwerk.de\/es\/wp-json\/wp\/v2\/pages"}],"about":[{"href":"https:\/\/azubiwerk.de\/es\/wp-json\/wp\/v2\/types\/page"}],"author":[{"embeddable":true,"href":"https:\/\/azubiwerk.de\/es\/wp-json\/wp\/v2\/users\/1"}],"replies":[{"embeddable":true,"href":"https:\/\/azubiwerk.de\/es\/wp-json\/wp\/v2\/comments?post=1199"}],"version-history":[{"count":31,"href":"https:\/\/azubiwerk.de\/es\/wp-json\/wp\/v2\/pages\/1199\/revisions"}],"predecessor-version":[{"id":2219,"href":"https:\/\/azubiwerk.de\/es\/wp-json\/wp\/v2\/pages\/1199\/revisions\/2219"}],"up":[{"embeddable":true,"href":"https:\/\/azubiwerk.de\/es\/wp-json\/wp\/v2\/pages\/11"}],"wp:attachment":[{"href":"https:\/\/azubiwerk.de\/es\/wp-json\/wp\/v2\/media?parent=1199"}],"curies":[{"name":"wp","href":"https:\/\/api.w.org\/{rel}","templated":true}]}}