{"id":1197,"date":"2024-01-10T17:06:28","date_gmt":"2024-01-10T16:06:28","guid":{"rendered":"https:\/\/azubiwerk.de\/?page_id=1197"},"modified":"2025-04-22T13:59:20","modified_gmt":"2025-04-22T11:59:20","slug":"harburg","status":"publish","type":"page","link":"https:\/\/azubiwerk.de\/es\/standorte\/harburg\/","title":{"rendered":"Harburg"},"content":{"rendered":"<div class=\"wp-block-group background-gradient1 has-neve-link-color-background-color has-background\"><div class=\"wp-block-group__inner-container is-layout-constrained wp-block-group-is-layout-constrained\">\n<div class=\"wp-block-media-text has-media-on-the-right is-stacked-on-mobile is-image-fill-element has-nv-text-dark-bg-color has-text-color has-link-color has-medium-font-size wp-elements-27d0b32aa5cd2347c1cf5f220365d511\"><div class=\"wp-block-media-text__content\">\n<p><\/p>\n\n\n\n<h2 class=\"wp-block-heading\">VIVIR EN HARBURGO<\/h2>\n\n\n\n<p class=\"has-text-align-left has-nv-text-dark-bg-color has-text-color has-link-color wp-elements-d94832ced248de83ba329328dea814c9\">Bajo el lema \"Algo m\u00e1s que una vida asequible en Harburg\", en 2020 se construy\u00f3 la segunda residencia de la Fundaci\u00f3n Azubiwerk. El nuevo edificio, con un total de 4.600 metros cuadrados de espacio habitable y utilizable, ofrece espacio para 191 aprendices en 94 pisos compartidos distribuidos en 8 plantas. Adem\u00e1s de alquileres asequibles, los residentes pueden disfrutar de numerosas zonas comunes y caracter\u00edsticas especiales.<\/p>\n<\/div><figure class=\"wp-block-media-text__media\"><img loading=\"lazy\" decoding=\"async\" width=\"1024\" height=\"771\" src=\"https:\/\/azubiwerk.de\/wp-content\/uploads\/2024\/01\/Visualisierung_Azubiwerk_Harburg_300dpi-1024x771.jpg\" alt=\"\" class=\"wp-image-1224 size-full\" style=\"object-position:50% 50%\" srcset=\"https:\/\/azubiwerk.de\/wp-content\/uploads\/2024\/01\/Visualisierung_Azubiwerk_Harburg_300dpi-1024x771.jpg 1024w, https:\/\/azubiwerk.de\/wp-content\/uploads\/2024\/01\/Visualisierung_Azubiwerk_Harburg_300dpi-300x226.jpg 300w, https:\/\/azubiwerk.de\/wp-content\/uploads\/2024\/01\/Visualisierung_Azubiwerk_Harburg_300dpi-768x578.jpg 768w, https:\/\/azubiwerk.de\/wp-content\/uploads\/2024\/01\/Visualisierung_Azubiwerk_Harburg_300dpi-1536x1157.jpg 1536w, https:\/\/azubiwerk.de\/wp-content\/uploads\/2024\/01\/Visualisierung_Azubiwerk_Harburg_300dpi-2048x1542.jpg 2048w, https:\/\/azubiwerk.de\/wp-content\/uploads\/2024\/01\/Visualisierung_Azubiwerk_Harburg_300dpi-16x12.jpg 16w\" sizes=\"auto, (max-width: 1024px) 100vw, 1024px\" \/><\/figure><\/div>\n\n\n\n<figure class=\"wp-block-gallery has-nested-images columns-4 is-cropped wp-block-gallery-1 is-layout-flex wp-block-gallery-is-layout-flex\">\n<figure class=\"wp-block-image size-full is-style-default\"><img loading=\"lazy\" decoding=\"async\" width=\"2560\" height=\"1619\" src=\"https:\/\/azubiwerk.de\/wp-content\/uploads\/2024\/01\/IMG_3105-scaled.jpg\" alt=\"\" class=\"wp-image-1225\" srcset=\"https:\/\/azubiwerk.de\/wp-content\/uploads\/2024\/01\/IMG_3105-scaled.jpg 2560w, https:\/\/azubiwerk.de\/wp-content\/uploads\/2024\/01\/IMG_3105-300x190.jpg 300w, https:\/\/azubiwerk.de\/wp-content\/uploads\/2024\/01\/IMG_3105-1024x648.jpg 1024w, https:\/\/azubiwerk.de\/wp-content\/uploads\/2024\/01\/IMG_3105-768x486.jpg 768w, https:\/\/azubiwerk.de\/wp-content\/uploads\/2024\/01\/IMG_3105-1536x972.jpg 1536w, https:\/\/azubiwerk.de\/wp-content\/uploads\/2024\/01\/IMG_3105-2048x1295.jpg 2048w, https:\/\/azubiwerk.de\/wp-content\/uploads\/2024\/01\/IMG_3105-18x12.jpg 18w\" sizes=\"auto, (max-width: 2560px) 100vw, 2560px\" \/><\/figure>\n\n\n\n<figure class=\"wp-block-image size-full\"><img loading=\"lazy\" decoding=\"async\" width=\"750\" height=\"500\" src=\"https:\/\/azubiwerk.de\/wp-content\/uploads\/2024\/02\/IMG_3020.5e67afb545d057.61957263.jpg\" alt=\"\" class=\"wp-image-1772\" srcset=\"https:\/\/azubiwerk.de\/wp-content\/uploads\/2024\/02\/IMG_3020.5e67afb545d057.61957263.jpg 750w, https:\/\/azubiwerk.de\/wp-content\/uploads\/2024\/02\/IMG_3020.5e67afb545d057.61957263-300x200.jpg 300w, https:\/\/azubiwerk.de\/wp-content\/uploads\/2024\/02\/IMG_3020.5e67afb545d057.61957263-18x12.jpg 18w\" sizes=\"auto, (max-width: 750px) 100vw, 750px\" \/><\/figure>\n\n\n\n<figure class=\"wp-block-image size-full has-custom-border\"><img loading=\"lazy\" decoding=\"async\" width=\"2560\" height=\"1707\" src=\"https:\/\/azubiwerk.de\/wp-content\/uploads\/2024\/01\/IMG_3074-2-scaled.jpg\" alt=\"\" class=\"wp-image-1226\" style=\"border-style:none;border-width:0px;border-radius:0px\" srcset=\"https:\/\/azubiwerk.de\/wp-content\/uploads\/2024\/01\/IMG_3074-2-scaled.jpg 2560w, https:\/\/azubiwerk.de\/wp-content\/uploads\/2024\/01\/IMG_3074-2-300x200.jpg 300w, https:\/\/azubiwerk.de\/wp-content\/uploads\/2024\/01\/IMG_3074-2-1024x683.jpg 1024w, https:\/\/azubiwerk.de\/wp-content\/uploads\/2024\/01\/IMG_3074-2-768x512.jpg 768w, https:\/\/azubiwerk.de\/wp-content\/uploads\/2024\/01\/IMG_3074-2-1536x1024.jpg 1536w, https:\/\/azubiwerk.de\/wp-content\/uploads\/2024\/01\/IMG_3074-2-2048x1365.jpg 2048w, https:\/\/azubiwerk.de\/wp-content\/uploads\/2024\/01\/IMG_3074-2-18x12.jpg 18w, https:\/\/azubiwerk.de\/wp-content\/uploads\/2024\/01\/IMG_3074-2-930x620.jpg 930w\" sizes=\"auto, (max-width: 2560px) 100vw, 2560px\" \/><\/figure>\n\n\n\n<figure class=\"wp-block-image size-full\"><img loading=\"lazy\" decoding=\"async\" width=\"796\" height=\"500\" src=\"https:\/\/azubiwerk.de\/wp-content\/uploads\/2024\/02\/IMG_3077.5e67ae4f68e7a5.19125504.jpg\" alt=\"\" class=\"wp-image-1773\" srcset=\"https:\/\/azubiwerk.de\/wp-content\/uploads\/2024\/02\/IMG_3077.5e67ae4f68e7a5.19125504.jpg 796w, https:\/\/azubiwerk.de\/wp-content\/uploads\/2024\/02\/IMG_3077.5e67ae4f68e7a5.19125504-300x188.jpg 300w, https:\/\/azubiwerk.de\/wp-content\/uploads\/2024\/02\/IMG_3077.5e67ae4f68e7a5.19125504-768x482.jpg 768w, https:\/\/azubiwerk.de\/wp-content\/uploads\/2024\/02\/IMG_3077.5e67ae4f68e7a5.19125504-18x12.jpg 18w\" sizes=\"auto, (max-width: 796px) 100vw, 796px\" \/><\/figure>\n<\/figure>\n<\/div><\/div>\n\n\n\n<div class=\"wp-block-group\"><div class=\"wp-block-group__inner-container is-layout-flow wp-block-group-is-layout-flow\">\n<div class=\"wp-block-media-text has-media-on-the-right is-stacked-on-mobile has-background\" style=\"background-color:#cfdfec;grid-template-columns:auto 35%\"><div class=\"wp-block-media-text__content\">\n<h2 class=\"wp-block-heading has-neve-link-color-color has-text-color has-link-color wp-elements-0c1f6e5ab6ad61c4b24f7de019733767\">EL ESPECIAL<\/h2>\n\n\n\n<p class=\"has-neve-link-color-color has-text-color has-link-color has-medium-font-size wp-elements-4e875b2bc653eb14587572b315ac35b5\">Bajo la premisa de \"apoyo en lugar de supervisi\u00f3n\", se ayuda a los aprendices a dar sus primeros pasos fuera del hogar paterno de forma independiente y bajo su propia responsabilidad. El equipo educativo de Azubiwerk ofrece una amplia gama de actividades y servicios de asesoramiento in situ. Los aprendices participan activamente en la configuraci\u00f3n de su entorno de vida, entre otras cosas, eligiendo peri\u00f3dicamente a su consejo de dormitorio, que cuenta con su propio presupuesto.<\/p>\n\n\n\n<p class=\"has-neve-link-color-color has-text-color has-link-color has-medium-font-size wp-elements-7d59f1e57abba0909594b75942792216\">Unsere Gemeinschaftsfl\u00e4chen bieten ein vielf\u00e4ltiges Angebot an Erholung und die M\u00f6glichkeit neue Freundschaften zu schlie\u00dfen. Dies erm\u00f6glichen wir unter Anderem durch Gemeinschaftsk\u00fcchen, einen gem\u00fctlichen Lounge Bereich mit Sofas, Beamer und Soundsystem sowie durch vielf\u00e4ltige Freizeitger\u00e4te ( Kicker etc.). Dar\u00fcber hinaus l\u00e4dt unsere gro\u00dfz\u00fcgige Dachterrasse zum Entspannen ein.<\/p>\n<\/div><figure class=\"wp-block-media-text__media\"><img loading=\"lazy\" decoding=\"async\" width=\"1024\" height=\"768\" src=\"https:\/\/azubiwerk.de\/wp-content\/uploads\/2024\/02\/37_image_8859.5f4d1e77bf0336.40886079-1024x768.jpg\" alt=\"\" class=\"wp-image-1771 size-full\" srcset=\"https:\/\/azubiwerk.de\/wp-content\/uploads\/2024\/02\/37_image_8859.5f4d1e77bf0336.40886079-1024x768.jpg 1024w, https:\/\/azubiwerk.de\/wp-content\/uploads\/2024\/02\/37_image_8859.5f4d1e77bf0336.40886079-300x225.jpg 300w, https:\/\/azubiwerk.de\/wp-content\/uploads\/2024\/02\/37_image_8859.5f4d1e77bf0336.40886079-768x576.jpg 768w, https:\/\/azubiwerk.de\/wp-content\/uploads\/2024\/02\/37_image_8859.5f4d1e77bf0336.40886079-1536x1152.jpg 1536w, https:\/\/azubiwerk.de\/wp-content\/uploads\/2024\/02\/37_image_8859.5f4d1e77bf0336.40886079-2048x1536.jpg 2048w, https:\/\/azubiwerk.de\/wp-content\/uploads\/2024\/02\/37_image_8859.5f4d1e77bf0336.40886079-16x12.jpg 16w\" sizes=\"auto, (max-width: 1024px) 100vw, 1024px\" \/><\/figure><\/div>\n<\/div><\/div>\n\n\n\n<style>\n    body {\n        margin: 0;\n        font-family: 'Montserrat';\n    }\n\n    #overlay {\n        display: flex;\n        position: absolute;\n        top: 0;\n        left: 0;\n        width: 100%;\n        height: 100%;\n        background: rgba(0, 29, 63, 0.6);\n        color: #fff;\n        justify-content: center;\n        align-items: center;\n        text-align: center;\n        z-index: 1000;\n        cursor: pointer;\n        font-family: 'Montserrat';\n    }\n\n    #myFrame {\n        position: absolute;\n        top: 0;\n        left: 0;\n        width: 100%;\n        height: 800px;\n        border: none;\n    }\n\n    #container {\n        position: relative;\n        width: 100%;\n        height: 800px;\n    }\n\n    .rundgang {\n        font-size: 36pt;\n        font-family: 'Montserrat';\n        line-height: normal;\n    }\n<\/style>\n\n<body>\n    <div id=\"container\">\n        <div id=\"overlay\" class=\"rundgang\" onclick=\"loadFrame()\">\u00bfINICIAR TOUR 3D?<\/div>\n        <iframe id=\"myFrame\" src=\"https:\/\/azubiwerk.net\/wp-content\/rundgaenge\/harburg\/index.htm\"><\/iframe>\n    <\/div>\n\n    <script>\n        function loadFrame() {\n            document.getElementById('overlay').style.display = 'none';\n            document.getElementById('myFrame').style.display = 'block';\n        }\n\n        document.addEventListener('DOMContentLoaded', function () {\n            document.getElementById('overlay').style.display = 'flex';\n        });\n    <\/script>\n<\/body>\n\n\n\n<div class=\"wp-block-group\"><div class=\"wp-block-group__inner-container is-layout-flow wp-block-group-is-layout-flow\">\n<div class=\"wp-block-media-text has-media-on-the-right is-stacked-on-mobile has-background\" style=\"background-color:#cfdfec;grid-template-columns:auto 35%\"><div class=\"wp-block-media-text__content\">\n<h2 class=\"wp-block-heading has-neve-link-color-color has-text-color has-link-color wp-elements-91f21502a2ad5a159fa186993e57171e\">OFERTAS EN HARBURGO<\/h2>\n\n\n\n<p class=\"has-neve-link-color-color has-text-color has-link-color has-medium-font-size wp-elements-a9ffb33ca2e4dc2ccfeb0e0ee2b656d7\">Nuestro equipo pedag\u00f3gico apoya a todos los aprendices en su camino hacia una vida independiente. As\u00ed tienen m\u00e1s tiempo para concentrarse en su formaci\u00f3n. Los programas educativos que se ofrecen en el edificio tambi\u00e9n brindan la oportunidad de hacer r\u00e1pidamente nuevos contactos y amistades. Entre ellos figuran eventos y una amplia oferta de servicios de asesoramiento. Adem\u00e1s, los aprendices pueden participar activamente en la organizaci\u00f3n de la residencia y en los actos del consejo de la residencia.<br><br>Unser p\u00e4dagogisches Team ist im Azubiwerk Harburg 3-4 Tage jeweils Nachmittags und Abends vor Ort.<br>Ofrecemos a nuestros becarios los siguientes programas (selecci\u00f3n):<\/p>\n\n\n<div class=\"oxi-addons-container   oxi-addons-flipbox-template-style4\">        <div class=\"oxilab-flip-box-wrapper\">\n                                <div class=\"oxilab-flip-box-col-3 oxilab-flip-box-padding-2\"\n                        sa-data-animation=\"\"\n                        sa-data-animation-offset=\"100%\"\r\n                        sa-data-animation-delay=\"0ms\"\r\n                        sa-data-animation-duration=\" 30000ms\"\n                        >\r\n                        <div class=\"oxilab-flip-box-body-2 oxilab-flip-box-body-2-7\">\n                                                        <div class=\"oxilab-flip-box-body-absulote\">\n                                <div class=\"oxilab-flip-box-flip oxilab-flip-box-flip-left-to-right\">\n                                    <div class=\"oxilab-flip-box-style-data easing_easeInOutCirc\">\n                                        <div class=\"oxilab-flip-box-style\">\n                                            <div class=\"oxilab-flip-box-front\">\n                                                <div class=\"oxilab-flip-box-2\">\n                                                    <div class=\"oxilab-flip-box-2-data\">\n                                                        <div class=\"oxilab-icon\">\n                                                            <div class=\"oxilab-icon-data\">\n                                                                        <i class=\"oxi-icons\"><\/i>\n                                                                    <\/div>\n                                                        <\/div>\n                                                        <div class=\"oxilab-heading\">\n                                                            CONSULTOR\u00cdA                                                        <\/div>\n                                                        <div class=\"oxilab-info\">\n                                                                                                                    <\/div>\n\n                                                    <\/div>\n                                                <\/div>\n                                            <\/div>\n                                            <div class=\"oxilab-flip-box-back\">\n                                                <div class=\"oxilab-flip-box-back-2\">\n                                                    <div class=\"oxilab-flip-box-back-2-data\">\n                                                        <div class=\"oxilab-heading\">\n                                                                                                                    <\/div>\n                                                        <div class=\"oxilab-info\">\n                                                            <ul><li>Solicitud de subsidio de formaci\u00f3n profesional (BAB), subsidio de vivienda o BAf\u00f6G<\/li> <li>Retos operativos<\/li> <li>Problemas personales<\/li>                                                        <\/div>\n                                                                                                            <\/div>\n                                                <\/div>\n                                            <\/div>\n                                        <\/div>\n                                    <\/div>\n                                <\/div>\n                            <\/div>\n                            \n                        <\/div>\n\n\n                                                \n                    <\/div>\n                                        <div class=\"oxilab-flip-box-col-3 oxilab-flip-box-padding-2\"\n                        sa-data-animation=\"\"\n                        sa-data-animation-offset=\"100%\"\r\n                        sa-data-animation-delay=\"0ms\"\r\n                        sa-data-animation-duration=\" 30000ms\"\n                        >\r\n                        <div class=\"oxilab-flip-box-body-2 oxilab-flip-box-body-2-8\">\n                                                        <div class=\"oxilab-flip-box-body-absulote\">\n                                <div class=\"oxilab-flip-box-flip oxilab-flip-box-flip-left-to-right\">\n                                    <div class=\"oxilab-flip-box-style-data easing_easeInOutCirc\">\n                                        <div class=\"oxilab-flip-box-style\">\n                                            <div class=\"oxilab-flip-box-front\">\n                                                <div class=\"oxilab-flip-box-2\">\n                                                    <div class=\"oxilab-flip-box-2-data\">\n                                                        <div class=\"oxilab-icon\">\n                                                            <div class=\"oxilab-icon-data\">\n                                                                        <i class=\"oxi-icons\"><\/i>\n                                                                    <\/div>\n                                                        <\/div>\n                                                        <div class=\"oxilab-heading\">\n                                                            OCIO                                                        <\/div>\n                                                        <div class=\"oxilab-info\">\n                                                                                                                    <\/div>\n\n                                                    <\/div>\n                                                <\/div>\n                                            <\/div>\n                                            <div class=\"oxilab-flip-box-back\">\n                                                <div class=\"oxilab-flip-box-back-2\">\n                                                    <div class=\"oxilab-flip-box-back-2-data\">\n                                                        <div class=\"oxilab-heading\">\n                                                                                                                    <\/div>\n                                                        <div class=\"oxilab-info\">\n                                                            <ul><li> Almuerzo dominical y tardes de cocina Actividades deportivas<\/li> <li>Club de fotograf\u00eda, jardiner\u00eda y artesan\u00eda<\/li> <li>Tardes de cine y juegos<\/li> <li>Celebraciones<\/li>                                                        <\/div>\n                                                                                                            <\/div>\n                                                <\/div>\n                                            <\/div>\n                                        <\/div>\n                                    <\/div>\n                                <\/div>\n                            <\/div>\n                            \n                        <\/div>\n\n\n                                                \n                    <\/div>\n                                        <div class=\"oxilab-flip-box-col-3 oxilab-flip-box-padding-2\"\n                        sa-data-animation=\"\"\n                        sa-data-animation-offset=\"100%\"\r\n                        sa-data-animation-delay=\"0ms\"\r\n                        sa-data-animation-duration=\" 30000ms\"\n                        >\r\n                        <div class=\"oxilab-flip-box-body-2 oxilab-flip-box-body-2-9\">\n                                                        <div class=\"oxilab-flip-box-body-absulote\">\n                                <div class=\"oxilab-flip-box-flip oxilab-flip-box-flip-left-to-right\">\n                                    <div class=\"oxilab-flip-box-style-data easing_easeInOutCirc\">\n                                        <div class=\"oxilab-flip-box-style\">\n                                            <div class=\"oxilab-flip-box-front\">\n                                                <div class=\"oxilab-flip-box-2\">\n                                                    <div class=\"oxilab-flip-box-2-data\">\n                                                        <div class=\"oxilab-icon\">\n                                                            <div class=\"oxilab-icon-data\">\n                                                                        <i class=\"oxi-icons\"><\/i>\n                                                                    <\/div>\n                                                        <\/div>\n                                                        <div class=\"oxilab-heading\">\n                                                            EDUCACI\u00d3N                                                        <\/div>\n                                                        <div class=\"oxilab-info\">\n                                                                                                                    <\/div>\n\n                                                    <\/div>\n                                                <\/div>\n                                            <\/div>\n                                            <div class=\"oxilab-flip-box-back\">\n                                                <div class=\"oxilab-flip-box-back-2\">\n                                                    <div class=\"oxilab-flip-box-back-2-data\">\n                                                        <div class=\"oxilab-heading\">\n                                                                                                                    <\/div>\n                                                        <div class=\"oxilab-info\">\n                                                            <ul> <li>Gesti\u00f3n presupuestaria y disciplina financiera<\/li> <li>Autoorganizaci\u00f3n y ayudas al aprendizaje<\/li> <li>Arte y cultura in situ<\/li>                                                        <\/div>\n                                                                                                            <\/div>\n                                                <\/div>\n                                            <\/div>\n                                        <\/div>\n                                    <\/div>\n                                <\/div>\n                            <\/div>\n                            \n                        <\/div>\n\n\n                                                \n                    <\/div>\n                            <\/div>\n        <\/div>\n<\/div><figure class=\"wp-block-media-text__media\"><img loading=\"lazy\" decoding=\"async\" width=\"768\" height=\"1024\" src=\"https:\/\/azubiwerk.de\/wp-content\/uploads\/2024\/02\/Gebaeude-Harburg-Aussenansicht-768x1024.jpg\" alt=\"\" class=\"wp-image-1528 size-full\" srcset=\"https:\/\/azubiwerk.de\/wp-content\/uploads\/2024\/02\/Gebaeude-Harburg-Aussenansicht-768x1024.jpg 768w, https:\/\/azubiwerk.de\/wp-content\/uploads\/2024\/02\/Gebaeude-Harburg-Aussenansicht-225x300.jpg 225w, https:\/\/azubiwerk.de\/wp-content\/uploads\/2024\/02\/Gebaeude-Harburg-Aussenansicht-1152x1536.jpg 1152w, https:\/\/azubiwerk.de\/wp-content\/uploads\/2024\/02\/Gebaeude-Harburg-Aussenansicht-1536x2048.jpg 1536w, https:\/\/azubiwerk.de\/wp-content\/uploads\/2024\/02\/Gebaeude-Harburg-Aussenansicht-9x12.jpg 9w, https:\/\/azubiwerk.de\/wp-content\/uploads\/2024\/02\/Gebaeude-Harburg-Aussenansicht-scaled.jpg 1920w\" sizes=\"auto, (max-width: 768px) 100vw, 768px\" \/><\/figure><\/div>\n<\/div><\/div>\n\n\n\n<div class=\"wp-block-media-text is-stacked-on-mobile background-gradient1 has-nv-text-dark-bg-color has-neve-link-color-background-color has-text-color has-background has-link-color wp-elements-3d2dd2a234381567a6d0fc03f9be4ad8\" style=\"grid-template-columns:31% auto\"><figure class=\"wp-block-media-text__media\"><img loading=\"lazy\" decoding=\"async\" width=\"600\" height=\"600\" src=\"https:\/\/azubiwerk.de\/wp-content\/uploads\/2024\/02\/Standort-Harburg.jpg\" alt=\"\" class=\"wp-image-1762 size-full\" srcset=\"https:\/\/azubiwerk.de\/wp-content\/uploads\/2024\/02\/Standort-Harburg.jpg 600w, https:\/\/azubiwerk.de\/wp-content\/uploads\/2024\/02\/Standort-Harburg-300x300.jpg 300w, https:\/\/azubiwerk.de\/wp-content\/uploads\/2024\/02\/Standort-Harburg-150x150.jpg 150w, https:\/\/azubiwerk.de\/wp-content\/uploads\/2024\/02\/Standort-Harburg-12x12.jpg 12w\" sizes=\"auto, (max-width: 600px) 100vw, 600px\" \/><\/figure><div class=\"wp-block-media-text__content\">\n<p class=\"has-nv-text-dark-bg-color has-text-color has-link-color has-medium-font-size wp-elements-891562adf9ed97794ae67ea1bd69f1aa\"><br>El Azubiwerk Harburg est\u00e1 convenientemente situado en Helmsweg 30 (21073 Hamburgo).<\/p>\n\n\n\n<p class=\"has-nv-text-dark-bg-color has-text-color has-link-color has-medium-font-size wp-elements-516c27aa9dff494ff136c7e01abebd85\">Las l\u00edneas de autob\u00fas 141 y 241 est\u00e1n a 3 minutos a pie. La parada de S-Harburg-Rathaus tambi\u00e9n est\u00e1 a solo 7 minutos a pie.<br><br><strong>Equipo de recepci\u00f3n&nbsp;<\/strong><br>De lunes a domingo, tarde\/noche<br>Tel\u00e9fono: 040 883609-490<br>correo electr\u00f3nico:&nbsp;<a href=\"mailto:empfang-harburg@azubiwerk.de\">empfang-harburg@azubiwerk.de<\/a><\/p>\n<\/div><\/div>","protected":false},"excerpt":{"rendered":"<p>VIVIR EN HARBURG Bajo el lema \"Algo m\u00e1s que una vida asequible en Harburg\", en 2020 se construy\u00f3 la segunda residencia de la fundaci\u00f3n Azubiwerk. El nuevo edificio, con un total de 4.600 metros cuadrados de espacio habitable y utilizable, ofrece espacio para 191 aprendices en 94 pisos compartidos distribuidos en 8 plantas. Adem\u00e1s de alquileres asequibles, los residentes podr\u00e1n disfrutar de numerosas zonas comunes y caracter\u00edsticas especiales. EL...&nbsp;<a href=\"https:\/\/azubiwerk.de\/es\/standorte\/harburg\/\" rel=\"bookmark\">M\u00c1S<span class=\"screen-reader-text\">Harburg<\/span><\/a><\/p>","protected":false},"author":1,"featured_media":0,"parent":11,"menu_order":0,"comment_status":"closed","ping_status":"closed","template":"","meta":{"neve_meta_sidebar":"","neve_meta_container":"","neve_meta_enable_content_width":"on","neve_meta_content_width":100,"neve_meta_title_alignment":"","neve_meta_author_avatar":"","neve_post_elements_order":"","neve_meta_disable_header":"","neve_meta_disable_footer":"","neve_meta_disable_title":"on","neve_meta_reading_time":"","footnotes":""},"class_list":["post-1197","page","type-page","status-publish","hentry"],"_links":{"self":[{"href":"https:\/\/azubiwerk.de\/es\/wp-json\/wp\/v2\/pages\/1197","targetHints":{"allow":["GET"]}}],"collection":[{"href":"https:\/\/azubiwerk.de\/es\/wp-json\/wp\/v2\/pages"}],"about":[{"href":"https:\/\/azubiwerk.de\/es\/wp-json\/wp\/v2\/types\/page"}],"author":[{"embeddable":true,"href":"https:\/\/azubiwerk.de\/es\/wp-json\/wp\/v2\/users\/1"}],"replies":[{"embeddable":true,"href":"https:\/\/azubiwerk.de\/es\/wp-json\/wp\/v2\/comments?post=1197"}],"version-history":[{"count":21,"href":"https:\/\/azubiwerk.de\/es\/wp-json\/wp\/v2\/pages\/1197\/revisions"}],"predecessor-version":[{"id":2404,"href":"https:\/\/azubiwerk.de\/es\/wp-json\/wp\/v2\/pages\/1197\/revisions\/2404"}],"up":[{"embeddable":true,"href":"https:\/\/azubiwerk.de\/es\/wp-json\/wp\/v2\/pages\/11"}],"wp:attachment":[{"href":"https:\/\/azubiwerk.de\/es\/wp-json\/wp\/v2\/media?parent=1197"}],"curies":[{"name":"wp","href":"https:\/\/api.w.org\/{rel}","templated":true}]}}