{"id":1195,"date":"2024-01-10T17:06:03","date_gmt":"2024-01-10T16:06:03","guid":{"rendered":"https:\/\/azubiwerk.de\/?page_id=1195"},"modified":"2025-04-22T14:01:49","modified_gmt":"2025-04-22T12:01:49","slug":"muenzviertel","status":"publish","type":"page","link":"https:\/\/azubiwerk.de\/es\/standorte\/muenzviertel\/","title":{"rendered":"M\u00fcnzviertel"},"content":{"rendered":"<div class=\"wp-block-group background-gradient1 has-neve-link-color-background-color has-background\"><div class=\"wp-block-group__inner-container is-layout-constrained wp-block-group-is-layout-constrained\">\n<div class=\"wp-block-media-text has-media-on-the-right is-stacked-on-mobile is-image-fill-element has-nv-text-dark-bg-color has-text-color has-link-color has-medium-font-size wp-elements-62f075884ca3bd2e808cc3fdca288ff9\"><div class=\"wp-block-media-text__content\">\n<p><\/p>\n\n\n\n<h2 class=\"wp-block-heading\">VIVIR EN EL M\u00dcNZVIERTEL<\/h2>\n\n\n\n<p class=\"has-nv-text-dark-bg-color has-text-color has-link-color wp-elements-3a3eef384e412503b6d86a4ddc4f88cb\">Nuestra tercera residencia se encuentra en el coraz\u00f3n de M\u00fcnzviertel, en un lugar c\u00e9ntrico cerca de la estaci\u00f3n principal de Hamburgo. El nuevo y atractivo edificio, con vistas a la ciudad, est\u00e1 situado en un barrio residencial que ofrece espacio para unos 209 becarios. Pero no s\u00f3lo los becarios encontrar\u00e1n aqu\u00ed un hogar; el alojamiento que ofrecen los proveedores vecinos tambi\u00e9n est\u00e1 dirigido a familias, solteros y estudiantes.<\/p>\n<\/div><figure class=\"wp-block-media-text__media\"><img loading=\"lazy\" decoding=\"async\" width=\"1024\" height=\"768\" src=\"https:\/\/azubiwerk.de\/wp-content\/uploads\/2024\/02\/AnsichtMuenzi2-1024x768.jpg\" alt=\"\" class=\"wp-image-1699 size-full\" style=\"object-position:50% 50%\" srcset=\"https:\/\/azubiwerk.de\/wp-content\/uploads\/2024\/02\/AnsichtMuenzi2-1024x768.jpg 1024w, https:\/\/azubiwerk.de\/wp-content\/uploads\/2024\/02\/AnsichtMuenzi2-300x225.jpg 300w, https:\/\/azubiwerk.de\/wp-content\/uploads\/2024\/02\/AnsichtMuenzi2-768x576.jpg 768w, https:\/\/azubiwerk.de\/wp-content\/uploads\/2024\/02\/AnsichtMuenzi2-1536x1152.jpg 1536w, https:\/\/azubiwerk.de\/wp-content\/uploads\/2024\/02\/AnsichtMuenzi2-16x12.jpg 16w, https:\/\/azubiwerk.de\/wp-content\/uploads\/2024\/02\/AnsichtMuenzi2.jpg 2048w\" sizes=\"auto, (max-width: 1024px) 100vw, 1024px\" \/><\/figure><\/div>\n\n\n\n<figure class=\"wp-block-gallery has-nested-images columns-4 is-cropped wp-block-gallery-1 is-layout-flex wp-block-gallery-is-layout-flex\">\n<figure class=\"wp-block-image size-full\"><img loading=\"lazy\" decoding=\"async\" width=\"870\" height=\"631\" src=\"https:\/\/azubiwerk.de\/wp-content\/uploads\/2024\/02\/muenzviertel_visualisierung.jpg\" alt=\"\" class=\"wp-image-1857\" srcset=\"https:\/\/azubiwerk.de\/wp-content\/uploads\/2024\/02\/muenzviertel_visualisierung.jpg 870w, https:\/\/azubiwerk.de\/wp-content\/uploads\/2024\/02\/muenzviertel_visualisierung-300x218.jpg 300w, https:\/\/azubiwerk.de\/wp-content\/uploads\/2024\/02\/muenzviertel_visualisierung-768x557.jpg 768w, https:\/\/azubiwerk.de\/wp-content\/uploads\/2024\/02\/muenzviertel_visualisierung-18x12.jpg 18w\" sizes=\"auto, (max-width: 870px) 100vw, 870px\" \/><\/figure>\n\n\n\n<figure class=\"wp-block-image size-full is-style-default\"><img loading=\"lazy\" decoding=\"async\" width=\"2560\" height=\"1124\" src=\"https:\/\/azubiwerk.de\/wp-content\/uploads\/2024\/02\/AnsichtMuenzi1-scaled.jpeg\" alt=\"\" class=\"wp-image-1696\" srcset=\"https:\/\/azubiwerk.de\/wp-content\/uploads\/2024\/02\/AnsichtMuenzi1-scaled.jpeg 2560w, https:\/\/azubiwerk.de\/wp-content\/uploads\/2024\/02\/AnsichtMuenzi1-300x132.jpeg 300w, https:\/\/azubiwerk.de\/wp-content\/uploads\/2024\/02\/AnsichtMuenzi1-1024x450.jpeg 1024w, https:\/\/azubiwerk.de\/wp-content\/uploads\/2024\/02\/AnsichtMuenzi1-768x337.jpeg 768w, https:\/\/azubiwerk.de\/wp-content\/uploads\/2024\/02\/AnsichtMuenzi1-1536x674.jpeg 1536w, https:\/\/azubiwerk.de\/wp-content\/uploads\/2024\/02\/AnsichtMuenzi1-2048x899.jpeg 2048w, https:\/\/azubiwerk.de\/wp-content\/uploads\/2024\/02\/AnsichtMuenzi1-18x8.jpeg 18w\" sizes=\"auto, (max-width: 2560px) 100vw, 2560px\" \/><\/figure>\n\n\n\n<figure class=\"wp-block-image size-full\"><img loading=\"lazy\" decoding=\"async\" width=\"2048\" height=\"1536\" src=\"https:\/\/azubiwerk.de\/wp-content\/uploads\/2024\/02\/AnsichtMuenzi3.jpg\" alt=\"\" class=\"wp-image-1698\" srcset=\"https:\/\/azubiwerk.de\/wp-content\/uploads\/2024\/02\/AnsichtMuenzi3.jpg 2048w, https:\/\/azubiwerk.de\/wp-content\/uploads\/2024\/02\/AnsichtMuenzi3-300x225.jpg 300w, https:\/\/azubiwerk.de\/wp-content\/uploads\/2024\/02\/AnsichtMuenzi3-1024x768.jpg 1024w, https:\/\/azubiwerk.de\/wp-content\/uploads\/2024\/02\/AnsichtMuenzi3-768x576.jpg 768w, https:\/\/azubiwerk.de\/wp-content\/uploads\/2024\/02\/AnsichtMuenzi3-1536x1152.jpg 1536w, https:\/\/azubiwerk.de\/wp-content\/uploads\/2024\/02\/AnsichtMuenzi3-16x12.jpg 16w\" sizes=\"auto, (max-width: 2048px) 100vw, 2048px\" \/><\/figure>\n\n\n\n<figure class=\"wp-block-image size-full has-custom-border is-style-default\"><img loading=\"lazy\" decoding=\"async\" width=\"2048\" height=\"1536\" src=\"https:\/\/azubiwerk.de\/wp-content\/uploads\/2024\/02\/AnsichtMuenzi5.jpg\" alt=\"\" class=\"wp-image-1702\" style=\"border-style:none;border-width:0px;border-radius:0px\" srcset=\"https:\/\/azubiwerk.de\/wp-content\/uploads\/2024\/02\/AnsichtMuenzi5.jpg 2048w, https:\/\/azubiwerk.de\/wp-content\/uploads\/2024\/02\/AnsichtMuenzi5-300x225.jpg 300w, https:\/\/azubiwerk.de\/wp-content\/uploads\/2024\/02\/AnsichtMuenzi5-1024x768.jpg 1024w, https:\/\/azubiwerk.de\/wp-content\/uploads\/2024\/02\/AnsichtMuenzi5-768x576.jpg 768w, https:\/\/azubiwerk.de\/wp-content\/uploads\/2024\/02\/AnsichtMuenzi5-1536x1152.jpg 1536w, https:\/\/azubiwerk.de\/wp-content\/uploads\/2024\/02\/AnsichtMuenzi5-16x12.jpg 16w\" sizes=\"auto, (max-width: 2048px) 100vw, 2048px\" \/><\/figure>\n<\/figure>\n<\/div><\/div>\n\n\n\n<div class=\"wp-block-group\"><div class=\"wp-block-group__inner-container is-layout-flow wp-block-group-is-layout-flow\">\n<div class=\"wp-block-media-text has-media-on-the-right is-stacked-on-mobile has-background\" style=\"background-color:#cfdfec;grid-template-columns:auto 35%\"><div class=\"wp-block-media-text__content\">\n<h2 class=\"wp-block-heading has-neve-link-color-color has-text-color has-link-color wp-elements-0c1f6e5ab6ad61c4b24f7de019733767\">EL ESPECIAL<\/h2>\n\n\n\n<p class=\"has-neve-link-color-color has-text-color has-link-color has-medium-font-size wp-elements-78304a08659cb205771e0cf11c96705d\">Das Wohnheim \u00fcberzeugt neben der modernen Ausstattung auch mit seiner besonders zentralen Lage. Der Innenhof l\u00e4sst keine W\u00fcnsche offen \u2013 in der begr\u00fcnten Au\u00dfenanlage findet man Tischtennisplatten, Liegewiesen, einen Grillplatz und viele M\u00f6glichkeiten f\u00fcr ein gem\u00fctliches Zusammenkommen an warmen Sommertagen. Sollte aber doch mal Schietwetter sein, befinden sich im Stiftungssitz ansprechende Gemeinschaftsr\u00e4ume (ca. 250 m\u00b2) mit z.B. einem Kicker , einem kleinen Kino, bequeme Sofas und einem richtigen Sound- und Lichtsystem. Die Gemeinschaftsr\u00e4ume werden derzeit noch ausgebaut und werden voraussichtlich innerhalb des Jahres 2025 verf\u00fcgbar sein.<\/p>\n<\/div><figure class=\"wp-block-media-text__media\"><img loading=\"lazy\" decoding=\"async\" width=\"1024\" height=\"683\" src=\"https:\/\/azubiwerk.de\/wp-content\/uploads\/2024\/01\/Event_IsyNadja_20-1024x683.jpg\" alt=\"\" class=\"wp-image-1222 size-full\" srcset=\"https:\/\/azubiwerk.de\/wp-content\/uploads\/2024\/01\/Event_IsyNadja_20-1024x683.jpg 1024w, https:\/\/azubiwerk.de\/wp-content\/uploads\/2024\/01\/Event_IsyNadja_20-300x200.jpg 300w, https:\/\/azubiwerk.de\/wp-content\/uploads\/2024\/01\/Event_IsyNadja_20-768x512.jpg 768w, https:\/\/azubiwerk.de\/wp-content\/uploads\/2024\/01\/Event_IsyNadja_20-1536x1024.jpg 1536w, https:\/\/azubiwerk.de\/wp-content\/uploads\/2024\/01\/Event_IsyNadja_20-2048x1365.jpg 2048w, https:\/\/azubiwerk.de\/wp-content\/uploads\/2024\/01\/Event_IsyNadja_20-18x12.jpg 18w, https:\/\/azubiwerk.de\/wp-content\/uploads\/2024\/01\/Event_IsyNadja_20-930x620.jpg 930w\" sizes=\"auto, (max-width: 1024px) 100vw, 1024px\" \/><\/figure><\/div>\n<\/div><\/div>\n\n\n\n<style>\n    body {\n        margin: 0;\n        font-family: 'Montserrat';\n    }\n\n    #overlay {\n        display: flex;\n        position: absolute;\n        top: 0;\n        left: 0;\n        width: 100%;\n        height: 100%;\n        background: rgba(0, 29, 63, 0.6);\n        color: #fff;\n        justify-content: center;\n        align-items: center;\n        text-align: center;\n        z-index: 1000;\n        cursor: pointer;\n        font-family: 'Montserrat';\n    }\n\n    #myFrame {\n        position: absolute;\n        top: 0;\n        left: 0;\n        width: 100%;\n        height: 700px;\n        border: none;\n    }\n\n    #container {\n        position: relative;\n        width: 100%;\n        height: 700px;\n    }\n\n    .rundgang {\n        font-size: 36pt;\n        font-family: 'Montserrat';\n        line-height: normal;\n    }\n<\/style>\n\n<body>\n    <div id=\"container\">\n        <div id=\"overlay\" class=\"rundgang\" onclick=\"loadFrame()\">\u00bfINICIAR TOUR 3D?<\/div>\n        <iframe id=\"myFrame\" src=\"https:\/\/azubiwerk.net\/wp-content\/rundgaenge\/muenzviertel\/index.htm\"><\/iframe>\n    <\/div>\n\n    <script>\n        function loadFrame() {\n            document.getElementById('overlay').style.display = 'none';\n            document.getElementById('myFrame').style.display = 'block';\n        }\n\n        document.addEventListener('DOMContentLoaded', function () {\n            document.getElementById('overlay').style.display = 'flex';\n        });\n    <\/script>\n<\/body>\n\n\n\n<div class=\"wp-block-group\"><div class=\"wp-block-group__inner-container is-layout-flow wp-block-group-is-layout-flow\">\n<div class=\"wp-block-media-text has-media-on-the-right is-stacked-on-mobile has-background\" style=\"background-color:#cfdfec;grid-template-columns:auto 35%\"><div class=\"wp-block-media-text__content\">\n<h2 class=\"wp-block-heading has-neve-link-color-color has-text-color has-link-color wp-elements-6f9a705541754db6907b4f52954188e6\">OFERTAS EN EL M\u00dcNZVIERTEL<\/h2>\n\n\n\n<p class=\"has-neve-link-color-color has-text-color has-link-color has-medium-font-size wp-elements-5c98f2cd064eb5426c543b3a7d22ea6e\">Bajo la premisa de \"apoyo en lugar de supervisi\u00f3n\", aqu\u00ed tambi\u00e9n se ayuda a los aprendices a dar sus primeros pasos fuera del hogar paterno de forma independiente y bajo su propia responsabilidad. Nuestro equipo pedag\u00f3gico ofrece una amplia gama de actividades y servicios de asesoramiento in situ. Los aprendices participan activamente en la configuraci\u00f3n de su entorno de vida, entre otras cosas, eligiendo peri\u00f3dicamente a su consejo de dormitorio, que cuenta con su propio presupuesto.<br><br>Unser p\u00e4dagogisches Team ist im Azubiwerk M\u00fcnzviertel 3-4 Tage und jeweils Nachmittags und Abends vor Ort.<br>Ofrecemos a nuestros becarios los siguientes programas (selecci\u00f3n):<\/p>\n\n\n<div class=\"oxi-addons-container   oxi-addons-flipbox-template-style4\">        <div class=\"oxilab-flip-box-wrapper\">\n                                <div class=\"oxilab-flip-box-col-3 oxilab-flip-box-padding-2\"\n                        sa-data-animation=\"\"\n                        sa-data-animation-offset=\"100%\"\r\n                        sa-data-animation-delay=\"0ms\"\r\n                        sa-data-animation-duration=\" 30000ms\"\n                        >\r\n                        <div class=\"oxilab-flip-box-body-2 oxilab-flip-box-body-2-7\">\n                                                        <div class=\"oxilab-flip-box-body-absulote\">\n                                <div class=\"oxilab-flip-box-flip oxilab-flip-box-flip-left-to-right\">\n                                    <div class=\"oxilab-flip-box-style-data easing_easeInOutCirc\">\n                                        <div class=\"oxilab-flip-box-style\">\n                                            <div class=\"oxilab-flip-box-front\">\n                                                <div class=\"oxilab-flip-box-2\">\n                                                    <div class=\"oxilab-flip-box-2-data\">\n                                                        <div class=\"oxilab-icon\">\n                                                            <div class=\"oxilab-icon-data\">\n                                                                        <i class=\"oxi-icons\"><\/i>\n                                                                    <\/div>\n                                                        <\/div>\n                                                        <div class=\"oxilab-heading\">\n                                                            CONSULTOR\u00cdA                                                        <\/div>\n                                                        <div class=\"oxilab-info\">\n                                                                                                                    <\/div>\n\n                                                    <\/div>\n                                                <\/div>\n                                            <\/div>\n                                            <div class=\"oxilab-flip-box-back\">\n                                                <div class=\"oxilab-flip-box-back-2\">\n                                                    <div class=\"oxilab-flip-box-back-2-data\">\n                                                        <div class=\"oxilab-heading\">\n                                                                                                                    <\/div>\n                                                        <div class=\"oxilab-info\">\n                                                            <ul><li>Solicitud de subsidio de formaci\u00f3n profesional (BAB), subsidio de vivienda o BAf\u00f6G<\/li> <li>Retos operativos<\/li> <li>Problemas personales<\/li>                                                        <\/div>\n                                                                                                            <\/div>\n                                                <\/div>\n                                            <\/div>\n                                        <\/div>\n                                    <\/div>\n                                <\/div>\n                            <\/div>\n                            \n                        <\/div>\n\n\n                                                \n                    <\/div>\n                                        <div class=\"oxilab-flip-box-col-3 oxilab-flip-box-padding-2\"\n                        sa-data-animation=\"\"\n                        sa-data-animation-offset=\"100%\"\r\n                        sa-data-animation-delay=\"0ms\"\r\n                        sa-data-animation-duration=\" 30000ms\"\n                        >\r\n                        <div class=\"oxilab-flip-box-body-2 oxilab-flip-box-body-2-8\">\n                                                        <div class=\"oxilab-flip-box-body-absulote\">\n                                <div class=\"oxilab-flip-box-flip oxilab-flip-box-flip-left-to-right\">\n                                    <div class=\"oxilab-flip-box-style-data easing_easeInOutCirc\">\n                                        <div class=\"oxilab-flip-box-style\">\n                                            <div class=\"oxilab-flip-box-front\">\n                                                <div class=\"oxilab-flip-box-2\">\n                                                    <div class=\"oxilab-flip-box-2-data\">\n                                                        <div class=\"oxilab-icon\">\n                                                            <div class=\"oxilab-icon-data\">\n                                                                        <i class=\"oxi-icons\"><\/i>\n                                                                    <\/div>\n                                                        <\/div>\n                                                        <div class=\"oxilab-heading\">\n                                                            OCIO                                                        <\/div>\n                                                        <div class=\"oxilab-info\">\n                                                                                                                    <\/div>\n\n                                                    <\/div>\n                                                <\/div>\n                                            <\/div>\n                                            <div class=\"oxilab-flip-box-back\">\n                                                <div class=\"oxilab-flip-box-back-2\">\n                                                    <div class=\"oxilab-flip-box-back-2-data\">\n                                                        <div class=\"oxilab-heading\">\n                                                                                                                    <\/div>\n                                                        <div class=\"oxilab-info\">\n                                                            <ul><li> Almuerzo dominical y tardes de cocina Actividades deportivas<\/li> <li>Club de fotograf\u00eda, jardiner\u00eda y artesan\u00eda<\/li> <li>Tardes de cine y juegos<\/li> <li>Celebraciones<\/li>                                                        <\/div>\n                                                                                                            <\/div>\n                                                <\/div>\n                                            <\/div>\n                                        <\/div>\n                                    <\/div>\n                                <\/div>\n                            <\/div>\n                            \n                        <\/div>\n\n\n                                                \n                    <\/div>\n                                        <div class=\"oxilab-flip-box-col-3 oxilab-flip-box-padding-2\"\n                        sa-data-animation=\"\"\n                        sa-data-animation-offset=\"100%\"\r\n                        sa-data-animation-delay=\"0ms\"\r\n                        sa-data-animation-duration=\" 30000ms\"\n                        >\r\n                        <div class=\"oxilab-flip-box-body-2 oxilab-flip-box-body-2-9\">\n                                                        <div class=\"oxilab-flip-box-body-absulote\">\n                                <div class=\"oxilab-flip-box-flip oxilab-flip-box-flip-left-to-right\">\n                                    <div class=\"oxilab-flip-box-style-data easing_easeInOutCirc\">\n                                        <div class=\"oxilab-flip-box-style\">\n                                            <div class=\"oxilab-flip-box-front\">\n                                                <div class=\"oxilab-flip-box-2\">\n                                                    <div class=\"oxilab-flip-box-2-data\">\n                                                        <div class=\"oxilab-icon\">\n                                                            <div class=\"oxilab-icon-data\">\n                                                                        <i class=\"oxi-icons\"><\/i>\n                                                                    <\/div>\n                                                        <\/div>\n                                                        <div class=\"oxilab-heading\">\n                                                            EDUCACI\u00d3N                                                        <\/div>\n                                                        <div class=\"oxilab-info\">\n                                                                                                                    <\/div>\n\n                                                    <\/div>\n                                                <\/div>\n                                            <\/div>\n                                            <div class=\"oxilab-flip-box-back\">\n                                                <div class=\"oxilab-flip-box-back-2\">\n                                                    <div class=\"oxilab-flip-box-back-2-data\">\n                                                        <div class=\"oxilab-heading\">\n                                                                                                                    <\/div>\n                                                        <div class=\"oxilab-info\">\n                                                            <ul> <li>Gesti\u00f3n presupuestaria y disciplina financiera<\/li> <li>Autoorganizaci\u00f3n y ayudas al aprendizaje<\/li> <li>Arte y cultura in situ<\/li>                                                        <\/div>\n                                                                                                            <\/div>\n                                                <\/div>\n                                            <\/div>\n                                        <\/div>\n                                    <\/div>\n                                <\/div>\n                            <\/div>\n                            \n                        <\/div>\n\n\n                                                \n                    <\/div>\n                            <\/div>\n        <\/div>\n<\/div><figure class=\"wp-block-media-text__media\"><img loading=\"lazy\" decoding=\"async\" width=\"1024\" height=\"768\" src=\"https:\/\/azubiwerk.de\/wp-content\/uploads\/2024\/02\/AnischtMuenzi4-1024x768.jpg\" alt=\"\" class=\"wp-image-1700 size-full\" srcset=\"https:\/\/azubiwerk.de\/wp-content\/uploads\/2024\/02\/AnischtMuenzi4-1024x768.jpg 1024w, https:\/\/azubiwerk.de\/wp-content\/uploads\/2024\/02\/AnischtMuenzi4-300x225.jpg 300w, https:\/\/azubiwerk.de\/wp-content\/uploads\/2024\/02\/AnischtMuenzi4-768x576.jpg 768w, https:\/\/azubiwerk.de\/wp-content\/uploads\/2024\/02\/AnischtMuenzi4-1536x1152.jpg 1536w, https:\/\/azubiwerk.de\/wp-content\/uploads\/2024\/02\/AnischtMuenzi4-16x12.jpg 16w, https:\/\/azubiwerk.de\/wp-content\/uploads\/2024\/02\/AnischtMuenzi4.jpg 2048w\" sizes=\"auto, (max-width: 1024px) 100vw, 1024px\" \/><\/figure><\/div>\n<\/div><\/div>\n\n\n\n<div class=\"wp-block-media-text is-stacked-on-mobile background-gradient1 has-nv-text-dark-bg-color has-neve-link-color-background-color has-text-color has-background has-link-color wp-elements-8d9ea13ded913a27f7479c13f2813944\" style=\"grid-template-columns:31% auto\"><figure class=\"wp-block-media-text__media\"><img loading=\"lazy\" decoding=\"async\" width=\"600\" height=\"600\" src=\"https:\/\/azubiwerk.de\/wp-content\/uploads\/2024\/02\/Lageplan.jpg\" alt=\"\" class=\"wp-image-1764 size-full\" srcset=\"https:\/\/azubiwerk.de\/wp-content\/uploads\/2024\/02\/Lageplan.jpg 600w, https:\/\/azubiwerk.de\/wp-content\/uploads\/2024\/02\/Lageplan-300x300.jpg 300w, https:\/\/azubiwerk.de\/wp-content\/uploads\/2024\/02\/Lageplan-150x150.jpg 150w, https:\/\/azubiwerk.de\/wp-content\/uploads\/2024\/02\/Lageplan-12x12.jpg 12w\" sizes=\"auto, (max-width: 600px) 100vw, 600px\" \/><\/figure><div class=\"wp-block-media-text__content\">\n<p class=\"has-nv-text-dark-bg-color has-text-color has-link-color has-medium-font-size wp-elements-5e41afe5da145c9adefb77a77e0c12f7\"><br>El Azubiwerk M\u00fcnzviertel est\u00e1 situado en Norderstra\u00dfe 67, cerca del centro de la estaci\u00f3n central de Hamburgo. <br><br>Se puede llegar a pie en 5-7 minutos.<br><br><strong>Equipo de recepci\u00f3n&nbsp;<\/strong><br><strong>(Para consultas generales)<\/strong><br>Tel\u00e9fono: 040 6077144-70<br>Correo electr\u00f3nico:&nbsp;<a href=\"mailto:empfang@azubiwerk.de\">empfang-muenzviertel@azubiwerk.de<\/a><\/p>\n<\/div><\/div>","protected":false},"excerpt":{"rendered":"<p>VIVIR EN EL M\u00dcNZVIERTEL Nuestra tercera residencia est\u00e1 situada en el coraz\u00f3n del M\u00fcnzviertel, en una zona c\u00e9ntrica, cerca de la estaci\u00f3n central de Hamburgo. El nuevo y atractivo edificio, con vistas a la ciudad, est\u00e1 situado en un barrio residencial que ofrece espacio para unos 209 becarios. Pero no s\u00f3lo los becarios encontrar\u00e1n aqu\u00ed un hogar; tambi\u00e9n el alojamiento que ofrecen los proveedores vecinos...&nbsp;<a href=\"https:\/\/azubiwerk.de\/es\/standorte\/muenzviertel\/\" rel=\"bookmark\">M\u00c1S<span class=\"screen-reader-text\">M\u00fcnzviertel<\/span><\/a><\/p>","protected":false},"author":1,"featured_media":0,"parent":11,"menu_order":0,"comment_status":"closed","ping_status":"closed","template":"","meta":{"neve_meta_sidebar":"","neve_meta_container":"","neve_meta_enable_content_width":"on","neve_meta_content_width":100,"neve_meta_title_alignment":"","neve_meta_author_avatar":"","neve_post_elements_order":"","neve_meta_disable_header":"","neve_meta_disable_footer":"","neve_meta_disable_title":"on","neve_meta_reading_time":"","footnotes":""},"class_list":["post-1195","page","type-page","status-publish","hentry"],"_links":{"self":[{"href":"https:\/\/azubiwerk.de\/es\/wp-json\/wp\/v2\/pages\/1195","targetHints":{"allow":["GET"]}}],"collection":[{"href":"https:\/\/azubiwerk.de\/es\/wp-json\/wp\/v2\/pages"}],"about":[{"href":"https:\/\/azubiwerk.de\/es\/wp-json\/wp\/v2\/types\/page"}],"author":[{"embeddable":true,"href":"https:\/\/azubiwerk.de\/es\/wp-json\/wp\/v2\/users\/1"}],"replies":[{"embeddable":true,"href":"https:\/\/azubiwerk.de\/es\/wp-json\/wp\/v2\/comments?post=1195"}],"version-history":[{"count":21,"href":"https:\/\/azubiwerk.de\/es\/wp-json\/wp\/v2\/pages\/1195\/revisions"}],"predecessor-version":[{"id":2407,"href":"https:\/\/azubiwerk.de\/es\/wp-json\/wp\/v2\/pages\/1195\/revisions\/2407"}],"up":[{"embeddable":true,"href":"https:\/\/azubiwerk.de\/es\/wp-json\/wp\/v2\/pages\/11"}],"wp:attachment":[{"href":"https:\/\/azubiwerk.de\/es\/wp-json\/wp\/v2\/media?parent=1195"}],"curies":[{"name":"wp","href":"https:\/\/api.w.org\/{rel}","templated":true}]}}